{"id":148,"date":"2022-07-01T17:21:36","date_gmt":"2022-07-01T14:21:36","guid":{"rendered":"https:\/\/dent.webcrix.com\/tema-11\/?page_id=148"},"modified":"2023-04-09T18:36:53","modified_gmt":"2023-04-09T15:36:53","slug":"hizmetlerimiz","status":"publish","type":"page","link":"https:\/\/dent.webcrix.com\/tema-11\/hizmetlerimiz\/","title":{"rendered":"Hizmetlerimiz"},"content":{"rendered":"\t\t<div data-elementor-type=\"wp-page\" data-elementor-id=\"148\" class=\"elementor elementor-148\">\n\t\t\t\t\t\t\t\t\t<section class=\"elementor-section elementor-top-section elementor-element elementor-element-8cac801 elementor-section-full_width elementor-section-height-default elementor-section-height-default\" data-id=\"8cac801\" data-element_type=\"section\" data-settings=\"{&quot;background_background&quot;:&quot;classic&quot;,&quot;background_motion_fx_motion_fx_scrolling&quot;:&quot;yes&quot;,&quot;background_motion_fx_translateY_effect&quot;:&quot;yes&quot;,&quot;background_motion_fx_translateY_speed&quot;:{&quot;unit&quot;:&quot;px&quot;,&quot;size&quot;:4,&quot;sizes&quot;:[]},&quot;background_motion_fx_translateY_affectedRange&quot;:{&quot;unit&quot;:&quot;%&quot;,&quot;size&quot;:&quot;&quot;,&quot;sizes&quot;:{&quot;start&quot;:0,&quot;end&quot;:100}},&quot;background_motion_fx_devices&quot;:[&quot;desktop&quot;,&quot;tablet&quot;,&quot;mobile&quot;]}\">\n\t\t\t\t\t\t\t<div class=\"elementor-background-overlay\"><\/div>\n\t\t\t\t\t\t\t<div class=\"elementor-container elementor-column-gap-no\">\n\t\t\t\t\t<div class=\"elementor-column elementor-col-100 elementor-top-column elementor-element elementor-element-6fc9449\" data-id=\"6fc9449\" data-element_type=\"column\">\n\t\t\t<div class=\"elementor-widget-wrap elementor-element-populated\">\n\t\t\t\t\t\t\t\t<section class=\"elementor-section elementor-inner-section elementor-element elementor-element-12bb9246 elementor-section-boxed elementor-section-height-default elementor-section-height-default\" data-id=\"12bb9246\" data-element_type=\"section\" data-settings=\"{&quot;background_background&quot;:&quot;classic&quot;}\">\n\t\t\t\t\t\t<div class=\"elementor-container elementor-column-gap-default\">\n\t\t\t\t\t<div class=\"elementor-column elementor-col-50 elementor-inner-column elementor-element elementor-element-2f7a2c4e\" data-id=\"2f7a2c4e\" data-element_type=\"column\">\n\t\t\t<div class=\"elementor-widget-wrap elementor-element-populated\">\n\t\t\t\t\t\t\t\t<div class=\"elementor-element elementor-element-7022698a elementor-widget__width-auto elementor-widget elementor-widget-heading\" data-id=\"7022698a\" data-element_type=\"widget\" data-widget_type=\"heading.default\">\n\t\t\t\t<div class=\"elementor-widget-container\">\n\t\t\t<style>\/*! elementor - v3.18.0 - 20-12-2023 *\/\n.elementor-heading-title{padding:0;margin:0;line-height:1}.elementor-widget-heading .elementor-heading-title[class*=elementor-size-]>a{color:inherit;font-size:inherit;line-height:inherit}.elementor-widget-heading .elementor-heading-title.elementor-size-small{font-size:15px}.elementor-widget-heading .elementor-heading-title.elementor-size-medium{font-size:19px}.elementor-widget-heading .elementor-heading-title.elementor-size-large{font-size:29px}.elementor-widget-heading .elementor-heading-title.elementor-size-xl{font-size:39px}.elementor-widget-heading .elementor-heading-title.elementor-size-xxl{font-size:59px}<\/style><span class=\"elementor-heading-title elementor-size-default\">Anasayfa<\/span>\t\t<\/div>\n\t\t\t\t<\/div>\n\t\t\t\t<div class=\"elementor-element elementor-element-3a59e6ee elementor-widget__width-auto elementor-view-default elementor-widget elementor-widget-icon\" data-id=\"3a59e6ee\" data-element_type=\"widget\" data-widget_type=\"icon.default\">\n\t\t\t\t<div class=\"elementor-widget-container\">\n\t\t\t\t\t<div class=\"elementor-icon-wrapper\">\n\t\t\t<div class=\"elementor-icon\">\n\t\t\t<i aria-hidden=\"true\" class=\"fas fa-angle-right\"><\/i>\t\t\t<\/div>\n\t\t<\/div>\n\t\t\t\t<\/div>\n\t\t\t\t<\/div>\n\t\t\t\t<div class=\"elementor-element elementor-element-457f1c86 elementor-widget__width-auto elementor-widget elementor-widget-heading\" data-id=\"457f1c86\" data-element_type=\"widget\" data-widget_type=\"heading.default\">\n\t\t\t\t<div class=\"elementor-widget-container\">\n\t\t\t<span class=\"elementor-heading-title elementor-size-default\">Hizmetlerimiz<\/span>\t\t<\/div>\n\t\t\t\t<\/div>\n\t\t\t\t<div class=\"elementor-element elementor-element-286a11f0 elementor-widget elementor-widget-spacer\" data-id=\"286a11f0\" data-element_type=\"widget\" data-widget_type=\"spacer.default\">\n\t\t\t\t<div class=\"elementor-widget-container\">\n\t\t\t<style>\/*! elementor - v3.18.0 - 20-12-2023 *\/\n.elementor-column .elementor-spacer-inner{height:var(--spacer-size)}.e-con{--container-widget-width:100%}.e-con-inner>.elementor-widget-spacer,.e-con>.elementor-widget-spacer{width:var(--container-widget-width,var(--spacer-size));--align-self:var(--container-widget-align-self,initial);--flex-shrink:0}.e-con-inner>.elementor-widget-spacer>.elementor-widget-container,.e-con>.elementor-widget-spacer>.elementor-widget-container{height:100%;width:100%}.e-con-inner>.elementor-widget-spacer>.elementor-widget-container>.elementor-spacer,.e-con>.elementor-widget-spacer>.elementor-widget-container>.elementor-spacer{height:100%}.e-con-inner>.elementor-widget-spacer>.elementor-widget-container>.elementor-spacer>.elementor-spacer-inner,.e-con>.elementor-widget-spacer>.elementor-widget-container>.elementor-spacer>.elementor-spacer-inner{height:var(--container-widget-height,var(--spacer-size))}.e-con-inner>.elementor-widget-spacer.elementor-widget-empty,.e-con>.elementor-widget-spacer.elementor-widget-empty{position:relative;min-height:22px;min-width:22px}.e-con-inner>.elementor-widget-spacer.elementor-widget-empty .elementor-widget-empty-icon,.e-con>.elementor-widget-spacer.elementor-widget-empty .elementor-widget-empty-icon{position:absolute;top:0;bottom:0;left:0;right:0;margin:auto;padding:0;width:22px;height:22px}<\/style>\t\t<div class=\"elementor-spacer\">\n\t\t\t<div class=\"elementor-spacer-inner\"><\/div>\n\t\t<\/div>\n\t\t\t\t<\/div>\n\t\t\t\t<\/div>\n\t\t\t\t<div class=\"elementor-element elementor-element-6b4911fc elementor-widget elementor-widget-heading\" data-id=\"6b4911fc\" data-element_type=\"widget\" data-widget_type=\"heading.default\">\n\t\t\t\t<div class=\"elementor-widget-container\">\n\t\t\t<h2 class=\"elementor-heading-title elementor-size-default\">Hizmetlerimiz<\/h2>\t\t<\/div>\n\t\t\t\t<\/div>\n\t\t\t\t<div class=\"elementor-element elementor-element-1a3003ae elementor-widget elementor-widget-spacer\" data-id=\"1a3003ae\" data-element_type=\"widget\" data-widget_type=\"spacer.default\">\n\t\t\t\t<div class=\"elementor-widget-container\">\n\t\t\t\t\t<div class=\"elementor-spacer\">\n\t\t\t<div class=\"elementor-spacer-inner\"><\/div>\n\t\t<\/div>\n\t\t\t\t<\/div>\n\t\t\t\t<\/div>\n\t\t\t\t<div class=\"elementor-element elementor-element-66ded105 elementor-widget elementor-widget-text-editor\" data-id=\"66ded105\" data-element_type=\"widget\" data-widget_type=\"text-editor.default\">\n\t\t\t\t<div class=\"elementor-widget-container\">\n\t\t\t<style>\/*! elementor - v3.18.0 - 20-12-2023 *\/\n.elementor-widget-text-editor.elementor-drop-cap-view-stacked .elementor-drop-cap{background-color:#69727d;color:#fff}.elementor-widget-text-editor.elementor-drop-cap-view-framed .elementor-drop-cap{color:#69727d;border:3px solid;background-color:transparent}.elementor-widget-text-editor:not(.elementor-drop-cap-view-default) .elementor-drop-cap{margin-top:8px}.elementor-widget-text-editor:not(.elementor-drop-cap-view-default) .elementor-drop-cap-letter{width:1em;height:1em}.elementor-widget-text-editor .elementor-drop-cap{float:left;text-align:center;line-height:1;font-size:50px}.elementor-widget-text-editor .elementor-drop-cap-letter{display:inline-block}<\/style>\t\t\t\t<p>Klini\u011fimizde sundu\u011fumuz t\u00fcm hizmetlerimizi<br \/>a\u015fa\u011f\u0131da bulabilirsiniz.<\/p>\t\t\t\t\t\t<\/div>\n\t\t\t\t<\/div>\n\t\t\t\t\t<\/div>\n\t\t<\/div>\n\t\t\t\t<div class=\"elementor-column elementor-col-50 elementor-inner-column elementor-element elementor-element-7cd0fc31 elementor-hidden-tablet elementor-hidden-phone\" data-id=\"7cd0fc31\" data-element_type=\"column\">\n\t\t\t<div class=\"elementor-widget-wrap\">\n\t\t\t\t\t\t\t\t\t<\/div>\n\t\t<\/div>\n\t\t\t\t\t\t\t<\/div>\n\t\t<\/section>\n\t\t\t\t\t<\/div>\n\t\t<\/div>\n\t\t\t\t\t\t\t<\/div>\n\t\t<\/section>\n\t\t\t\t<section class=\"elementor-section elementor-top-section elementor-element elementor-element-653570ae elementor-section-boxed elementor-section-height-default elementor-section-height-default\" data-id=\"653570ae\" data-element_type=\"section\">\n\t\t\t\t\t\t<div class=\"elementor-container elementor-column-gap-default\">\n\t\t\t\t\t<div class=\"elementor-column elementor-col-100 elementor-top-column elementor-element elementor-element-2fa0d9fe\" data-id=\"2fa0d9fe\" data-element_type=\"column\">\n\t\t\t<div class=\"elementor-widget-wrap elementor-element-populated\">\n\t\t\t\t\t\t\t\t<section class=\"elementor-section elementor-inner-section elementor-element elementor-element-5b897d6a elementor-section-boxed elementor-section-height-default elementor-section-height-default\" data-id=\"5b897d6a\" data-element_type=\"section\">\n\t\t\t\t\t\t<div class=\"elementor-container elementor-column-gap-no\">\n\t\t\t\t\t<div class=\"elementor-column elementor-col-33 elementor-inner-column elementor-element elementor-element-25692f40\" data-id=\"25692f40\" data-element_type=\"column\">\n\t\t\t<div class=\"elementor-widget-wrap elementor-element-populated\">\n\t\t\t\t\t\t\t\t<div class=\"elementor-element elementor-element-7087fcca elementor-widget elementor-widget-image\" data-id=\"7087fcca\" data-element_type=\"widget\" data-widget_type=\"image.default\">\n\t\t\t\t<div class=\"elementor-widget-container\">\n\t\t\t<style>\/*! elementor - v3.18.0 - 20-12-2023 *\/\n.elementor-widget-image{text-align:center}.elementor-widget-image a{display:inline-block}.elementor-widget-image a img[src$=\".svg\"]{width:48px}.elementor-widget-image img{vertical-align:middle;display:inline-block}<\/style>\t\t\t\t\t\t\t\t\t\t\t\t<img fetchpriority=\"high\" decoding=\"async\" width=\"800\" height=\"534\" src=\"https:\/\/dent.webcrix.com\/tema-11\/wp-content\/uploads\/sites\/12\/2022\/07\/dent33-dental-implant-1024x683.jpg\" class=\"attachment-large size-large wp-image-219\" alt=\"\" srcset=\"https:\/\/dent.webcrix.com\/tema-11\/wp-content\/uploads\/sites\/12\/2022\/07\/dent33-dental-implant-1024x683.jpg 1024w, https:\/\/dent.webcrix.com\/tema-11\/wp-content\/uploads\/sites\/12\/2022\/07\/dent33-dental-implant-300x200.jpg 300w, https:\/\/dent.webcrix.com\/tema-11\/wp-content\/uploads\/sites\/12\/2022\/07\/dent33-dental-implant-768x512.jpg 768w, https:\/\/dent.webcrix.com\/tema-11\/wp-content\/uploads\/sites\/12\/2022\/07\/dent33-dental-implant-1536x1024.jpg 1536w, https:\/\/dent.webcrix.com\/tema-11\/wp-content\/uploads\/sites\/12\/2022\/07\/dent33-dental-implant.jpg 1920w\" sizes=\"(max-width: 800px) 100vw, 800px\" \/>\t\t\t\t\t\t\t\t\t\t\t\t\t\t\t<\/div>\n\t\t\t\t<\/div>\n\t\t\t\t<div class=\"elementor-element elementor-element-456c1805 elementor-widget elementor-widget-heading\" data-id=\"456c1805\" data-element_type=\"widget\" data-widget_type=\"heading.default\">\n\t\t\t\t<div class=\"elementor-widget-container\">\n\t\t\t<h3 class=\"elementor-heading-title elementor-size-default\"><a href=\"https:\/\/dent.webcrix.com\/tema-11\/hizmet-detay\/\">Dental \u0130mplant<\/a><\/h3>\t\t<\/div>\n\t\t\t\t<\/div>\n\t\t\t\t\t<\/div>\n\t\t<\/div>\n\t\t\t\t<div class=\"elementor-column elementor-col-33 elementor-inner-column elementor-element elementor-element-685814a7\" data-id=\"685814a7\" data-element_type=\"column\">\n\t\t\t<div class=\"elementor-widget-wrap elementor-element-populated\">\n\t\t\t\t\t\t\t\t<div class=\"elementor-element elementor-element-3de1a5f0 elementor-widget elementor-widget-image\" data-id=\"3de1a5f0\" data-element_type=\"widget\" data-widget_type=\"image.default\">\n\t\t\t\t<div class=\"elementor-widget-container\">\n\t\t\t\t\t\t\t\t\t\t\t\t\t\t\t<img decoding=\"async\" width=\"800\" height=\"532\" src=\"https:\/\/dent.webcrix.com\/tema-11\/wp-content\/uploads\/sites\/12\/2022\/07\/WhatsApp-Image-2022-07-20-at-11.25.26-1024x681.jpeg\" class=\"attachment-large size-large wp-image-220\" alt=\"\" srcset=\"https:\/\/dent.webcrix.com\/tema-11\/wp-content\/uploads\/sites\/12\/2022\/07\/WhatsApp-Image-2022-07-20-at-11.25.26-1024x681.jpeg 1024w, https:\/\/dent.webcrix.com\/tema-11\/wp-content\/uploads\/sites\/12\/2022\/07\/WhatsApp-Image-2022-07-20-at-11.25.26-300x200.jpeg 300w, https:\/\/dent.webcrix.com\/tema-11\/wp-content\/uploads\/sites\/12\/2022\/07\/WhatsApp-Image-2022-07-20-at-11.25.26-768x511.jpeg 768w, https:\/\/dent.webcrix.com\/tema-11\/wp-content\/uploads\/sites\/12\/2022\/07\/WhatsApp-Image-2022-07-20-at-11.25.26-1536x1021.jpeg 1536w, https:\/\/dent.webcrix.com\/tema-11\/wp-content\/uploads\/sites\/12\/2022\/07\/WhatsApp-Image-2022-07-20-at-11.25.26.jpeg 1600w\" sizes=\"(max-width: 800px) 100vw, 800px\" \/>\t\t\t\t\t\t\t\t\t\t\t\t\t\t\t<\/div>\n\t\t\t\t<\/div>\n\t\t\t\t<div class=\"elementor-element elementor-element-4f22a685 elementor-widget elementor-widget-heading\" data-id=\"4f22a685\" data-element_type=\"widget\" data-widget_type=\"heading.default\">\n\t\t\t\t<div class=\"elementor-widget-container\">\n\t\t\t<h3 class=\"elementor-heading-title elementor-size-default\">Protez\n<\/h3>\t\t<\/div>\n\t\t\t\t<\/div>\n\t\t\t\t\t<\/div>\n\t\t<\/div>\n\t\t\t\t<div class=\"elementor-column elementor-col-33 elementor-inner-column elementor-element elementor-element-59a3a412\" data-id=\"59a3a412\" data-element_type=\"column\">\n\t\t\t<div class=\"elementor-widget-wrap elementor-element-populated\">\n\t\t\t\t\t\t\t\t<div class=\"elementor-element elementor-element-3d71d938 elementor-widget elementor-widget-image\" data-id=\"3d71d938\" data-element_type=\"widget\" data-widget_type=\"image.default\">\n\t\t\t\t<div class=\"elementor-widget-container\">\n\t\t\t\t\t\t\t\t\t\t\t\t\t\t\t<img decoding=\"async\" width=\"800\" height=\"534\" src=\"https:\/\/dent.webcrix.com\/tema-11\/wp-content\/uploads\/sites\/12\/2022\/07\/dent33-cocuk-dis-hekimligi-pedodonti-1024x684.jpg\" class=\"attachment-large size-large wp-image-224\" alt=\"\" srcset=\"https:\/\/dent.webcrix.com\/tema-11\/wp-content\/uploads\/sites\/12\/2022\/07\/dent33-cocuk-dis-hekimligi-pedodonti-1024x684.jpg 1024w, https:\/\/dent.webcrix.com\/tema-11\/wp-content\/uploads\/sites\/12\/2022\/07\/dent33-cocuk-dis-hekimligi-pedodonti-300x200.jpg 300w, https:\/\/dent.webcrix.com\/tema-11\/wp-content\/uploads\/sites\/12\/2022\/07\/dent33-cocuk-dis-hekimligi-pedodonti-768x513.jpg 768w, https:\/\/dent.webcrix.com\/tema-11\/wp-content\/uploads\/sites\/12\/2022\/07\/dent33-cocuk-dis-hekimligi-pedodonti-1536x1026.jpg 1536w, https:\/\/dent.webcrix.com\/tema-11\/wp-content\/uploads\/sites\/12\/2022\/07\/dent33-cocuk-dis-hekimligi-pedodonti.jpg 1920w\" sizes=\"(max-width: 800px) 100vw, 800px\" \/>\t\t\t\t\t\t\t\t\t\t\t\t\t\t\t<\/div>\n\t\t\t\t<\/div>\n\t\t\t\t<div class=\"elementor-element elementor-element-57483b5c elementor-widget elementor-widget-heading\" data-id=\"57483b5c\" data-element_type=\"widget\" data-widget_type=\"heading.default\">\n\t\t\t\t<div class=\"elementor-widget-container\">\n\t\t\t<h3 class=\"elementor-heading-title elementor-size-default\">\u00c7ocuk Di\u015f Hekimli\u011fi<\/h3>\t\t<\/div>\n\t\t\t\t<\/div>\n\t\t\t\t\t<\/div>\n\t\t<\/div>\n\t\t\t\t\t\t\t<\/div>\n\t\t<\/section>\n\t\t\t\t<section class=\"elementor-section elementor-inner-section elementor-element elementor-element-438f636e elementor-section-boxed elementor-section-height-default elementor-section-height-default\" data-id=\"438f636e\" data-element_type=\"section\">\n\t\t\t\t\t\t<div class=\"elementor-container elementor-column-gap-no\">\n\t\t\t\t\t<div class=\"elementor-column elementor-col-33 elementor-inner-column elementor-element elementor-element-49b79fa0\" data-id=\"49b79fa0\" data-element_type=\"column\">\n\t\t\t<div class=\"elementor-widget-wrap elementor-element-populated\">\n\t\t\t\t\t\t\t\t<div class=\"elementor-element elementor-element-6a49c7b5 elementor-widget elementor-widget-image\" data-id=\"6a49c7b5\" data-element_type=\"widget\" data-widget_type=\"image.default\">\n\t\t\t\t<div class=\"elementor-widget-container\">\n\t\t\t\t\t\t\t\t\t\t\t\t\t\t\t<img loading=\"lazy\" decoding=\"async\" width=\"800\" height=\"534\" src=\"https:\/\/dent.webcrix.com\/tema-11\/wp-content\/uploads\/sites\/12\/2022\/07\/dent33-zirkonyum-1024x683.jpg\" class=\"attachment-large size-large wp-image-227\" alt=\"\" srcset=\"https:\/\/dent.webcrix.com\/tema-11\/wp-content\/uploads\/sites\/12\/2022\/07\/dent33-zirkonyum-1024x683.jpg 1024w, https:\/\/dent.webcrix.com\/tema-11\/wp-content\/uploads\/sites\/12\/2022\/07\/dent33-zirkonyum-300x200.jpg 300w, https:\/\/dent.webcrix.com\/tema-11\/wp-content\/uploads\/sites\/12\/2022\/07\/dent33-zirkonyum-768x512.jpg 768w, https:\/\/dent.webcrix.com\/tema-11\/wp-content\/uploads\/sites\/12\/2022\/07\/dent33-zirkonyum-1536x1024.jpg 1536w, https:\/\/dent.webcrix.com\/tema-11\/wp-content\/uploads\/sites\/12\/2022\/07\/dent33-zirkonyum.jpg 1920w\" sizes=\"(max-width: 800px) 100vw, 800px\" \/>\t\t\t\t\t\t\t\t\t\t\t\t\t\t\t<\/div>\n\t\t\t\t<\/div>\n\t\t\t\t<div class=\"elementor-element elementor-element-16d764ba elementor-widget elementor-widget-heading\" data-id=\"16d764ba\" data-element_type=\"widget\" data-widget_type=\"heading.default\">\n\t\t\t\t<div class=\"elementor-widget-container\">\n\t\t\t<h3 class=\"elementor-heading-title elementor-size-default\">Zirkonyum<\/h3>\t\t<\/div>\n\t\t\t\t<\/div>\n\t\t\t\t\t<\/div>\n\t\t<\/div>\n\t\t\t\t<div class=\"elementor-column elementor-col-33 elementor-inner-column elementor-element elementor-element-34fa9c38\" data-id=\"34fa9c38\" data-element_type=\"column\">\n\t\t\t<div class=\"elementor-widget-wrap elementor-element-populated\">\n\t\t\t\t\t\t\t\t<div class=\"elementor-element elementor-element-330c07f3 elementor-widget elementor-widget-image\" data-id=\"330c07f3\" data-element_type=\"widget\" data-widget_type=\"image.default\">\n\t\t\t\t<div class=\"elementor-widget-container\">\n\t\t\t\t\t\t\t\t\t\t\t\t\t\t\t<img loading=\"lazy\" decoding=\"async\" width=\"800\" height=\"533\" src=\"https:\/\/dent.webcrix.com\/tema-11\/wp-content\/uploads\/sites\/12\/2022\/07\/WhatsApp-Image-2022-07-20-at-11.25.25-1024x682.jpeg\" class=\"attachment-large size-large wp-image-229\" alt=\"\" srcset=\"https:\/\/dent.webcrix.com\/tema-11\/wp-content\/uploads\/sites\/12\/2022\/07\/WhatsApp-Image-2022-07-20-at-11.25.25-1024x682.jpeg 1024w, https:\/\/dent.webcrix.com\/tema-11\/wp-content\/uploads\/sites\/12\/2022\/07\/WhatsApp-Image-2022-07-20-at-11.25.25-300x200.jpeg 300w, https:\/\/dent.webcrix.com\/tema-11\/wp-content\/uploads\/sites\/12\/2022\/07\/WhatsApp-Image-2022-07-20-at-11.25.25-768x512.jpeg 768w, https:\/\/dent.webcrix.com\/tema-11\/wp-content\/uploads\/sites\/12\/2022\/07\/WhatsApp-Image-2022-07-20-at-11.25.25-1536x1023.jpeg 1536w, https:\/\/dent.webcrix.com\/tema-11\/wp-content\/uploads\/sites\/12\/2022\/07\/WhatsApp-Image-2022-07-20-at-11.25.25.jpeg 1600w\" sizes=\"(max-width: 800px) 100vw, 800px\" \/>\t\t\t\t\t\t\t\t\t\t\t\t\t\t\t<\/div>\n\t\t\t\t<\/div>\n\t\t\t\t<div class=\"elementor-element elementor-element-58949424 elementor-widget elementor-widget-heading\" data-id=\"58949424\" data-element_type=\"widget\" data-widget_type=\"heading.default\">\n\t\t\t\t<div class=\"elementor-widget-container\">\n\t\t\t<h3 class=\"elementor-heading-title elementor-size-default\">A\u011f\u0131z,Di\u015f ve \u00c7ene Cerrahisi<\/h3>\t\t<\/div>\n\t\t\t\t<\/div>\n\t\t\t\t\t<\/div>\n\t\t<\/div>\n\t\t\t\t<div class=\"elementor-column elementor-col-33 elementor-inner-column elementor-element elementor-element-3648e8ae\" data-id=\"3648e8ae\" data-element_type=\"column\">\n\t\t\t<div class=\"elementor-widget-wrap elementor-element-populated\">\n\t\t\t\t\t\t\t\t<div class=\"elementor-element elementor-element-6f11bc32 elementor-widget elementor-widget-image\" data-id=\"6f11bc32\" data-element_type=\"widget\" data-widget_type=\"image.default\">\n\t\t\t\t<div class=\"elementor-widget-container\">\n\t\t\t\t\t\t\t\t\t\t\t\t\t\t\t<img loading=\"lazy\" decoding=\"async\" width=\"800\" height=\"533\" src=\"https:\/\/dent.webcrix.com\/tema-11\/wp-content\/uploads\/sites\/12\/2022\/07\/WhatsApp-Image-2022-07-20-at-11.25.25-1-1024x682.jpeg\" class=\"attachment-large size-large wp-image-228\" alt=\"\" srcset=\"https:\/\/dent.webcrix.com\/tema-11\/wp-content\/uploads\/sites\/12\/2022\/07\/WhatsApp-Image-2022-07-20-at-11.25.25-1-1024x682.jpeg 1024w, https:\/\/dent.webcrix.com\/tema-11\/wp-content\/uploads\/sites\/12\/2022\/07\/WhatsApp-Image-2022-07-20-at-11.25.25-1-300x200.jpeg 300w, https:\/\/dent.webcrix.com\/tema-11\/wp-content\/uploads\/sites\/12\/2022\/07\/WhatsApp-Image-2022-07-20-at-11.25.25-1-768x512.jpeg 768w, https:\/\/dent.webcrix.com\/tema-11\/wp-content\/uploads\/sites\/12\/2022\/07\/WhatsApp-Image-2022-07-20-at-11.25.25-1-1536x1023.jpeg 1536w, https:\/\/dent.webcrix.com\/tema-11\/wp-content\/uploads\/sites\/12\/2022\/07\/WhatsApp-Image-2022-07-20-at-11.25.25-1.jpeg 1600w\" sizes=\"(max-width: 800px) 100vw, 800px\" \/>\t\t\t\t\t\t\t\t\t\t\t\t\t\t\t<\/div>\n\t\t\t\t<\/div>\n\t\t\t\t<div class=\"elementor-element elementor-element-1bf3629e elementor-widget elementor-widget-heading\" data-id=\"1bf3629e\" data-element_type=\"widget\" data-widget_type=\"heading.default\">\n\t\t\t\t<div class=\"elementor-widget-container\">\n\t\t\t<h3 class=\"elementor-heading-title elementor-size-default\">Di\u015f Beyazlatma<\/h3>\t\t<\/div>\n\t\t\t\t<\/div>\n\t\t\t\t\t<\/div>\n\t\t<\/div>\n\t\t\t\t\t\t\t<\/div>\n\t\t<\/section>\n\t\t\t\t\t<\/div>\n\t\t<\/div>\n\t\t\t\t\t\t\t<\/div>\n\t\t<\/section>\n\t\t\t\t<section class=\"elementor-section elementor-top-section elementor-element elementor-element-6015ec19 elementor-section-height-min-height elementor-section-boxed elementor-section-height-default elementor-section-items-middle\" data-id=\"6015ec19\" data-element_type=\"section\">\n\t\t\t\t\t\t<div class=\"elementor-container elementor-column-gap-default\">\n\t\t\t\t\t<div class=\"elementor-column elementor-col-100 elementor-top-column elementor-element elementor-element-463298d\" data-id=\"463298d\" data-element_type=\"column\">\n\t\t\t<div class=\"elementor-widget-wrap\">\n\t\t\t\t\t\t\t\t\t<\/div>\n\t\t<\/div>\n\t\t\t\t\t\t\t<\/div>\n\t\t<\/section>\n\t\t\t\t\t\t\t<\/div>\n\t\t","protected":false},"excerpt":{"rendered":"<p>Anasayfa Hizmetlerimiz Hizmetlerimiz Klini\u011fimizde sundu\u011fumuz t\u00fcm hizmetlerimizia\u015fa\u011f\u0131da bulabilirsiniz. Dental \u0130mplant Protez \u00c7ocuk Di\u015f Hekimli\u011fi Zirkonyum A\u011f\u0131z,Di\u015f ve \u00c7ene Cerrahisi Di\u015f Beyazlatma<\/p>\n","protected":false},"author":2,"featured_media":0,"parent":0,"menu_order":0,"comment_status":"closed","ping_status":"closed","template":"elementor_header_footer","meta":{"footnotes":""},"class_list":["post-148","page","type-page","status-publish","hentry"],"_links":{"self":[{"href":"https:\/\/dent.webcrix.com\/tema-11\/wp-json\/wp\/v2\/pages\/148","targetHints":{"allow":["GET"]}}],"collection":[{"href":"https:\/\/dent.webcrix.com\/tema-11\/wp-json\/wp\/v2\/pages"}],"about":[{"href":"https:\/\/dent.webcrix.com\/tema-11\/wp-json\/wp\/v2\/types\/page"}],"author":[{"embeddable":true,"href":"https:\/\/dent.webcrix.com\/tema-11\/wp-json\/wp\/v2\/users\/2"}],"replies":[{"embeddable":true,"href":"https:\/\/dent.webcrix.com\/tema-11\/wp-json\/wp\/v2\/comments?post=148"}],"version-history":[{"count":16,"href":"https:\/\/dent.webcrix.com\/tema-11\/wp-json\/wp\/v2\/pages\/148\/revisions"}],"predecessor-version":[{"id":370,"href":"https:\/\/dent.webcrix.com\/tema-11\/wp-json\/wp\/v2\/pages\/148\/revisions\/370"}],"wp:attachment":[{"href":"https:\/\/dent.webcrix.com\/tema-11\/wp-json\/wp\/v2\/media?parent=148"}],"curies":[{"name":"wp","href":"https:\/\/api.w.org\/{rel}","templated":true}]}}