{"id":158,"date":"2022-07-01T17:22:41","date_gmt":"2022-07-01T14:22:41","guid":{"rendered":"https:\/\/dent.webcrix.com\/tema-11\/?page_id=158"},"modified":"2022-07-21T11:30:06","modified_gmt":"2022-07-21T08:30:06","slug":"hizmet-detay","status":"publish","type":"page","link":"https:\/\/dent.webcrix.com\/tema-11\/hizmet-detay\/","title":{"rendered":"Hizmet Detay"},"content":{"rendered":"\t\t<div data-elementor-type=\"wp-page\" data-elementor-id=\"158\" class=\"elementor elementor-158\">\n\t\t\t\t\t\t\t\t\t<section class=\"elementor-section elementor-top-section elementor-element elementor-element-116dd63a elementor-section-full_width elementor-section-height-default elementor-section-height-default\" data-id=\"116dd63a\" data-element_type=\"section\" data-settings=\"{&quot;background_background&quot;:&quot;classic&quot;}\">\n\t\t\t\t\t\t\t<div class=\"elementor-background-overlay\"><\/div>\n\t\t\t\t\t\t\t<div class=\"elementor-container elementor-column-gap-default\">\n\t\t\t\t\t<div class=\"elementor-column elementor-col-100 elementor-top-column elementor-element elementor-element-fd06eae\" data-id=\"fd06eae\" data-element_type=\"column\" data-settings=\"{&quot;background_background&quot;:&quot;classic&quot;}\">\n\t\t\t<div class=\"elementor-widget-wrap elementor-element-populated\">\n\t\t\t\t\t\t\t\t<div class=\"elementor-element elementor-element-69073e0 elementor-widget elementor-widget-heading\" data-id=\"69073e0\" data-element_type=\"widget\" data-widget_type=\"heading.default\">\n\t\t\t\t<div class=\"elementor-widget-container\">\n\t\t\t<style>\/*! elementor - v3.18.0 - 20-12-2023 *\/\n.elementor-heading-title{padding:0;margin:0;line-height:1}.elementor-widget-heading .elementor-heading-title[class*=elementor-size-]>a{color:inherit;font-size:inherit;line-height:inherit}.elementor-widget-heading .elementor-heading-title.elementor-size-small{font-size:15px}.elementor-widget-heading .elementor-heading-title.elementor-size-medium{font-size:19px}.elementor-widget-heading .elementor-heading-title.elementor-size-large{font-size:29px}.elementor-widget-heading .elementor-heading-title.elementor-size-xl{font-size:39px}.elementor-widget-heading .elementor-heading-title.elementor-size-xxl{font-size:59px}<\/style><h1 class=\"elementor-heading-title elementor-size-default\">Dental \u0130mplant<\/h1>\t\t<\/div>\n\t\t\t\t<\/div>\n\t\t\t\t<div class=\"elementor-element elementor-element-b0b11e0 elementor-widget elementor-widget-menu-anchor\" data-id=\"b0b11e0\" data-element_type=\"widget\" data-widget_type=\"menu-anchor.default\">\n\t\t\t\t<div class=\"elementor-widget-container\">\n\t\t\t<style>\/*! elementor - v3.18.0 - 20-12-2023 *\/\nbody.elementor-page .elementor-widget-menu-anchor{margin-bottom:0}<\/style>\t\t<div class=\"elementor-menu-anchor\"><\/div>\n\t\t\t\t<\/div>\n\t\t\t\t<\/div>\n\t\t\t\t\t<\/div>\n\t\t<\/div>\n\t\t\t\t\t\t\t<\/div>\n\t\t<\/section>\n\t\t\t\t<section class=\"elementor-section elementor-top-section elementor-element elementor-element-36c3012a elementor-section-boxed elementor-section-height-default elementor-section-height-default\" data-id=\"36c3012a\" data-element_type=\"section\" data-settings=\"{&quot;background_background&quot;:&quot;classic&quot;}\">\n\t\t\t\t\t\t<div class=\"elementor-container elementor-column-gap-default\">\n\t\t\t\t\t<div class=\"elementor-column elementor-col-50 elementor-top-column elementor-element elementor-element-55f94304\" data-id=\"55f94304\" data-element_type=\"column\">\n\t\t\t<div class=\"elementor-widget-wrap elementor-element-populated\">\n\t\t\t\t\t\t\t\t<div class=\"elementor-element elementor-element-6b7cf57d elementor-hidden-desktop elementor-widget elementor-widget-image\" data-id=\"6b7cf57d\" data-element_type=\"widget\" data-widget_type=\"image.default\">\n\t\t\t\t<div class=\"elementor-widget-container\">\n\t\t\t<style>\/*! elementor - v3.18.0 - 20-12-2023 *\/\n.elementor-widget-image{text-align:center}.elementor-widget-image a{display:inline-block}.elementor-widget-image a img[src$=\".svg\"]{width:48px}.elementor-widget-image img{vertical-align:middle;display:inline-block}<\/style>\t\t\t\t\t\t\t\t\t\t\t\t<img fetchpriority=\"high\" decoding=\"async\" width=\"800\" height=\"532\" src=\"https:\/\/dent.webcrix.com\/tema-11\/wp-content\/uploads\/sites\/12\/2022\/07\/WhatsApp-Image-2022-07-20-at-11.25.26-1024x681.jpeg\" class=\"attachment-large size-large wp-image-220\" alt=\"\" srcset=\"https:\/\/dent.webcrix.com\/tema-11\/wp-content\/uploads\/sites\/12\/2022\/07\/WhatsApp-Image-2022-07-20-at-11.25.26-1024x681.jpeg 1024w, https:\/\/dent.webcrix.com\/tema-11\/wp-content\/uploads\/sites\/12\/2022\/07\/WhatsApp-Image-2022-07-20-at-11.25.26-300x200.jpeg 300w, https:\/\/dent.webcrix.com\/tema-11\/wp-content\/uploads\/sites\/12\/2022\/07\/WhatsApp-Image-2022-07-20-at-11.25.26-768x511.jpeg 768w, https:\/\/dent.webcrix.com\/tema-11\/wp-content\/uploads\/sites\/12\/2022\/07\/WhatsApp-Image-2022-07-20-at-11.25.26-1536x1021.jpeg 1536w, https:\/\/dent.webcrix.com\/tema-11\/wp-content\/uploads\/sites\/12\/2022\/07\/WhatsApp-Image-2022-07-20-at-11.25.26.jpeg 1600w\" sizes=\"(max-width: 800px) 100vw, 800px\" \/>\t\t\t\t\t\t\t\t\t\t\t\t\t\t\t<\/div>\n\t\t\t\t<\/div>\n\t\t\t\t<div class=\"elementor-element elementor-element-36b6fbaa elementor-widget elementor-widget-image\" data-id=\"36b6fbaa\" data-element_type=\"widget\" data-widget_type=\"image.default\">\n\t\t\t\t<div class=\"elementor-widget-container\">\n\t\t\t\t\t\t\t\t\t\t\t\t\t\t\t<img decoding=\"async\" width=\"1920\" height=\"1280\" src=\"https:\/\/dent.webcrix.com\/tema-11\/wp-content\/uploads\/sites\/12\/2022\/07\/dent33-dental-implant.jpg\" class=\"attachment-full size-full wp-image-219\" alt=\"\" srcset=\"https:\/\/dent.webcrix.com\/tema-11\/wp-content\/uploads\/sites\/12\/2022\/07\/dent33-dental-implant.jpg 1920w, https:\/\/dent.webcrix.com\/tema-11\/wp-content\/uploads\/sites\/12\/2022\/07\/dent33-dental-implant-300x200.jpg 300w, https:\/\/dent.webcrix.com\/tema-11\/wp-content\/uploads\/sites\/12\/2022\/07\/dent33-dental-implant-1024x683.jpg 1024w, https:\/\/dent.webcrix.com\/tema-11\/wp-content\/uploads\/sites\/12\/2022\/07\/dent33-dental-implant-768x512.jpg 768w, https:\/\/dent.webcrix.com\/tema-11\/wp-content\/uploads\/sites\/12\/2022\/07\/dent33-dental-implant-1536x1024.jpg 1536w\" sizes=\"(max-width: 1920px) 100vw, 1920px\" \/>\t\t\t\t\t\t\t\t\t\t\t\t\t\t\t<\/div>\n\t\t\t\t<\/div>\n\t\t\t\t\t<\/div>\n\t\t<\/div>\n\t\t\t\t<div class=\"elementor-column elementor-col-50 elementor-top-column elementor-element elementor-element-2b1384ca\" data-id=\"2b1384ca\" data-element_type=\"column\">\n\t\t\t<div class=\"elementor-widget-wrap elementor-element-populated\">\n\t\t\t\t\t\t\t\t<div class=\"elementor-element elementor-element-3c8930e2 elementor-widget elementor-widget-text-editor\" data-id=\"3c8930e2\" data-element_type=\"widget\" data-widget_type=\"text-editor.default\">\n\t\t\t\t<div class=\"elementor-widget-container\">\n\t\t\t<style>\/*! elementor - v3.18.0 - 20-12-2023 *\/\n.elementor-widget-text-editor.elementor-drop-cap-view-stacked .elementor-drop-cap{background-color:#69727d;color:#fff}.elementor-widget-text-editor.elementor-drop-cap-view-framed .elementor-drop-cap{color:#69727d;border:3px solid;background-color:transparent}.elementor-widget-text-editor:not(.elementor-drop-cap-view-default) .elementor-drop-cap{margin-top:8px}.elementor-widget-text-editor:not(.elementor-drop-cap-view-default) .elementor-drop-cap-letter{width:1em;height:1em}.elementor-widget-text-editor .elementor-drop-cap{float:left;text-align:center;line-height:1;font-size:50px}.elementor-widget-text-editor .elementor-drop-cap-letter{display:inline-block}<\/style>\t\t\t\t<div class=\"elementor-element elementor-element-520339d3 elementor-widget elementor-widget-heading\" data-id=\"520339d3\" data-element_type=\"widget\" data-widget_type=\"heading.default\"><div class=\"elementor-widget-container\"><h3 class=\"elementor-heading-title elementor-size-default\">\u0130mplant<\/h3><\/div><\/div><div class=\"elementor-element elementor-element-384295c9 elementor-widget elementor-widget-text-editor\" data-id=\"384295c9\" data-element_type=\"widget\" data-widget_type=\"text-editor.default\"><div class=\"elementor-widget-container\"><p><strong>\u0130mplant<\/strong>\u00a0hem di\u015f tedavilerinde kullan\u0131lan \u00e7e\u015fitli par\u00e7alar\u0131n genel ad\u0131d\u0131r hem de bir tedavi y\u00f6ntemidir. En temelde di\u015f etlerinin alt\u0131nda yer alan \u00e7ene kemi\u011fine cerrahi operasyonla yerle\u015ftirilen plak, \u00e7ivi ve vidalara verilen add\u0131r. Bunlar titanyumdan imal edilir ve insan v\u00fccuduna herhangi bir yan etkisi yoktur. Bu sayede yerle\u015ftirildikten sonra ki\u015finin do\u011fal di\u015flerinin fonksiyonunu \u00fcstlenir. G\u00fcn\u00fcm\u00fcz \u015fartlar\u0131nda do\u011fal di\u015flere en iyi alternatif olarak kabul edilmektedir.<\/p><p><strong>\u0130mplant di\u015f<\/strong>\u00a0asl\u0131nda teknolojinin bir sonucudur. Sa\u011fl\u0131k sekt\u00f6r\u00fcn\u00fcn tamam\u0131nda oldu\u011fu gibi di\u015f sa\u011fl\u0131\u011f\u0131nda da teknoloji her ge\u00e7en g\u00fcn geli\u015fmeye devam etmektedir. Kimi zaman ya\u015fa ba\u011fl\u0131 kimi zaman \u00e7e\u015fitli sa\u011fl\u0131k sorunlar\u0131 kimi zamansa \u00e7evresel etkenlerle di\u015f kay\u0131plar\u0131 en s\u0131k kar\u015f\u0131la\u015f\u0131lan sorunlardan birisidir. Di\u015f kayb\u0131 ise hangi ya\u015fta olursa olsun ki\u015finin ya\u015fam kalitesini do\u011frudan etkiler. Teknolojik olarak da her zaman kaybolan di\u015fler yerine do\u011fal\u0131na en yak\u0131n\u0131n\u0131 bulma aray\u0131\u015f\u0131 olmu\u015ftur. Tam da bu noktada geleneksel k\u00f6pr\u00fc ve protezlere k\u0131yasla implantlar hem konu\u015fma hem de \u00e7i\u011fneme fonksiyonunu daha iyi yerine getirmektedirler.<\/p><div class=\"elementor-element elementor-element-429ced65 elementor-widget elementor-widget-heading\" data-id=\"429ced65\" data-element_type=\"widget\" data-widget_type=\"heading.default\"><div class=\"elementor-widget-container\"><h3 class=\"elementor-heading-title elementor-size-default\">\u0130mplant Di\u015f Tedavilerinin Avantajlar\u0131<\/h3><\/div><\/div><div class=\"elementor-element elementor-element-6d04a9e9 elementor-widget elementor-widget-text-editor\" data-id=\"6d04a9e9\" data-element_type=\"widget\" data-widget_type=\"text-editor.default\"><div class=\"elementor-widget-container\"><p><strong>\u0130mplant di\u015f<\/strong>\u00a0tedavilerinde pek \u00e7ok avantaj\u0131 bir arada sunar. Bunlardan baz\u0131lar\u0131n\u0131 \u015f\u00f6yle s\u0131ralayabiliriz:<\/p><ul><li>Uygulama yap\u0131l\u0131rken sa\u011fl\u0131kl\u0131 di\u015flere herhangi bir zarar verilmez.<\/li><li>Protez di\u015flere nazaran daha uzun \u00f6m\u00fcrl\u00fc sonu\u00e7lar verir.<\/li><li>\u00c7ene kemi\u011fine kaynar. Bu sayede yapay di\u015fler i\u00e7in sabit destek \u00f6zelli\u011fi g\u00f6sterir.<\/li><li>\u0130mplantlara uygulanan protezlerin ve k\u00f6pr\u00fclerin a\u011f\u0131zda hareket etmesi s\u00f6z konusu de\u011fildir. Bu sayede tedavi sonras\u0131 konu\u015fma problemleri ya da \u00e7i\u011fneme problemleri olu\u015fmamaktad\u0131r.<\/li><\/ul><p>\u0130mplant tedavisinde di\u015fe g\u00f6re uygulama yap\u0131l\u0131r. Yani kaybedilen bir di\u015fin yerine yerle\u015ftirilir. B\u00f6ylece sa\u011flam di\u015flere k\u00f6pr\u00fc yap\u0131lmas\u0131 ve k\u00f6pr\u00fcyle sa\u011flam di\u015flerin kaybedilmesi \u00f6nlenir.<\/p><\/div><\/div><\/div><\/div>\t\t\t\t\t\t<\/div>\n\t\t\t\t<\/div>\n\t\t\t\t\t<\/div>\n\t\t<\/div>\n\t\t\t\t\t\t\t<\/div>\n\t\t<\/section>\n\t\t\t\t\t\t\t<\/div>\n\t\t","protected":false},"excerpt":{"rendered":"<p>Dental \u0130mplant \u0130mplant \u0130mplant\u00a0hem di\u015f tedavilerinde kullan\u0131lan \u00e7e\u015fitli par\u00e7alar\u0131n genel ad\u0131d\u0131r hem de bir tedavi y\u00f6ntemidir. En temelde di\u015f etlerinin alt\u0131nda yer alan \u00e7ene kemi\u011fine cerrahi operasyonla yerle\u015ftirilen plak, \u00e7ivi ve vidalara verilen add\u0131r. Bunlar titanyumdan imal edilir ve insan v\u00fccuduna herhangi bir yan etkisi yoktur. Bu sayede yerle\u015ftirildikten sonra ki\u015finin do\u011fal di\u015flerinin fonksiyonunu \u00fcstlenir. [&hellip;]<\/p>\n","protected":false},"author":2,"featured_media":0,"parent":0,"menu_order":0,"comment_status":"closed","ping_status":"closed","template":"elementor_header_footer","meta":{"footnotes":""},"class_list":["post-158","page","type-page","status-publish","hentry"],"_links":{"self":[{"href":"https:\/\/dent.webcrix.com\/tema-11\/wp-json\/wp\/v2\/pages\/158","targetHints":{"allow":["GET"]}}],"collection":[{"href":"https:\/\/dent.webcrix.com\/tema-11\/wp-json\/wp\/v2\/pages"}],"about":[{"href":"https:\/\/dent.webcrix.com\/tema-11\/wp-json\/wp\/v2\/types\/page"}],"author":[{"embeddable":true,"href":"https:\/\/dent.webcrix.com\/tema-11\/wp-json\/wp\/v2\/users\/2"}],"replies":[{"embeddable":true,"href":"https:\/\/dent.webcrix.com\/tema-11\/wp-json\/wp\/v2\/comments?post=158"}],"version-history":[{"count":13,"href":"https:\/\/dent.webcrix.com\/tema-11\/wp-json\/wp\/v2\/pages\/158\/revisions"}],"predecessor-version":[{"id":239,"href":"https:\/\/dent.webcrix.com\/tema-11\/wp-json\/wp\/v2\/pages\/158\/revisions\/239"}],"wp:attachment":[{"href":"https:\/\/dent.webcrix.com\/tema-11\/wp-json\/wp\/v2\/media?parent=158"}],"curies":[{"name":"wp","href":"https:\/\/api.w.org\/{rel}","templated":true}]}}