{"id":134,"date":"2022-07-04T10:44:32","date_gmt":"2022-07-04T07:44:32","guid":{"rendered":"https:\/\/dent.webcrix.com\/tema-12\/?page_id=134"},"modified":"2023-04-08T17:21:42","modified_gmt":"2023-04-08T14:21:42","slug":"hizmetler","status":"publish","type":"page","link":"https:\/\/dent.webcrix.com\/tema-12\/hizmetler\/","title":{"rendered":"Hizmetler"},"content":{"rendered":"\t\t<div data-elementor-type=\"wp-page\" data-elementor-id=\"134\" class=\"elementor elementor-134\">\n\t\t\t\t\t\t\t\t\t<section class=\"elementor-section elementor-top-section elementor-element elementor-element-5b86a673 elementor-section-boxed elementor-section-height-default elementor-section-height-default\" data-id=\"5b86a673\" data-element_type=\"section\" data-settings=\"{&quot;background_background&quot;:&quot;classic&quot;}\">\n\t\t\t\t\t\t<div class=\"elementor-container elementor-column-gap-default\">\n\t\t\t\t\t<div class=\"elementor-column elementor-col-100 elementor-top-column elementor-element elementor-element-f5b9c25\" data-id=\"f5b9c25\" data-element_type=\"column\">\n\t\t\t<div class=\"elementor-widget-wrap elementor-element-populated\">\n\t\t\t\t\t\t\t\t<div class=\"elementor-element elementor-element-772a58f6 elementor-invisible elementor-widget elementor-widget-heading\" data-id=\"772a58f6\" data-element_type=\"widget\" data-settings=\"{&quot;_animation&quot;:&quot;fadeInUp&quot;}\" data-widget_type=\"heading.default\">\n\t\t\t\t<div class=\"elementor-widget-container\">\n\t\t\t<style>\/*! elementor - v3.18.0 - 20-12-2023 *\/\n.elementor-heading-title{padding:0;margin:0;line-height:1}.elementor-widget-heading .elementor-heading-title[class*=elementor-size-]>a{color:inherit;font-size:inherit;line-height:inherit}.elementor-widget-heading .elementor-heading-title.elementor-size-small{font-size:15px}.elementor-widget-heading .elementor-heading-title.elementor-size-medium{font-size:19px}.elementor-widget-heading .elementor-heading-title.elementor-size-large{font-size:29px}.elementor-widget-heading .elementor-heading-title.elementor-size-xl{font-size:39px}.elementor-widget-heading .elementor-heading-title.elementor-size-xxl{font-size:59px}<\/style><h1 class=\"elementor-heading-title elementor-size-default\">Hizmetler<\/h1>\t\t<\/div>\n\t\t\t\t<\/div>\n\t\t\t\t<div class=\"elementor-element elementor-element-1d42b502 elementor-invisible elementor-widget elementor-widget-heading\" data-id=\"1d42b502\" data-element_type=\"widget\" data-settings=\"{&quot;_animation&quot;:&quot;fadeInDown&quot;}\" data-widget_type=\"heading.default\">\n\t\t\t\t<div class=\"elementor-widget-container\">\n\t\t\t<h4 class=\"elementor-heading-title elementor-size-default\">G\u00fczel g\u00fcl\u00fcmsemeli, mutlu bir y\u00fcz<\/h4>\t\t<\/div>\n\t\t\t\t<\/div>\n\t\t\t\t\t<\/div>\n\t\t<\/div>\n\t\t\t\t\t\t\t<\/div>\n\t\t<\/section>\n\t\t\t\t<section class=\"elementor-section elementor-top-section elementor-element elementor-element-263b06ef elementor-section-boxed elementor-section-height-default elementor-section-height-default\" data-id=\"263b06ef\" data-element_type=\"section\" data-settings=\"{&quot;background_background&quot;:&quot;classic&quot;}\">\n\t\t\t\t\t\t\t<div class=\"elementor-background-overlay\"><\/div>\n\t\t\t\t\t\t\t<div class=\"elementor-container elementor-column-gap-default\">\n\t\t\t\t\t<div class=\"elementor-column elementor-col-100 elementor-top-column elementor-element elementor-element-503f1050\" data-id=\"503f1050\" data-element_type=\"column\">\n\t\t\t<div class=\"elementor-widget-wrap elementor-element-populated\">\n\t\t\t\t\t\t\t\t<section class=\"elementor-section elementor-inner-section elementor-element elementor-element-45c6bd3f elementor-section-boxed elementor-section-height-default elementor-section-height-default\" data-id=\"45c6bd3f\" data-element_type=\"section\">\n\t\t\t\t\t\t<div class=\"elementor-container elementor-column-gap-default\">\n\t\t\t\t\t<div class=\"elementor-column elementor-col-100 elementor-inner-column elementor-element elementor-element-652c1b54 elementor-invisible\" data-id=\"652c1b54\" data-element_type=\"column\" data-settings=\"{&quot;animation&quot;:&quot;fadeInUp&quot;}\">\n\t\t\t<div class=\"elementor-widget-wrap elementor-element-populated\">\n\t\t\t\t\t\t\t\t<div class=\"elementor-element elementor-element-5956f072 elementor-widget elementor-widget-heading\" data-id=\"5956f072\" data-element_type=\"widget\" data-widget_type=\"heading.default\">\n\t\t\t\t<div class=\"elementor-widget-container\">\n\t\t\t<h6 class=\"elementor-heading-title elementor-size-default\">Hizmetlerimiz<\/h6>\t\t<\/div>\n\t\t\t\t<\/div>\n\t\t\t\t<div class=\"elementor-element elementor-element-4af1dda0 elementor-widget elementor-widget-heading\" data-id=\"4af1dda0\" data-element_type=\"widget\" data-widget_type=\"heading.default\">\n\t\t\t\t<div class=\"elementor-widget-container\">\n\t\t\t<h2 class=\"elementor-heading-title elementor-size-default\">Ki\u015fiselle\u015ftirilmi\u015f ve rahat bir di\u015f bak\u0131m\u0131<\/h2>\t\t<\/div>\n\t\t\t\t<\/div>\n\t\t\t\t\t<\/div>\n\t\t<\/div>\n\t\t\t\t\t\t\t<\/div>\n\t\t<\/section>\n\t\t\t\t<section class=\"elementor-section elementor-inner-section elementor-element elementor-element-5a43c7bd elementor-section-boxed elementor-section-height-default elementor-section-height-default\" data-id=\"5a43c7bd\" data-element_type=\"section\">\n\t\t\t\t\t\t<div class=\"elementor-container elementor-column-gap-default\">\n\t\t\t\t\t<div class=\"elementor-column elementor-col-33 elementor-inner-column elementor-element elementor-element-229ff0c8 elementor-invisible\" data-id=\"229ff0c8\" data-element_type=\"column\" data-settings=\"{&quot;animation&quot;:&quot;fadeInLeft&quot;}\">\n\t\t\t<div class=\"elementor-widget-wrap elementor-element-populated\">\n\t\t\t\t\t\t\t\t<div class=\"elementor-element elementor-element-61e38715 ekit-equal-height-enable elementor-widget elementor-widget-elementskit-icon-box\" data-id=\"61e38715\" data-element_type=\"widget\" data-widget_type=\"elementskit-icon-box.default\">\n\t\t\t\t<div class=\"elementor-widget-container\">\n\t\t\t<div class=\"ekit-wid-con\" >        <!-- link opening -->\n                <!-- end link opening -->\n\n        <div class=\"elementskit-infobox text- text- icon-lef-right-aligin elementor-animation-   \">\n                            <div class=\"elementskit-box-header\">\n                <div class=\"elementskit-info-box-icon text-center\">\n                    <img fetchpriority=\"high\" decoding=\"async\" width=\"1080\" height=\"721\" src=\"https:\/\/dent.webcrix.com\/tema-12\/wp-content\/uploads\/sites\/13\/2022\/07\/female-dentist-specialist-giving-dental-treatment-to-a-male-client-of-a-modern-dentistry-.jpg\" class=\"attachment- size-\" alt=\"\" srcset=\"https:\/\/dent.webcrix.com\/tema-12\/wp-content\/uploads\/sites\/13\/2022\/07\/female-dentist-specialist-giving-dental-treatment-to-a-male-client-of-a-modern-dentistry-.jpg 1080w, https:\/\/dent.webcrix.com\/tema-12\/wp-content\/uploads\/sites\/13\/2022\/07\/female-dentist-specialist-giving-dental-treatment-to-a-male-client-of-a-modern-dentistry--300x200.jpg 300w, https:\/\/dent.webcrix.com\/tema-12\/wp-content\/uploads\/sites\/13\/2022\/07\/female-dentist-specialist-giving-dental-treatment-to-a-male-client-of-a-modern-dentistry--1024x684.jpg 1024w, https:\/\/dent.webcrix.com\/tema-12\/wp-content\/uploads\/sites\/13\/2022\/07\/female-dentist-specialist-giving-dental-treatment-to-a-male-client-of-a-modern-dentistry--768x513.jpg 768w\" sizes=\"(max-width: 1080px) 100vw, 1080px\" \/>                <\/div>\n          <\/div>\n                <div class=\"box-body\">\n                            <h3 class=\"elementskit-info-box-title\">\n                    A\u011f\u0131z Di\u015f ve \u00c7ene Cerrahisi                <\/h3>\n                        \t\t  <p>Sa\u011fl\u0131kl\u0131 bir a\u011f\u0131z i\u00e7in<\/p>\n                                        <div class=\"box-footer disable_hover_button\">\n                    <div class=\"btn-wraper\">\n                                                            <a href=\"#\" target=\"_self\" rel=\"\" class=\"elementskit-btn whitespace--normal elementor-animation-\">\n                                                                                Detayl\u0131 Bilgi                                    <\/a>\n                                                        <\/div>\n                <\/div>\n                    <\/div>\n        \n        \n                <\/div>\n        <\/div>\t\t<\/div>\n\t\t\t\t<\/div>\n\t\t\t\t\t<\/div>\n\t\t<\/div>\n\t\t\t\t<div class=\"elementor-column elementor-col-33 elementor-inner-column elementor-element elementor-element-8c98f17 animated-fast elementor-invisible\" data-id=\"8c98f17\" data-element_type=\"column\" data-settings=\"{&quot;animation&quot;:&quot;fadeInLeft&quot;,&quot;animation_delay&quot;:200}\">\n\t\t\t<div class=\"elementor-widget-wrap elementor-element-populated\">\n\t\t\t\t\t\t\t\t<div class=\"elementor-element elementor-element-1bd706a8 ekit-equal-height-enable elementor-widget elementor-widget-elementskit-icon-box\" data-id=\"1bd706a8\" data-element_type=\"widget\" data-widget_type=\"elementskit-icon-box.default\">\n\t\t\t\t<div class=\"elementor-widget-container\">\n\t\t\t<div class=\"ekit-wid-con\" >        <!-- link opening -->\n                <!-- end link opening -->\n\n        <div class=\"elementskit-infobox text- text- icon-lef-right-aligin elementor-animation-   \">\n                            <div class=\"elementskit-box-header\">\n                <div class=\"elementskit-info-box-icon text-center\">\n                    <img decoding=\"async\" width=\"1920\" height=\"1280\" src=\"https:\/\/dent.webcrix.com\/tema-12\/wp-content\/uploads\/sites\/13\/2022\/07\/dent33-dental-implant.jpg\" class=\"attachment- size-\" alt=\"\" srcset=\"https:\/\/dent.webcrix.com\/tema-12\/wp-content\/uploads\/sites\/13\/2022\/07\/dent33-dental-implant.jpg 1920w, https:\/\/dent.webcrix.com\/tema-12\/wp-content\/uploads\/sites\/13\/2022\/07\/dent33-dental-implant-300x200.jpg 300w, https:\/\/dent.webcrix.com\/tema-12\/wp-content\/uploads\/sites\/13\/2022\/07\/dent33-dental-implant-1024x683.jpg 1024w, https:\/\/dent.webcrix.com\/tema-12\/wp-content\/uploads\/sites\/13\/2022\/07\/dent33-dental-implant-768x512.jpg 768w, https:\/\/dent.webcrix.com\/tema-12\/wp-content\/uploads\/sites\/13\/2022\/07\/dent33-dental-implant-1536x1024.jpg 1536w\" sizes=\"(max-width: 1920px) 100vw, 1920px\" \/>                <\/div>\n          <\/div>\n                <div class=\"box-body\">\n                            <h3 class=\"elementskit-info-box-title\">\n                    Dental \u0130mplant                <\/h3>\n                        \t\t  <p>Kusursuz g\u00fcl\u00fcmsemeler i\u00e7in<\/p>\n                                        <div class=\"box-footer disable_hover_button\">\n                    <div class=\"btn-wraper\">\n                                                            <a href=\"https:\/\/dent.webcrix.com\/tema-12\/hizmet-detay\/\" target=\"_self\" rel=\"\" class=\"elementskit-btn whitespace--normal elementor-animation-\">\n                                                                                Detayl\u0131 Bilgi                                    <\/a>\n                                                        <\/div>\n                <\/div>\n                    <\/div>\n        \n        \n                <\/div>\n        <\/div>\t\t<\/div>\n\t\t\t\t<\/div>\n\t\t\t\t\t<\/div>\n\t\t<\/div>\n\t\t\t\t<div class=\"elementor-column elementor-col-33 elementor-inner-column elementor-element elementor-element-5cfc898b animated-fast elementor-invisible\" data-id=\"5cfc898b\" data-element_type=\"column\" data-settings=\"{&quot;animation&quot;:&quot;fadeInLeft&quot;,&quot;animation_delay&quot;:400}\">\n\t\t\t<div class=\"elementor-widget-wrap elementor-element-populated\">\n\t\t\t\t\t\t\t\t<div class=\"elementor-element elementor-element-1c4cb333 ekit-equal-height-enable elementor-widget elementor-widget-elementskit-icon-box\" data-id=\"1c4cb333\" data-element_type=\"widget\" data-widget_type=\"elementskit-icon-box.default\">\n\t\t\t\t<div class=\"elementor-widget-container\">\n\t\t\t<div class=\"ekit-wid-con\" >        <!-- link opening -->\n                <!-- end link opening -->\n\n        <div class=\"elementskit-infobox text- text- icon-lef-right-aligin elementor-animation-   \">\n                            <div class=\"elementskit-box-header\">\n                <div class=\"elementskit-info-box-icon text-center\">\n                    <img decoding=\"async\" width=\"1920\" height=\"1377\" src=\"https:\/\/dent.webcrix.com\/tema-12\/wp-content\/uploads\/sites\/13\/2022\/07\/dent33-ortodonti.jpg\" class=\"attachment- size-\" alt=\"\" srcset=\"https:\/\/dent.webcrix.com\/tema-12\/wp-content\/uploads\/sites\/13\/2022\/07\/dent33-ortodonti.jpg 1920w, https:\/\/dent.webcrix.com\/tema-12\/wp-content\/uploads\/sites\/13\/2022\/07\/dent33-ortodonti-300x215.jpg 300w, https:\/\/dent.webcrix.com\/tema-12\/wp-content\/uploads\/sites\/13\/2022\/07\/dent33-ortodonti-1024x734.jpg 1024w, https:\/\/dent.webcrix.com\/tema-12\/wp-content\/uploads\/sites\/13\/2022\/07\/dent33-ortodonti-768x551.jpg 768w, https:\/\/dent.webcrix.com\/tema-12\/wp-content\/uploads\/sites\/13\/2022\/07\/dent33-ortodonti-1536x1102.jpg 1536w\" sizes=\"(max-width: 1920px) 100vw, 1920px\" \/>                <\/div>\n          <\/div>\n                <div class=\"box-body\">\n                            <h3 class=\"elementskit-info-box-title\">\n                    Ortodonti                <\/h3>\n                        \t\t  <p>D\u00fczenli di\u015fler i\u00e7in<\/p>\n                                        <div class=\"box-footer disable_hover_button\">\n                    <div class=\"btn-wraper\">\n                                                            <a href=\"#\" target=\"_self\" rel=\"\" class=\"elementskit-btn whitespace--normal elementor-animation-\">\n                                                                                Detayl\u0131 Bilgi                                    <\/a>\n                                                        <\/div>\n                <\/div>\n                    <\/div>\n        \n        \n                <\/div>\n        <\/div>\t\t<\/div>\n\t\t\t\t<\/div>\n\t\t\t\t\t<\/div>\n\t\t<\/div>\n\t\t\t\t\t\t\t<\/div>\n\t\t<\/section>\n\t\t\t\t<section class=\"elementor-section elementor-inner-section elementor-element elementor-element-2c699a06 elementor-section-boxed elementor-section-height-default elementor-section-height-default\" data-id=\"2c699a06\" data-element_type=\"section\">\n\t\t\t\t\t\t<div class=\"elementor-container elementor-column-gap-default\">\n\t\t\t\t\t<div class=\"elementor-column elementor-col-33 elementor-inner-column elementor-element elementor-element-50138f25 animated-fast elementor-invisible\" data-id=\"50138f25\" data-element_type=\"column\" data-settings=\"{&quot;animation&quot;:&quot;fadeInRight&quot;,&quot;animation_delay&quot;:400}\">\n\t\t\t<div class=\"elementor-widget-wrap elementor-element-populated\">\n\t\t\t\t\t\t\t\t<div class=\"elementor-element elementor-element-4c11f2cf ekit-equal-height-enable elementor-widget elementor-widget-elementskit-icon-box\" data-id=\"4c11f2cf\" data-element_type=\"widget\" data-widget_type=\"elementskit-icon-box.default\">\n\t\t\t\t<div class=\"elementor-widget-container\">\n\t\t\t<div class=\"ekit-wid-con\" >        <!-- link opening -->\n                <!-- end link opening -->\n\n        <div class=\"elementskit-infobox text- text- icon-lef-right-aligin elementor-animation-   \">\n                            <div class=\"elementskit-box-header\">\n                <div class=\"elementskit-info-box-icon text-center\">\n                    <img loading=\"lazy\" decoding=\"async\" width=\"1600\" height=\"1064\" src=\"https:\/\/dent.webcrix.com\/tema-12\/wp-content\/uploads\/sites\/13\/2022\/07\/WhatsApp-Image-2022-07-20-at-11.25.26.jpeg\" class=\"attachment- size-\" alt=\"\" srcset=\"https:\/\/dent.webcrix.com\/tema-12\/wp-content\/uploads\/sites\/13\/2022\/07\/WhatsApp-Image-2022-07-20-at-11.25.26.jpeg 1600w, https:\/\/dent.webcrix.com\/tema-12\/wp-content\/uploads\/sites\/13\/2022\/07\/WhatsApp-Image-2022-07-20-at-11.25.26-300x200.jpeg 300w, https:\/\/dent.webcrix.com\/tema-12\/wp-content\/uploads\/sites\/13\/2022\/07\/WhatsApp-Image-2022-07-20-at-11.25.26-1024x681.jpeg 1024w, https:\/\/dent.webcrix.com\/tema-12\/wp-content\/uploads\/sites\/13\/2022\/07\/WhatsApp-Image-2022-07-20-at-11.25.26-768x511.jpeg 768w, https:\/\/dent.webcrix.com\/tema-12\/wp-content\/uploads\/sites\/13\/2022\/07\/WhatsApp-Image-2022-07-20-at-11.25.26-1536x1021.jpeg 1536w\" sizes=\"(max-width: 1600px) 100vw, 1600px\" \/>                <\/div>\n          <\/div>\n                <div class=\"box-body\">\n                            <h3 class=\"elementskit-info-box-title\">\n                    Protez                <\/h3>\n                        \t\t  <p>Kaybolan di\u015fler i\u00e7in<\/p>\n                                        <div class=\"box-footer disable_hover_button\">\n                    <div class=\"btn-wraper\">\n                                                            <a href=\"#\" target=\"_self\" rel=\"\" class=\"elementskit-btn whitespace--normal elementor-animation-\">\n                                                                                Detayl\u0131 Bilgi                                    <\/a>\n                                                        <\/div>\n                <\/div>\n                    <\/div>\n        \n        \n                <\/div>\n        <\/div>\t\t<\/div>\n\t\t\t\t<\/div>\n\t\t\t\t\t<\/div>\n\t\t<\/div>\n\t\t\t\t<div class=\"elementor-column elementor-col-33 elementor-inner-column elementor-element elementor-element-8eabea8 animated-fast elementor-invisible\" data-id=\"8eabea8\" data-element_type=\"column\" data-settings=\"{&quot;animation&quot;:&quot;fadeInRight&quot;,&quot;animation_delay&quot;:200}\">\n\t\t\t<div class=\"elementor-widget-wrap elementor-element-populated\">\n\t\t\t\t\t\t\t\t<div class=\"elementor-element elementor-element-4f02e18f ekit-equal-height-enable elementor-widget elementor-widget-elementskit-icon-box\" data-id=\"4f02e18f\" data-element_type=\"widget\" data-widget_type=\"elementskit-icon-box.default\">\n\t\t\t\t<div class=\"elementor-widget-container\">\n\t\t\t<div class=\"ekit-wid-con\" >        <!-- link opening -->\n                <!-- end link opening -->\n\n        <div class=\"elementskit-infobox text- text- icon-lef-right-aligin elementor-animation-   \">\n                            <div class=\"elementskit-box-header\">\n                <div class=\"elementskit-info-box-icon text-center\">\n                    <img loading=\"lazy\" decoding=\"async\" width=\"1920\" height=\"1280\" src=\"https:\/\/dent.webcrix.com\/tema-12\/wp-content\/uploads\/sites\/13\/2022\/07\/dent33-dis-beyazlatma.jpg\" class=\"attachment- size-\" alt=\"\" srcset=\"https:\/\/dent.webcrix.com\/tema-12\/wp-content\/uploads\/sites\/13\/2022\/07\/dent33-dis-beyazlatma.jpg 1920w, https:\/\/dent.webcrix.com\/tema-12\/wp-content\/uploads\/sites\/13\/2022\/07\/dent33-dis-beyazlatma-300x200.jpg 300w, https:\/\/dent.webcrix.com\/tema-12\/wp-content\/uploads\/sites\/13\/2022\/07\/dent33-dis-beyazlatma-1024x683.jpg 1024w, https:\/\/dent.webcrix.com\/tema-12\/wp-content\/uploads\/sites\/13\/2022\/07\/dent33-dis-beyazlatma-768x512.jpg 768w, https:\/\/dent.webcrix.com\/tema-12\/wp-content\/uploads\/sites\/13\/2022\/07\/dent33-dis-beyazlatma-1536x1024.jpg 1536w\" sizes=\"(max-width: 1920px) 100vw, 1920px\" \/>                <\/div>\n          <\/div>\n                <div class=\"box-body\">\n                            <h3 class=\"elementskit-info-box-title\">\n                    Di\u015f Beyazlatma                <\/h3>\n                        \t\t  <p>Bembeyaz di\u015fler i\u00e7in<\/p>\n                                        <div class=\"box-footer disable_hover_button\">\n                    <div class=\"btn-wraper\">\n                                                            <a href=\"#\" target=\"_self\" rel=\"\" class=\"elementskit-btn whitespace--normal elementor-animation-\">\n                                                                                Detayl\u0131 Bilgi                                    <\/a>\n                                                        <\/div>\n                <\/div>\n                    <\/div>\n        \n        \n                <\/div>\n        <\/div>\t\t<\/div>\n\t\t\t\t<\/div>\n\t\t\t\t\t<\/div>\n\t\t<\/div>\n\t\t\t\t<div class=\"elementor-column elementor-col-33 elementor-inner-column elementor-element elementor-element-399db6f6 elementor-invisible\" data-id=\"399db6f6\" data-element_type=\"column\" data-settings=\"{&quot;animation&quot;:&quot;fadeInRight&quot;}\">\n\t\t\t<div class=\"elementor-widget-wrap elementor-element-populated\">\n\t\t\t\t\t\t\t\t<div class=\"elementor-element elementor-element-1d6467c3 ekit-equal-height-enable elementor-widget elementor-widget-elementskit-icon-box\" data-id=\"1d6467c3\" data-element_type=\"widget\" data-widget_type=\"elementskit-icon-box.default\">\n\t\t\t\t<div class=\"elementor-widget-container\">\n\t\t\t<div class=\"ekit-wid-con\" >        <!-- link opening -->\n                <!-- end link opening -->\n\n        <div class=\"elementskit-infobox text- text- icon-lef-right-aligin elementor-animation-   \">\n                            <div class=\"elementskit-box-header\">\n                <div class=\"elementskit-info-box-icon text-center\">\n                    <img loading=\"lazy\" decoding=\"async\" width=\"1920\" height=\"1280\" src=\"https:\/\/dent.webcrix.com\/tema-12\/wp-content\/uploads\/sites\/13\/2022\/07\/dent33-zirkonyum.jpg\" class=\"attachment- size-\" alt=\"\" srcset=\"https:\/\/dent.webcrix.com\/tema-12\/wp-content\/uploads\/sites\/13\/2022\/07\/dent33-zirkonyum.jpg 1920w, https:\/\/dent.webcrix.com\/tema-12\/wp-content\/uploads\/sites\/13\/2022\/07\/dent33-zirkonyum-300x200.jpg 300w, https:\/\/dent.webcrix.com\/tema-12\/wp-content\/uploads\/sites\/13\/2022\/07\/dent33-zirkonyum-1024x683.jpg 1024w, https:\/\/dent.webcrix.com\/tema-12\/wp-content\/uploads\/sites\/13\/2022\/07\/dent33-zirkonyum-768x512.jpg 768w, https:\/\/dent.webcrix.com\/tema-12\/wp-content\/uploads\/sites\/13\/2022\/07\/dent33-zirkonyum-1536x1024.jpg 1536w\" sizes=\"(max-width: 1920px) 100vw, 1920px\" \/>                <\/div>\n          <\/div>\n                <div class=\"box-body\">\n                            <h3 class=\"elementskit-info-box-title\">\n                    Zirkonyum                <\/h3>\n                        \t\t  <p>Do\u011fal g\u00fcl\u00fcmsemeler i\u00e7in<\/p>\n                                        <div class=\"box-footer disable_hover_button\">\n                    <div class=\"btn-wraper\">\n                                                            <a href=\"#\" target=\"_self\" rel=\"\" class=\"elementskit-btn whitespace--normal elementor-animation-\">\n                                                                                Detayl\u0131 Bilgi                                    <\/a>\n                                                        <\/div>\n                <\/div>\n                    <\/div>\n        \n        \n                <\/div>\n        <\/div>\t\t<\/div>\n\t\t\t\t<\/div>\n\t\t\t\t\t<\/div>\n\t\t<\/div>\n\t\t\t\t\t\t\t<\/div>\n\t\t<\/section>\n\t\t\t\t\t<\/div>\n\t\t<\/div>\n\t\t\t\t\t\t\t<\/div>\n\t\t<\/section>\n\t\t\t\t\t\t\t<\/div>\n\t\t","protected":false},"excerpt":{"rendered":"<p>G\u00fczel g\u00fcl\u00fcmsemeli, mutlu bir y\u00fcz Hizmetlerimiz Ki\u015fiselle\u015ftirilmi\u015f ve rahat bir di\u015f bak\u0131m\u0131 A\u011f\u0131z Di\u015f ve \u00c7ene Cerrahisi Sa\u011fl\u0131kl\u0131 bir a\u011f\u0131z i\u00e7in Detayl\u0131 Bilgi Dental \u0130mplant Kusursuz g\u00fcl\u00fcmsemeler i\u00e7in Detayl\u0131 Bilgi Ortodonti D\u00fczenli di\u015fler i\u00e7in Detayl\u0131 Bilgi Protez Kaybolan di\u015fler i\u00e7in Detayl\u0131 Bilgi Di\u015f Beyazlatma Bembeyaz di\u015fler i\u00e7in Detayl\u0131 Bilgi Zirkonyum Do\u011fal g\u00fcl\u00fcmsemeler i\u00e7in Detayl\u0131 Bilgi<\/p>\n","protected":false},"author":3,"featured_media":0,"parent":0,"menu_order":0,"comment_status":"closed","ping_status":"closed","template":"elementor_header_footer","meta":{"footnotes":""},"class_list":["post-134","page","type-page","status-publish","hentry"],"_links":{"self":[{"href":"https:\/\/dent.webcrix.com\/tema-12\/wp-json\/wp\/v2\/pages\/134","targetHints":{"allow":["GET"]}}],"collection":[{"href":"https:\/\/dent.webcrix.com\/tema-12\/wp-json\/wp\/v2\/pages"}],"about":[{"href":"https:\/\/dent.webcrix.com\/tema-12\/wp-json\/wp\/v2\/types\/page"}],"author":[{"embeddable":true,"href":"https:\/\/dent.webcrix.com\/tema-12\/wp-json\/wp\/v2\/users\/3"}],"replies":[{"embeddable":true,"href":"https:\/\/dent.webcrix.com\/tema-12\/wp-json\/wp\/v2\/comments?post=134"}],"version-history":[{"count":10,"href":"https:\/\/dent.webcrix.com\/tema-12\/wp-json\/wp\/v2\/pages\/134\/revisions"}],"predecessor-version":[{"id":256,"href":"https:\/\/dent.webcrix.com\/tema-12\/wp-json\/wp\/v2\/pages\/134\/revisions\/256"}],"wp:attachment":[{"href":"https:\/\/dent.webcrix.com\/tema-12\/wp-json\/wp\/v2\/media?parent=134"}],"curies":[{"name":"wp","href":"https:\/\/api.w.org\/{rel}","templated":true}]}}