{"id":134,"date":"2022-07-05T10:01:23","date_gmt":"2022-07-05T07:01:23","guid":{"rendered":"https:\/\/dent.webcrix.com\/tema-19\/?page_id=134"},"modified":"2024-02-05T16:08:34","modified_gmt":"2024-02-05T13:08:34","slug":"doktorlarimiz","status":"publish","type":"page","link":"https:\/\/dent.webcrix.com\/tema-19\/doktorlarimiz\/","title":{"rendered":"Doktorlar\u0131m\u0131z"},"content":{"rendered":"\t\t<div data-elementor-type=\"wp-page\" data-elementor-id=\"134\" class=\"elementor elementor-134\">\n\t\t\t\t\t\t\t\t\t<section class=\"elementor-section elementor-top-section elementor-element elementor-element-477c8d78 elementor-section-boxed elementor-section-height-default elementor-section-height-default\" data-id=\"477c8d78\" data-element_type=\"section\" data-settings=\"{&quot;background_background&quot;:&quot;classic&quot;}\">\n\t\t\t\t\t\t\t<div class=\"elementor-background-overlay\"><\/div>\n\t\t\t\t\t\t\t<div class=\"elementor-container elementor-column-gap-default\">\n\t\t\t\t\t<div class=\"elementor-column elementor-col-50 elementor-top-column elementor-element elementor-element-6a5c52e7\" data-id=\"6a5c52e7\" data-element_type=\"column\">\n\t\t\t<div class=\"elementor-widget-wrap elementor-element-populated\">\n\t\t\t\t\t\t\t\t<div class=\"elementor-element elementor-element-13758f76 elementor-invisible elementor-widget elementor-widget-heading\" data-id=\"13758f76\" data-element_type=\"widget\" data-settings=\"{&quot;_animation&quot;:&quot;fadeInRight&quot;}\" data-widget_type=\"heading.default\">\n\t\t\t\t<div class=\"elementor-widget-container\">\n\t\t\t<style>\/*! elementor - v3.18.0 - 20-12-2023 *\/\n.elementor-heading-title{padding:0;margin:0;line-height:1}.elementor-widget-heading .elementor-heading-title[class*=elementor-size-]>a{color:inherit;font-size:inherit;line-height:inherit}.elementor-widget-heading .elementor-heading-title.elementor-size-small{font-size:15px}.elementor-widget-heading .elementor-heading-title.elementor-size-medium{font-size:19px}.elementor-widget-heading .elementor-heading-title.elementor-size-large{font-size:29px}.elementor-widget-heading .elementor-heading-title.elementor-size-xl{font-size:39px}.elementor-widget-heading .elementor-heading-title.elementor-size-xxl{font-size:59px}<\/style><h1 class=\"elementor-heading-title elementor-size-default\">Doktorlar\u0131m\u0131z<\/h1>\t\t<\/div>\n\t\t\t\t<\/div>\n\t\t\t\t\t<\/div>\n\t\t<\/div>\n\t\t\t\t<div class=\"elementor-column elementor-col-50 elementor-top-column elementor-element elementor-element-b2ea834\" data-id=\"b2ea834\" data-element_type=\"column\">\n\t\t\t<div class=\"elementor-widget-wrap\">\n\t\t\t\t\t\t\t\t\t<\/div>\n\t\t<\/div>\n\t\t\t\t\t\t\t<\/div>\n\t\t<\/section>\n\t\t\t\t<section class=\"elementor-section elementor-top-section elementor-element elementor-element-4159aae8 elementor-section-boxed elementor-section-height-default elementor-section-height-default\" data-id=\"4159aae8\" data-element_type=\"section\">\n\t\t\t\t\t\t<div class=\"elementor-container elementor-column-gap-default\">\n\t\t\t\t\t<div class=\"elementor-column elementor-col-100 elementor-top-column elementor-element elementor-element-7821a707\" data-id=\"7821a707\" data-element_type=\"column\">\n\t\t\t<div class=\"elementor-widget-wrap elementor-element-populated\">\n\t\t\t\t\t\t\t\t<section class=\"elementor-section elementor-inner-section elementor-element elementor-element-cdefa0d elementor-section-boxed elementor-section-height-default elementor-section-height-default\" data-id=\"cdefa0d\" data-element_type=\"section\">\n\t\t\t\t\t\t<div class=\"elementor-container elementor-column-gap-default\">\n\t\t\t\t\t<div class=\"elementor-column elementor-col-25 elementor-inner-column elementor-element elementor-element-401edef5\" data-id=\"401edef5\" data-element_type=\"column\">\n\t\t\t<div class=\"elementor-widget-wrap elementor-element-populated\">\n\t\t\t\t\t\t\t\t<div class=\"elementor-element elementor-element-fdafa1 elementor-position-top elementor-invisible elementor-widget elementor-widget-image-box\" data-id=\"fdafa1\" data-element_type=\"widget\" data-settings=\"{&quot;_animation&quot;:&quot;fadeInUp&quot;}\" data-widget_type=\"image-box.default\">\n\t\t\t\t<div class=\"elementor-widget-container\">\n\t\t\t<style>\/*! elementor - v3.18.0 - 20-12-2023 *\/\n.elementor-widget-image-box .elementor-image-box-content{width:100%}@media (min-width:768px){.elementor-widget-image-box.elementor-position-left .elementor-image-box-wrapper,.elementor-widget-image-box.elementor-position-right .elementor-image-box-wrapper{display:flex}.elementor-widget-image-box.elementor-position-right .elementor-image-box-wrapper{text-align:right;flex-direction:row-reverse}.elementor-widget-image-box.elementor-position-left .elementor-image-box-wrapper{text-align:left;flex-direction:row}.elementor-widget-image-box.elementor-position-top .elementor-image-box-img{margin:auto}.elementor-widget-image-box.elementor-vertical-align-top .elementor-image-box-wrapper{align-items:flex-start}.elementor-widget-image-box.elementor-vertical-align-middle .elementor-image-box-wrapper{align-items:center}.elementor-widget-image-box.elementor-vertical-align-bottom .elementor-image-box-wrapper{align-items:flex-end}}@media (max-width:767px){.elementor-widget-image-box .elementor-image-box-img{margin-left:auto!important;margin-right:auto!important;margin-bottom:15px}}.elementor-widget-image-box .elementor-image-box-img{display:inline-block}.elementor-widget-image-box .elementor-image-box-title a{color:inherit}.elementor-widget-image-box .elementor-image-box-wrapper{text-align:center}.elementor-widget-image-box .elementor-image-box-description{margin:0}<\/style><div class=\"elementor-image-box-wrapper\"><figure class=\"elementor-image-box-img\"><img fetchpriority=\"high\" decoding=\"async\" width=\"768\" height=\"1024\" src=\"https:\/\/dent.webcrix.com\/tema-19\/wp-content\/uploads\/sites\/20\/2022\/07\/our-team-1.jpg\" class=\"elementor-animation-grow attachment-full size-full wp-image-35\" alt=\"\" srcset=\"https:\/\/dent.webcrix.com\/tema-19\/wp-content\/uploads\/sites\/20\/2022\/07\/our-team-1.jpg 768w, https:\/\/dent.webcrix.com\/tema-19\/wp-content\/uploads\/sites\/20\/2022\/07\/our-team-1-225x300.jpg 225w\" sizes=\"(max-width: 768px) 100vw, 768px\" \/><\/figure><div class=\"elementor-image-box-content\"><h3 class=\"elementor-image-box-title\">Dr. Murat C<\/h3><p class=\"elementor-image-box-description\">Di\u015f Hekimi<\/p><\/div><\/div>\t\t<\/div>\n\t\t\t\t<\/div>\n\t\t\t\t\t<\/div>\n\t\t<\/div>\n\t\t\t\t<div class=\"elementor-column elementor-col-25 elementor-inner-column elementor-element elementor-element-135af944\" data-id=\"135af944\" data-element_type=\"column\">\n\t\t\t<div class=\"elementor-widget-wrap elementor-element-populated\">\n\t\t\t\t\t\t\t\t<div class=\"elementor-element elementor-element-46152beb elementor-position-top elementor-invisible elementor-widget elementor-widget-image-box\" data-id=\"46152beb\" data-element_type=\"widget\" data-settings=\"{&quot;_animation&quot;:&quot;fadeInUp&quot;}\" data-widget_type=\"image-box.default\">\n\t\t\t\t<div class=\"elementor-widget-container\">\n\t\t\t<div class=\"elementor-image-box-wrapper\"><figure class=\"elementor-image-box-img\"><img decoding=\"async\" width=\"768\" height=\"1024\" src=\"https:\/\/dent.webcrix.com\/tema-19\/wp-content\/uploads\/sites\/20\/2022\/07\/5.jpg\" class=\"elementor-animation-grow attachment-full size-full wp-image-39\" alt=\"\" srcset=\"https:\/\/dent.webcrix.com\/tema-19\/wp-content\/uploads\/sites\/20\/2022\/07\/5.jpg 768w, https:\/\/dent.webcrix.com\/tema-19\/wp-content\/uploads\/sites\/20\/2022\/07\/5-225x300.jpg 225w\" sizes=\"(max-width: 768px) 100vw, 768px\" \/><\/figure><div class=\"elementor-image-box-content\"><h3 class=\"elementor-image-box-title\">Dr. Elif C<\/h3><p class=\"elementor-image-box-description\">Di\u015f Hekimi<\/p><\/div><\/div>\t\t<\/div>\n\t\t\t\t<\/div>\n\t\t\t\t\t<\/div>\n\t\t<\/div>\n\t\t\t\t<div class=\"elementor-column elementor-col-25 elementor-inner-column elementor-element elementor-element-24329c0a\" data-id=\"24329c0a\" data-element_type=\"column\">\n\t\t\t<div class=\"elementor-widget-wrap elementor-element-populated\">\n\t\t\t\t\t\t\t\t<div class=\"elementor-element elementor-element-3799e659 elementor-position-top elementor-invisible elementor-widget elementor-widget-image-box\" data-id=\"3799e659\" data-element_type=\"widget\" data-settings=\"{&quot;_animation&quot;:&quot;fadeInUp&quot;}\" data-widget_type=\"image-box.default\">\n\t\t\t\t<div class=\"elementor-widget-container\">\n\t\t\t<div class=\"elementor-image-box-wrapper\"><figure class=\"elementor-image-box-img\"><img decoding=\"async\" width=\"768\" height=\"1024\" src=\"https:\/\/dent.webcrix.com\/tema-19\/wp-content\/uploads\/sites\/20\/2022\/07\/3.jpg\" class=\"elementor-animation-grow attachment-full size-full wp-image-45\" alt=\"\" srcset=\"https:\/\/dent.webcrix.com\/tema-19\/wp-content\/uploads\/sites\/20\/2022\/07\/3.jpg 768w, https:\/\/dent.webcrix.com\/tema-19\/wp-content\/uploads\/sites\/20\/2022\/07\/3-225x300.jpg 225w\" sizes=\"(max-width: 768px) 100vw, 768px\" \/><\/figure><div class=\"elementor-image-box-content\"><h3 class=\"elementor-image-box-title\">Dr. Melisa C<\/h3><p class=\"elementor-image-box-description\">Di\u015f Hekimi<\/p><\/div><\/div>\t\t<\/div>\n\t\t\t\t<\/div>\n\t\t\t\t\t<\/div>\n\t\t<\/div>\n\t\t\t\t<div class=\"elementor-column elementor-col-25 elementor-inner-column elementor-element elementor-element-2fe61fac\" data-id=\"2fe61fac\" data-element_type=\"column\">\n\t\t\t<div class=\"elementor-widget-wrap elementor-element-populated\">\n\t\t\t\t\t\t\t\t<div class=\"elementor-element elementor-element-40cc0ca8 elementor-position-top elementor-invisible elementor-widget elementor-widget-image-box\" data-id=\"40cc0ca8\" data-element_type=\"widget\" data-settings=\"{&quot;_animation&quot;:&quot;fadeInUp&quot;}\" data-widget_type=\"image-box.default\">\n\t\t\t\t<div class=\"elementor-widget-container\">\n\t\t\t<div class=\"elementor-image-box-wrapper\"><figure class=\"elementor-image-box-img\"><img loading=\"lazy\" decoding=\"async\" width=\"768\" height=\"1024\" src=\"https:\/\/dent.webcrix.com\/tema-19\/wp-content\/uploads\/sites\/20\/2022\/07\/4.jpg\" class=\"elementor-animation-grow attachment-full size-full wp-image-53\" alt=\"\" srcset=\"https:\/\/dent.webcrix.com\/tema-19\/wp-content\/uploads\/sites\/20\/2022\/07\/4.jpg 768w, https:\/\/dent.webcrix.com\/tema-19\/wp-content\/uploads\/sites\/20\/2022\/07\/4-225x300.jpg 225w\" sizes=\"(max-width: 768px) 100vw, 768px\" \/><\/figure><div class=\"elementor-image-box-content\"><h3 class=\"elementor-image-box-title\">Dr. Ahmet C<\/h3><p class=\"elementor-image-box-description\">Di\u015f Hekimi<\/p><\/div><\/div>\t\t<\/div>\n\t\t\t\t<\/div>\n\t\t\t\t\t<\/div>\n\t\t<\/div>\n\t\t\t\t\t\t\t<\/div>\n\t\t<\/section>\n\t\t\t\t<section class=\"elementor-section elementor-inner-section elementor-element elementor-element-5d70a61d elementor-section-boxed elementor-section-height-default elementor-section-height-default\" data-id=\"5d70a61d\" data-element_type=\"section\">\n\t\t\t\t\t\t<div class=\"elementor-container elementor-column-gap-default\">\n\t\t\t\t\t<div class=\"elementor-column elementor-col-25 elementor-inner-column elementor-element elementor-element-53431146\" data-id=\"53431146\" data-element_type=\"column\">\n\t\t\t<div class=\"elementor-widget-wrap elementor-element-populated\">\n\t\t\t\t\t\t\t\t<div class=\"elementor-element elementor-element-7864e89c elementor-position-top elementor-invisible elementor-widget elementor-widget-image-box\" data-id=\"7864e89c\" data-element_type=\"widget\" data-settings=\"{&quot;_animation&quot;:&quot;fadeInUp&quot;}\" data-widget_type=\"image-box.default\">\n\t\t\t\t<div class=\"elementor-widget-container\">\n\t\t\t<div class=\"elementor-image-box-wrapper\"><figure class=\"elementor-image-box-img\"><img loading=\"lazy\" decoding=\"async\" width=\"768\" height=\"1024\" src=\"https:\/\/dent.webcrix.com\/tema-19\/wp-content\/uploads\/sites\/20\/2022\/07\/our-team-3.jpg\" class=\"elementor-animation-grow attachment-full size-full wp-image-58\" alt=\"\" srcset=\"https:\/\/dent.webcrix.com\/tema-19\/wp-content\/uploads\/sites\/20\/2022\/07\/our-team-3.jpg 768w, https:\/\/dent.webcrix.com\/tema-19\/wp-content\/uploads\/sites\/20\/2022\/07\/our-team-3-225x300.jpg 225w\" sizes=\"(max-width: 768px) 100vw, 768px\" \/><\/figure><div class=\"elementor-image-box-content\"><h3 class=\"elementor-image-box-title\">Dr. Samed C<\/h3><p class=\"elementor-image-box-description\">Di\u015f Hekimi<\/p><\/div><\/div>\t\t<\/div>\n\t\t\t\t<\/div>\n\t\t\t\t\t<\/div>\n\t\t<\/div>\n\t\t\t\t<div class=\"elementor-column elementor-col-25 elementor-inner-column elementor-element elementor-element-402c8124\" data-id=\"402c8124\" data-element_type=\"column\">\n\t\t\t<div class=\"elementor-widget-wrap elementor-element-populated\">\n\t\t\t\t\t\t\t\t<div class=\"elementor-element elementor-element-46117be1 elementor-position-top elementor-invisible elementor-widget elementor-widget-image-box\" data-id=\"46117be1\" data-element_type=\"widget\" data-settings=\"{&quot;_animation&quot;:&quot;fadeInUp&quot;}\" data-widget_type=\"image-box.default\">\n\t\t\t\t<div class=\"elementor-widget-container\">\n\t\t\t<div class=\"elementor-image-box-wrapper\"><figure class=\"elementor-image-box-img\"><img loading=\"lazy\" decoding=\"async\" width=\"768\" height=\"1024\" src=\"https:\/\/dent.webcrix.com\/tema-19\/wp-content\/uploads\/sites\/20\/2022\/07\/our-team-2.jpg\" class=\"elementor-animation-grow attachment-full size-full wp-image-66\" alt=\"\" srcset=\"https:\/\/dent.webcrix.com\/tema-19\/wp-content\/uploads\/sites\/20\/2022\/07\/our-team-2.jpg 768w, https:\/\/dent.webcrix.com\/tema-19\/wp-content\/uploads\/sites\/20\/2022\/07\/our-team-2-225x300.jpg 225w\" sizes=\"(max-width: 768px) 100vw, 768px\" \/><\/figure><div class=\"elementor-image-box-content\"><h3 class=\"elementor-image-box-title\">Dr. Arzu C<\/h3><p class=\"elementor-image-box-description\">Di\u015f Hekimi<\/p><\/div><\/div>\t\t<\/div>\n\t\t\t\t<\/div>\n\t\t\t\t\t<\/div>\n\t\t<\/div>\n\t\t\t\t<div class=\"elementor-column elementor-col-25 elementor-inner-column elementor-element elementor-element-581cf677\" data-id=\"581cf677\" data-element_type=\"column\">\n\t\t\t<div class=\"elementor-widget-wrap elementor-element-populated\">\n\t\t\t\t\t\t\t\t<div class=\"elementor-element elementor-element-12f05c0 elementor-position-top elementor-invisible elementor-widget elementor-widget-image-box\" data-id=\"12f05c0\" data-element_type=\"widget\" data-settings=\"{&quot;_animation&quot;:&quot;fadeInUp&quot;}\" data-widget_type=\"image-box.default\">\n\t\t\t\t<div class=\"elementor-widget-container\">\n\t\t\t<div class=\"elementor-image-box-wrapper\"><figure class=\"elementor-image-box-img\"><img loading=\"lazy\" decoding=\"async\" width=\"768\" height=\"1024\" src=\"https:\/\/dent.webcrix.com\/tema-19\/wp-content\/uploads\/sites\/20\/2022\/07\/6.jpg\" class=\"elementor-animation-grow attachment-full size-full wp-image-73\" alt=\"\" srcset=\"https:\/\/dent.webcrix.com\/tema-19\/wp-content\/uploads\/sites\/20\/2022\/07\/6.jpg 768w, https:\/\/dent.webcrix.com\/tema-19\/wp-content\/uploads\/sites\/20\/2022\/07\/6-225x300.jpg 225w\" sizes=\"(max-width: 768px) 100vw, 768px\" \/><\/figure><div class=\"elementor-image-box-content\"><h3 class=\"elementor-image-box-title\">Dr. Merve C<\/h3><p class=\"elementor-image-box-description\">Di\u015f Hekimi<\/p><\/div><\/div>\t\t<\/div>\n\t\t\t\t<\/div>\n\t\t\t\t\t<\/div>\n\t\t<\/div>\n\t\t\t\t<div class=\"elementor-column elementor-col-25 elementor-inner-column elementor-element elementor-element-2427087c\" data-id=\"2427087c\" data-element_type=\"column\">\n\t\t\t<div class=\"elementor-widget-wrap elementor-element-populated\">\n\t\t\t\t\t\t\t\t<div class=\"elementor-element elementor-element-67532f45 elementor-position-top elementor-invisible elementor-widget elementor-widget-image-box\" data-id=\"67532f45\" data-element_type=\"widget\" data-settings=\"{&quot;_animation&quot;:&quot;fadeInUp&quot;}\" data-widget_type=\"image-box.default\">\n\t\t\t\t<div class=\"elementor-widget-container\">\n\t\t\t<div class=\"elementor-image-box-wrapper\"><figure class=\"elementor-image-box-img\"><img loading=\"lazy\" decoding=\"async\" width=\"768\" height=\"1024\" src=\"https:\/\/dent.webcrix.com\/tema-19\/wp-content\/uploads\/sites\/20\/2022\/07\/7.jpg\" class=\"elementor-animation-grow attachment-full size-full wp-image-74\" alt=\"\" srcset=\"https:\/\/dent.webcrix.com\/tema-19\/wp-content\/uploads\/sites\/20\/2022\/07\/7.jpg 768w, https:\/\/dent.webcrix.com\/tema-19\/wp-content\/uploads\/sites\/20\/2022\/07\/7-225x300.jpg 225w\" sizes=\"(max-width: 768px) 100vw, 768px\" \/><\/figure><div class=\"elementor-image-box-content\"><h3 class=\"elementor-image-box-title\">Dr. Hayat C<\/h3><p class=\"elementor-image-box-description\">Di\u015f Hekimi<\/p><\/div><\/div>\t\t<\/div>\n\t\t\t\t<\/div>\n\t\t\t\t\t<\/div>\n\t\t<\/div>\n\t\t\t\t\t\t\t<\/div>\n\t\t<\/section>\n\t\t\t\t\t<\/div>\n\t\t<\/div>\n\t\t\t\t\t\t\t<\/div>\n\t\t<\/section>\n\t\t\t\t<section class=\"elementor-section elementor-top-section elementor-element elementor-element-3276bdfb elementor-section-boxed elementor-section-height-default elementor-section-height-default\" data-id=\"3276bdfb\" data-element_type=\"section\" data-settings=\"{&quot;background_background&quot;:&quot;classic&quot;}\">\n\t\t\t\t\t\t\t<div class=\"elementor-background-overlay\"><\/div>\n\t\t\t\t\t\t\t<div class=\"elementor-container elementor-column-gap-default\">\n\t\t\t\t\t<div class=\"elementor-column elementor-col-50 elementor-top-column elementor-element elementor-element-12b31a6b\" data-id=\"12b31a6b\" data-element_type=\"column\">\n\t\t\t<div class=\"elementor-widget-wrap elementor-element-populated\">\n\t\t\t\t\t\t\t\t<div class=\"elementor-element elementor-element-347eef06 elementor-invisible elementor-widget elementor-widget-heading\" data-id=\"347eef06\" data-element_type=\"widget\" data-settings=\"{&quot;_animation&quot;:&quot;fadeInRight&quot;}\" data-widget_type=\"heading.default\">\n\t\t\t\t<div class=\"elementor-widget-container\">\n\t\t\t<h2 class=\"elementor-heading-title elementor-size-default\">Hemen Randevu Olu\u015fturun!<\/h2>\t\t<\/div>\n\t\t\t\t<\/div>\n\t\t\t\t\t<\/div>\n\t\t<\/div>\n\t\t\t\t<div class=\"elementor-column elementor-col-50 elementor-top-column elementor-element elementor-element-66cf21ac\" data-id=\"66cf21ac\" data-element_type=\"column\">\n\t\t\t<div class=\"elementor-widget-wrap elementor-element-populated\">\n\t\t\t\t\t\t\t\t<div class=\"elementor-element elementor-element-175ef6c7 elementor-align-right elementor-mobile-align-center elementor-invisible elementor-widget elementor-widget-button\" data-id=\"175ef6c7\" data-element_type=\"widget\" data-settings=\"{&quot;_animation&quot;:&quot;fadeInUp&quot;}\" data-widget_type=\"button.default\">\n\t\t\t\t<div class=\"elementor-widget-container\">\n\t\t\t\t\t<div class=\"elementor-button-wrapper\">\n\t\t\t<a class=\"elementor-button elementor-button-link elementor-size-sm\" href=\"https:\/\/dent.webcrix.com\/tema-19\/iletisim\">\n\t\t\t\t\t\t<span class=\"elementor-button-content-wrapper\">\n\t\t\t\t\t\t<span class=\"elementor-button-text\">Randevu Al<\/span>\n\t\t<\/span>\n\t\t\t\t\t<\/a>\n\t\t<\/div>\n\t\t\t\t<\/div>\n\t\t\t\t<\/div>\n\t\t\t\t\t<\/div>\n\t\t<\/div>\n\t\t\t\t\t\t\t<\/div>\n\t\t<\/section>\n\t\t\t\t\t\t\t<\/div>\n\t\t","protected":false},"excerpt":{"rendered":"<p>Doktorlar\u0131m\u0131z Dr. Murat C Di\u015f Hekimi Dr. Elif C Di\u015f Hekimi Dr. Melisa C Di\u015f Hekimi Dr. Ahmet C Di\u015f Hekimi Dr. Samed C Di\u015f Hekimi Dr. Arzu C Di\u015f Hekimi Dr. Merve C Di\u015f Hekimi Dr. Hayat C Di\u015f Hekimi Hemen Randevu Olu\u015fturun! Randevu Al<\/p>\n","protected":false},"author":3,"featured_media":0,"parent":0,"menu_order":0,"comment_status":"closed","ping_status":"closed","template":"elementor_header_footer","meta":{"footnotes":""},"class_list":["post-134","page","type-page","status-publish","hentry"],"_links":{"self":[{"href":"https:\/\/dent.webcrix.com\/tema-19\/wp-json\/wp\/v2\/pages\/134","targetHints":{"allow":["GET"]}}],"collection":[{"href":"https:\/\/dent.webcrix.com\/tema-19\/wp-json\/wp\/v2\/pages"}],"about":[{"href":"https:\/\/dent.webcrix.com\/tema-19\/wp-json\/wp\/v2\/types\/page"}],"author":[{"embeddable":true,"href":"https:\/\/dent.webcrix.com\/tema-19\/wp-json\/wp\/v2\/users\/3"}],"replies":[{"embeddable":true,"href":"https:\/\/dent.webcrix.com\/tema-19\/wp-json\/wp\/v2\/comments?post=134"}],"version-history":[{"count":16,"href":"https:\/\/dent.webcrix.com\/tema-19\/wp-json\/wp\/v2\/pages\/134\/revisions"}],"predecessor-version":[{"id":352,"href":"https:\/\/dent.webcrix.com\/tema-19\/wp-json\/wp\/v2\/pages\/134\/revisions\/352"}],"wp:attachment":[{"href":"https:\/\/dent.webcrix.com\/tema-19\/wp-json\/wp\/v2\/media?parent=134"}],"curies":[{"name":"wp","href":"https:\/\/api.w.org\/{rel}","templated":true}]}}