{"id":130,"date":"2022-07-05T10:23:06","date_gmt":"2022-07-05T07:23:06","guid":{"rendered":"https:\/\/dent.webcrix.com\/tema-21\/?page_id=130"},"modified":"2024-01-08T12:07:20","modified_gmt":"2024-01-08T09:07:20","slug":"doktorlar","status":"publish","type":"page","link":"https:\/\/dent.webcrix.com\/tema-21\/doktorlar\/","title":{"rendered":"Medikal Kadro"},"content":{"rendered":"\t\t<div data-elementor-type=\"wp-page\" data-elementor-id=\"130\" class=\"elementor elementor-130\">\n\t\t\t\t\t\t\t\t\t<section class=\"elementor-section elementor-top-section elementor-element elementor-element-51d65624 elementor-section-content-middle elementor-section-boxed elementor-section-height-default elementor-section-height-default\" data-id=\"51d65624\" data-element_type=\"section\" data-settings=\"{&quot;background_background&quot;:&quot;classic&quot;}\">\n\t\t\t\t\t\t\t<div class=\"elementor-background-overlay\"><\/div>\n\t\t\t\t\t\t\t<div class=\"elementor-container elementor-column-gap-default\">\n\t\t\t\t\t<div class=\"elementor-column elementor-col-50 elementor-top-column elementor-element elementor-element-5e680bdc\" data-id=\"5e680bdc\" data-element_type=\"column\">\n\t\t\t<div class=\"elementor-widget-wrap elementor-element-populated\">\n\t\t\t\t\t\t\t\t<div class=\"elementor-element elementor-element-59b5fbed elementor-widget elementor-widget-heading\" data-id=\"59b5fbed\" data-element_type=\"widget\" data-widget_type=\"heading.default\">\n\t\t\t\t<div class=\"elementor-widget-container\">\n\t\t\t<style>\/*! elementor - v3.18.0 - 20-12-2023 *\/\n.elementor-heading-title{padding:0;margin:0;line-height:1}.elementor-widget-heading .elementor-heading-title[class*=elementor-size-]>a{color:inherit;font-size:inherit;line-height:inherit}.elementor-widget-heading .elementor-heading-title.elementor-size-small{font-size:15px}.elementor-widget-heading .elementor-heading-title.elementor-size-medium{font-size:19px}.elementor-widget-heading .elementor-heading-title.elementor-size-large{font-size:29px}.elementor-widget-heading .elementor-heading-title.elementor-size-xl{font-size:39px}.elementor-widget-heading .elementor-heading-title.elementor-size-xxl{font-size:59px}<\/style><h2 class=\"elementor-heading-title elementor-size-default\">Medikal Kadro<\/h2>\t\t<\/div>\n\t\t\t\t<\/div>\n\t\t\t\t\t<\/div>\n\t\t<\/div>\n\t\t\t\t<div class=\"elementor-column elementor-col-50 elementor-top-column elementor-element elementor-element-3b888d70\" data-id=\"3b888d70\" data-element_type=\"column\">\n\t\t\t<div class=\"elementor-widget-wrap\">\n\t\t\t\t\t\t\t\t\t<\/div>\n\t\t<\/div>\n\t\t\t\t\t\t\t<\/div>\n\t\t<\/section>\n\t\t\t\t<section class=\"elementor-section elementor-top-section elementor-element elementor-element-44eb7aba elementor-section-boxed elementor-section-height-default elementor-section-height-default\" data-id=\"44eb7aba\" data-element_type=\"section\" data-settings=\"{&quot;background_background&quot;:&quot;classic&quot;}\">\n\t\t\t\t\t\t<div class=\"elementor-container elementor-column-gap-default\">\n\t\t\t\t\t<div class=\"elementor-column elementor-col-100 elementor-top-column elementor-element elementor-element-3a777ddb\" data-id=\"3a777ddb\" data-element_type=\"column\">\n\t\t\t<div class=\"elementor-widget-wrap elementor-element-populated\">\n\t\t\t\t\t\t\t\t<div class=\"elementor-element elementor-element-4db6abce elementor-widget elementor-widget-heading\" data-id=\"4db6abce\" data-element_type=\"widget\" data-widget_type=\"heading.default\">\n\t\t\t\t<div class=\"elementor-widget-container\">\n\t\t\t<h5 class=\"elementor-heading-title elementor-size-default\">Doktorlar\u0131m\u0131z<\/h5>\t\t<\/div>\n\t\t\t\t<\/div>\n\t\t\t\t<div class=\"elementor-element elementor-element-12c79b2e elementor-widget elementor-widget-heading\" data-id=\"12c79b2e\" data-element_type=\"widget\" data-widget_type=\"heading.default\">\n\t\t\t\t<div class=\"elementor-widget-container\">\n\t\t\t<h2 class=\"elementor-heading-title elementor-size-default\">Profesyonel Ekip<\/h2>\t\t<\/div>\n\t\t\t\t<\/div>\n\t\t\t\t<div class=\"elementor-element elementor-element-330699be elementor-widget elementor-widget-text-editor\" data-id=\"330699be\" data-element_type=\"widget\" data-widget_type=\"text-editor.default\">\n\t\t\t\t<div class=\"elementor-widget-container\">\n\t\t\t<style>\/*! elementor - v3.18.0 - 20-12-2023 *\/\n.elementor-widget-text-editor.elementor-drop-cap-view-stacked .elementor-drop-cap{background-color:#69727d;color:#fff}.elementor-widget-text-editor.elementor-drop-cap-view-framed .elementor-drop-cap{color:#69727d;border:3px solid;background-color:transparent}.elementor-widget-text-editor:not(.elementor-drop-cap-view-default) .elementor-drop-cap{margin-top:8px}.elementor-widget-text-editor:not(.elementor-drop-cap-view-default) .elementor-drop-cap-letter{width:1em;height:1em}.elementor-widget-text-editor .elementor-drop-cap{float:left;text-align:center;line-height:1;font-size:50px}.elementor-widget-text-editor .elementor-drop-cap-letter{display:inline-block}<\/style>\t\t\t\tLorem ipsum dolor sit amet, consectetur adipiscing elit, sed do eiusmod tempor incididunt ut labore et dolore magna aliqua\t\t\t\t\t\t<\/div>\n\t\t\t\t<\/div>\n\t\t\t\t<section class=\"elementor-section elementor-inner-section elementor-element elementor-element-65b25d06 elementor-section-boxed elementor-section-height-default elementor-section-height-default\" data-id=\"65b25d06\" data-element_type=\"section\">\n\t\t\t\t\t\t<div class=\"elementor-container elementor-column-gap-no\">\n\t\t\t\t\t<div class=\"elementor-column elementor-col-33 elementor-inner-column elementor-element elementor-element-38a2e5bb\" data-id=\"38a2e5bb\" data-element_type=\"column\">\n\t\t\t<div class=\"elementor-widget-wrap elementor-element-populated\">\n\t\t\t\t\t\t\t\t<div class=\"elementor-element elementor-element-1b121e6e elementor-widget elementor-widget-jkit_team\" data-id=\"1b121e6e\" data-element_type=\"widget\" data-widget_type=\"jkit_team.default\">\n\t\t\t\t<div class=\"elementor-widget-container\">\n\t\t\t<div  class=\"jeg-elementor-kit jkit-team style-overlay overlay-scale jeg_module___69d75ae3e0de5\" ><div class=\"profile-card \"><img decoding=\"async\" src=\"https:\/\/dent.webcrix.com\/tema-21\/wp-content\/uploads\/sites\/22\/2022\/07\/female-dentist-posing-in-office-H89D7UA.jpg\"  alt=\"Elif C\">\n                <div class=\"hover-area alignment-bottom\"><div class=\"profile-body\">\n                <h3 class=\"profile-title\">Elif C<\/h3>\n                <p class=\"profile-designation\">Ortodontist<\/p>\n                \n                <ul class=\"social-list\"><li class=\"social-icon elementor-repeater-item-c625a9a\"><a href=\"#\"  ><i aria-hidden=\"true\" class=\"fab fa-facebook-f\"><\/i><\/a><\/li><li class=\"social-icon elementor-repeater-item-3a36d8c\"><a href=\"#\"  ><i aria-hidden=\"true\" class=\"fab fa-twitter\"><\/i><\/a><\/li><li class=\"social-icon elementor-repeater-item-e9c8942\"><a href=\"https:\/\/pinterest.com\"  ><i aria-hidden=\"true\" class=\"fab fa-pinterest-p\"><\/i><\/a><\/li><\/ul>\n            <\/div><\/div>\n            <\/div><\/div>\t\t<\/div>\n\t\t\t\t<\/div>\n\t\t\t\t\t<\/div>\n\t\t<\/div>\n\t\t\t\t<div class=\"elementor-column elementor-col-33 elementor-inner-column elementor-element elementor-element-3ac12917\" data-id=\"3ac12917\" data-element_type=\"column\">\n\t\t\t<div class=\"elementor-widget-wrap elementor-element-populated\">\n\t\t\t\t\t\t\t\t<div class=\"elementor-element elementor-element-10cdee3a elementor-widget elementor-widget-jkit_team\" data-id=\"10cdee3a\" data-element_type=\"widget\" data-widget_type=\"jkit_team.default\">\n\t\t\t\t<div class=\"elementor-widget-container\">\n\t\t\t<div  class=\"jeg-elementor-kit jkit-team style-overlay overlay-scale jeg_module__1_69d75ae3e30da\" ><div class=\"profile-card \"><img decoding=\"async\" src=\"https:\/\/dent.webcrix.com\/tema-21\/wp-content\/uploads\/sites\/22\/2022\/07\/dentist-in-clinic-G862RTP.jpg\"  alt=\"Melisa C\">\n                <div class=\"hover-area alignment-bottom\"><div class=\"profile-body\">\n                <h3 class=\"profile-title\">Melisa C<\/h3>\n                <p class=\"profile-designation\">Di\u015f Hekimi<\/p>\n                \n                <ul class=\"social-list\"><li class=\"social-icon elementor-repeater-item-c625a9a\"><a href=\"#\"  ><i aria-hidden=\"true\" class=\"fab fa-facebook-f\"><\/i><\/a><\/li><li class=\"social-icon elementor-repeater-item-3a36d8c\"><a href=\"#\"  ><i aria-hidden=\"true\" class=\"fab fa-twitter\"><\/i><\/a><\/li><li class=\"social-icon elementor-repeater-item-e9c8942\"><a href=\"https:\/\/pinterest.com\"  ><i aria-hidden=\"true\" class=\"fab fa-pinterest-p\"><\/i><\/a><\/li><\/ul>\n            <\/div><\/div>\n            <\/div><\/div>\t\t<\/div>\n\t\t\t\t<\/div>\n\t\t\t\t\t<\/div>\n\t\t<\/div>\n\t\t\t\t<div class=\"elementor-column elementor-col-33 elementor-inner-column elementor-element elementor-element-ffd5cb7\" data-id=\"ffd5cb7\" data-element_type=\"column\">\n\t\t\t<div class=\"elementor-widget-wrap elementor-element-populated\">\n\t\t\t\t\t\t\t\t<div class=\"elementor-element elementor-element-37ed14be elementor-widget elementor-widget-jkit_team\" data-id=\"37ed14be\" data-element_type=\"widget\" data-widget_type=\"jkit_team.default\">\n\t\t\t\t<div class=\"elementor-widget-container\">\n\t\t\t<div  class=\"jeg-elementor-kit jkit-team style-overlay overlay-scale jeg_module__2_69d75ae3e4eff\" ><div class=\"profile-card \"><img decoding=\"async\" src=\"https:\/\/dent.webcrix.com\/tema-21\/wp-content\/uploads\/sites\/22\/2022\/07\/middle-eastern-dentist-posing-by-chair-3WJ4MEV.jpg\"  alt=\"Murat C\">\n                <div class=\"hover-area alignment-bottom\"><div class=\"profile-body\">\n                <h3 class=\"profile-title\">Murat C<\/h3>\n                <p class=\"profile-designation\">Di\u015f Hekimi<\/p>\n                \n                <ul class=\"social-list\"><li class=\"social-icon elementor-repeater-item-c625a9a\"><a href=\"#\"  ><i aria-hidden=\"true\" class=\"fab fa-facebook-f\"><\/i><\/a><\/li><li class=\"social-icon elementor-repeater-item-3a36d8c\"><a href=\"#\"  ><i aria-hidden=\"true\" class=\"fab fa-twitter\"><\/i><\/a><\/li><li class=\"social-icon elementor-repeater-item-e9c8942\"><a href=\"https:\/\/pinterest.com\"  ><i aria-hidden=\"true\" class=\"fab fa-pinterest-p\"><\/i><\/a><\/li><\/ul>\n            <\/div><\/div>\n            <\/div><\/div>\t\t<\/div>\n\t\t\t\t<\/div>\n\t\t\t\t\t<\/div>\n\t\t<\/div>\n\t\t\t\t\t\t\t<\/div>\n\t\t<\/section>\n\t\t\t\t<section class=\"elementor-section elementor-inner-section elementor-element elementor-element-6ef4c743 elementor-section-boxed elementor-section-height-default elementor-section-height-default\" data-id=\"6ef4c743\" data-element_type=\"section\">\n\t\t\t\t\t\t<div class=\"elementor-container elementor-column-gap-no\">\n\t\t\t\t\t<div class=\"elementor-column elementor-col-33 elementor-inner-column elementor-element elementor-element-185b33e4\" data-id=\"185b33e4\" data-element_type=\"column\">\n\t\t\t<div class=\"elementor-widget-wrap elementor-element-populated\">\n\t\t\t\t\t\t\t\t<div class=\"elementor-element elementor-element-17145c1b elementor-widget elementor-widget-jkit_team\" data-id=\"17145c1b\" data-element_type=\"widget\" data-widget_type=\"jkit_team.default\">\n\t\t\t\t<div class=\"elementor-widget-container\">\n\t\t\t<div  class=\"jeg-elementor-kit jkit-team style-overlay overlay-scale jeg_module__3_69d75ae3e74c6\" ><div class=\"profile-card \"><img decoding=\"async\" src=\"https:\/\/dent.webcrix.com\/tema-21\/wp-content\/uploads\/sites\/22\/2022\/07\/beautiful-female-dentist-portrait-VVA6T8L.jpg\"  alt=\"Arzu C\">\n                <div class=\"hover-area alignment-bottom\"><div class=\"profile-body\">\n                <h3 class=\"profile-title\">Arzu C<\/h3>\n                <p class=\"profile-designation\">Asistan<\/p>\n                \n                <ul class=\"social-list\"><li class=\"social-icon elementor-repeater-item-c625a9a\"><a href=\"#\"  ><i aria-hidden=\"true\" class=\"fab fa-facebook-f\"><\/i><\/a><\/li><li class=\"social-icon elementor-repeater-item-3a36d8c\"><a href=\"#\"  ><i aria-hidden=\"true\" class=\"fab fa-twitter\"><\/i><\/a><\/li><li class=\"social-icon elementor-repeater-item-e9c8942\"><a href=\"https:\/\/pinterest.com\"  ><i aria-hidden=\"true\" class=\"fab fa-pinterest-p\"><\/i><\/a><\/li><\/ul>\n            <\/div><\/div>\n            <\/div><\/div>\t\t<\/div>\n\t\t\t\t<\/div>\n\t\t\t\t\t<\/div>\n\t\t<\/div>\n\t\t\t\t<div class=\"elementor-column elementor-col-33 elementor-inner-column elementor-element elementor-element-15e6d327\" data-id=\"15e6d327\" data-element_type=\"column\">\n\t\t\t<div class=\"elementor-widget-wrap elementor-element-populated\">\n\t\t\t\t\t\t\t\t<div class=\"elementor-element elementor-element-7b96acfb elementor-widget elementor-widget-jkit_team\" data-id=\"7b96acfb\" data-element_type=\"widget\" data-widget_type=\"jkit_team.default\">\n\t\t\t\t<div class=\"elementor-widget-container\">\n\t\t\t<div  class=\"jeg-elementor-kit jkit-team style-overlay overlay-scale jeg_module__4_69d75ae3e9390\" ><div class=\"profile-card \"><img decoding=\"async\" src=\"https:\/\/dent.webcrix.com\/tema-21\/wp-content\/uploads\/sites\/22\/2022\/07\/smiling-female-dentist-dental-clinic-JBF6ZRX.jpg\"  alt=\"Mrrve C\">\n                <div class=\"hover-area alignment-bottom\"><div class=\"profile-body\">\n                <h3 class=\"profile-title\">Mrrve C<\/h3>\n                <p class=\"profile-designation\">Asistan<\/p>\n                \n                <ul class=\"social-list\"><li class=\"social-icon elementor-repeater-item-c625a9a\"><a href=\"#\"  ><i aria-hidden=\"true\" class=\"fab fa-facebook-f\"><\/i><\/a><\/li><li class=\"social-icon elementor-repeater-item-3a36d8c\"><a href=\"#\"  ><i aria-hidden=\"true\" class=\"fab fa-twitter\"><\/i><\/a><\/li><li class=\"social-icon elementor-repeater-item-e9c8942\"><a href=\"https:\/\/pinterest.com\"  ><i aria-hidden=\"true\" class=\"fab fa-pinterest-p\"><\/i><\/a><\/li><\/ul>\n            <\/div><\/div>\n            <\/div><\/div>\t\t<\/div>\n\t\t\t\t<\/div>\n\t\t\t\t\t<\/div>\n\t\t<\/div>\n\t\t\t\t<div class=\"elementor-column elementor-col-33 elementor-inner-column elementor-element elementor-element-5884e13c\" data-id=\"5884e13c\" data-element_type=\"column\">\n\t\t\t<div class=\"elementor-widget-wrap elementor-element-populated\">\n\t\t\t\t\t\t\t\t<div class=\"elementor-element elementor-element-393c6a26 elementor-widget elementor-widget-jkit_team\" data-id=\"393c6a26\" data-element_type=\"widget\" data-widget_type=\"jkit_team.default\">\n\t\t\t\t<div class=\"elementor-widget-container\">\n\t\t\t<div  class=\"jeg-elementor-kit jkit-team style-overlay overlay-scale jeg_module__5_69d75ae3eb3be\" ><div class=\"profile-card \"><img decoding=\"async\" src=\"https:\/\/dent.webcrix.com\/tema-21\/wp-content\/uploads\/sites\/22\/2022\/07\/smiling-dentist-standing-with-arms-crossed-P55SNTE-1.jpg\"  alt=\"Ahmet C\">\n                <div class=\"hover-area alignment-bottom\"><div class=\"profile-body\">\n                <h3 class=\"profile-title\">Ahmet C<\/h3>\n                <p class=\"profile-designation\">Banko G\u00f6revlisi<\/p>\n                \n                <ul class=\"social-list\"><li class=\"social-icon elementor-repeater-item-c625a9a\"><a href=\"#\"  ><i aria-hidden=\"true\" class=\"fab fa-facebook-f\"><\/i><\/a><\/li><li class=\"social-icon elementor-repeater-item-3a36d8c\"><a href=\"#\"  ><i aria-hidden=\"true\" class=\"fab fa-twitter\"><\/i><\/a><\/li><li class=\"social-icon elementor-repeater-item-e9c8942\"><a href=\"https:\/\/pinterest.com\"  ><i aria-hidden=\"true\" class=\"fab fa-pinterest-p\"><\/i><\/a><\/li><\/ul>\n            <\/div><\/div>\n            <\/div><\/div>\t\t<\/div>\n\t\t\t\t<\/div>\n\t\t\t\t\t<\/div>\n\t\t<\/div>\n\t\t\t\t\t\t\t<\/div>\n\t\t<\/section>\n\t\t\t\t\t<\/div>\n\t\t<\/div>\n\t\t\t\t\t\t\t<\/div>\n\t\t<\/section>\n\t\t\t\t\t\t\t<\/div>\n\t\t","protected":false},"excerpt":{"rendered":"<p>Medikal Kadro Doktorlar\u0131m\u0131z Profesyonel Ekip Lorem ipsum dolor sit amet, consectetur adipiscing elit, sed do eiusmod tempor incididunt ut labore et dolore magna aliqua Elif C Ortodontist Melisa C Di\u015f Hekimi Murat C Di\u015f Hekimi Arzu C Asistan Mrrve C Asistan Ahmet C Banko G\u00f6revlisi<\/p>\n","protected":false},"author":3,"featured_media":0,"parent":0,"menu_order":0,"comment_status":"closed","ping_status":"closed","template":"elementor_header_footer","meta":{"footnotes":""},"class_list":["post-130","page","type-page","status-publish","hentry"],"_links":{"self":[{"href":"https:\/\/dent.webcrix.com\/tema-21\/wp-json\/wp\/v2\/pages\/130","targetHints":{"allow":["GET"]}}],"collection":[{"href":"https:\/\/dent.webcrix.com\/tema-21\/wp-json\/wp\/v2\/pages"}],"about":[{"href":"https:\/\/dent.webcrix.com\/tema-21\/wp-json\/wp\/v2\/types\/page"}],"author":[{"embeddable":true,"href":"https:\/\/dent.webcrix.com\/tema-21\/wp-json\/wp\/v2\/users\/3"}],"replies":[{"embeddable":true,"href":"https:\/\/dent.webcrix.com\/tema-21\/wp-json\/wp\/v2\/comments?post=130"}],"version-history":[{"count":14,"href":"https:\/\/dent.webcrix.com\/tema-21\/wp-json\/wp\/v2\/pages\/130\/revisions"}],"predecessor-version":[{"id":307,"href":"https:\/\/dent.webcrix.com\/tema-21\/wp-json\/wp\/v2\/pages\/130\/revisions\/307"}],"wp:attachment":[{"href":"https:\/\/dent.webcrix.com\/tema-21\/wp-json\/wp\/v2\/media?parent=130"}],"curies":[{"name":"wp","href":"https:\/\/api.w.org\/{rel}","templated":true}]}}