{"id":220,"date":"2022-07-20T10:47:04","date_gmt":"2022-07-20T07:47:04","guid":{"rendered":"https:\/\/dent.webcrix.com\/tema-3\/?page_id=220"},"modified":"2024-02-14T13:04:27","modified_gmt":"2024-02-14T10:04:27","slug":"hizmet-detay","status":"publish","type":"page","link":"https:\/\/dent.webcrix.com\/tema-3\/hizmet-detay\/","title":{"rendered":"Hizmet Detay"},"content":{"rendered":"\t\t<div data-elementor-type=\"wp-page\" data-elementor-id=\"220\" class=\"elementor elementor-220\">\n\t\t\t\t\t\t\t\t\t<section class=\"elementor-section elementor-top-section elementor-element elementor-element-7ce381c8 elementor-section-height-min-height elementor-section-content-middle elementor-section-boxed elementor-section-height-default elementor-section-items-middle\" data-id=\"7ce381c8\" data-element_type=\"section\" data-settings=\"{&quot;background_background&quot;:&quot;classic&quot;}\">\n\t\t\t\t\t\t\t<div class=\"elementor-background-overlay\"><\/div>\n\t\t\t\t\t\t\t<div class=\"elementor-container elementor-column-gap-default\">\n\t\t\t\t\t<div class=\"elementor-column elementor-col-100 elementor-top-column elementor-element elementor-element-46284270\" data-id=\"46284270\" data-element_type=\"column\">\n\t\t\t<div class=\"elementor-widget-wrap elementor-element-populated\">\n\t\t\t\t\t\t\t\t<div class=\"elementor-element elementor-element-8c2fd83 elementor-widget elementor-widget-heading\" data-id=\"8c2fd83\" data-element_type=\"widget\" data-widget_type=\"heading.default\">\n\t\t\t\t<div class=\"elementor-widget-container\">\n\t\t\t<style>\/*! elementor - v3.18.0 - 20-12-2023 *\/\n.elementor-heading-title{padding:0;margin:0;line-height:1}.elementor-widget-heading .elementor-heading-title[class*=elementor-size-]>a{color:inherit;font-size:inherit;line-height:inherit}.elementor-widget-heading .elementor-heading-title.elementor-size-small{font-size:15px}.elementor-widget-heading .elementor-heading-title.elementor-size-medium{font-size:19px}.elementor-widget-heading .elementor-heading-title.elementor-size-large{font-size:29px}.elementor-widget-heading .elementor-heading-title.elementor-size-xl{font-size:39px}.elementor-widget-heading .elementor-heading-title.elementor-size-xxl{font-size:59px}<\/style><h2 class=\"elementor-heading-title elementor-size-default\">Dental \u0130mplant<\/h2>\t\t<\/div>\n\t\t\t\t<\/div>\n\t\t\t\t\t<\/div>\n\t\t<\/div>\n\t\t\t\t\t\t\t<\/div>\n\t\t<\/section>\n\t\t\t\t<section class=\"elementor-section elementor-top-section elementor-element elementor-element-6b3538e5 elementor-section-height-min-height elementor-section-content-middle elementor-section-boxed elementor-section-height-default elementor-section-items-middle\" data-id=\"6b3538e5\" data-element_type=\"section\" data-settings=\"{&quot;background_background&quot;:&quot;gradient&quot;}\">\n\t\t\t\t\t\t<div class=\"elementor-container elementor-column-gap-no\">\n\t\t\t\t\t<div class=\"elementor-column elementor-col-50 elementor-top-column elementor-element elementor-element-5fa6a799\" data-id=\"5fa6a799\" data-element_type=\"column\">\n\t\t\t<div class=\"elementor-widget-wrap elementor-element-populated\">\n\t\t\t\t\t\t\t\t<div class=\"elementor-element elementor-element-cbee37f premium-header-inline premium-header-inline elementor-widget elementor-widget-premium-addon-dual-header\" data-id=\"cbee37f\" data-element_type=\"widget\" data-widget_type=\"premium-addon-dual-header.default\">\n\t\t\t\t<div class=\"elementor-widget-container\">\n\t\t\t\r\n\t\t\t\t\t<h4 class=\"premium-dual-header-first-header \"><span class=\"premium-dual-header-first-span\">Yard\u0131ma m\u0131 ihtiyac\u0131n\u0131z var ? <\/span><span class=\"premium-dual-header-second-header \">Hemen Bizi Aray\u0131n<\/span><\/h4> \t\t\r\n\t\t\t\t<\/div>\n\t\t\t\t<\/div>\n\t\t\t\t\t<\/div>\n\t\t<\/div>\n\t\t\t\t<div class=\"elementor-column elementor-col-50 elementor-top-column elementor-element elementor-element-7a402e36\" data-id=\"7a402e36\" data-element_type=\"column\">\n\t\t\t<div class=\"elementor-widget-wrap elementor-element-populated\">\n\t\t\t\t\t\t\t\t<div class=\"elementor-element elementor-element-3db02f51 elementor-button-info elementor-align-right elementor-mobile-align-right elementor-widget elementor-widget-button\" data-id=\"3db02f51\" data-element_type=\"widget\" data-widget_type=\"button.default\">\n\t\t\t\t<div class=\"elementor-widget-container\">\n\t\t\t\t\t<div class=\"elementor-button-wrapper\">\n\t\t\t<a class=\"elementor-button elementor-button-link elementor-size-sm elementor-animation-shrink\" href=\"#\">\n\t\t\t\t\t\t<span class=\"elementor-button-content-wrapper\">\n\t\t\t\t\t\t<span class=\"elementor-button-text\">(+1) 352-361-1779<\/span>\n\t\t<\/span>\n\t\t\t\t\t<\/a>\n\t\t<\/div>\n\t\t\t\t<\/div>\n\t\t\t\t<\/div>\n\t\t\t\t\t<\/div>\n\t\t<\/div>\n\t\t\t\t\t\t\t<\/div>\n\t\t<\/section>\n\t\t\t\t<section class=\"elementor-section elementor-top-section elementor-element elementor-element-453a2b5b elementor-section-content-middle elementor-section-boxed elementor-section-height-default elementor-section-height-default\" data-id=\"453a2b5b\" data-element_type=\"section\">\n\t\t\t\t\t\t<div class=\"elementor-container elementor-column-gap-default\">\n\t\t\t\t\t<div class=\"elementor-column elementor-col-50 elementor-top-column elementor-element elementor-element-75dec516\" data-id=\"75dec516\" data-element_type=\"column\">\n\t\t\t<div class=\"elementor-widget-wrap elementor-element-populated\">\n\t\t\t\t\t\t\t\t<div class=\"elementor-element elementor-element-3dfacc3b premium-header-inline elementor-widget elementor-widget-premium-addon-dual-header\" data-id=\"3dfacc3b\" data-element_type=\"widget\" data-widget_type=\"premium-addon-dual-header.default\">\n\t\t\t\t<div class=\"elementor-widget-container\">\n\t\t\t\r\n\t\t\t\t\t<h3 class=\"premium-dual-header-first-header \"><span class=\"premium-dual-header-first-span\">Dental \u0130mplant <\/span><\/h3> \t\t\r\n\t\t\t\t<\/div>\n\t\t\t\t<\/div>\n\t\t\t\t<div class=\"elementor-element elementor-element-69b704d4 elementor-widget-divider--view-line elementor-widget elementor-widget-divider\" data-id=\"69b704d4\" data-element_type=\"widget\" data-widget_type=\"divider.default\">\n\t\t\t\t<div class=\"elementor-widget-container\">\n\t\t\t<style>\/*! elementor - v3.18.0 - 20-12-2023 *\/\n.elementor-widget-divider{--divider-border-style:none;--divider-border-width:1px;--divider-color:#0c0d0e;--divider-icon-size:20px;--divider-element-spacing:10px;--divider-pattern-height:24px;--divider-pattern-size:20px;--divider-pattern-url:none;--divider-pattern-repeat:repeat-x}.elementor-widget-divider .elementor-divider{display:flex}.elementor-widget-divider .elementor-divider__text{font-size:15px;line-height:1;max-width:95%}.elementor-widget-divider .elementor-divider__element{margin:0 var(--divider-element-spacing);flex-shrink:0}.elementor-widget-divider .elementor-icon{font-size:var(--divider-icon-size)}.elementor-widget-divider .elementor-divider-separator{display:flex;margin:0;direction:ltr}.elementor-widget-divider--view-line_icon .elementor-divider-separator,.elementor-widget-divider--view-line_text .elementor-divider-separator{align-items:center}.elementor-widget-divider--view-line_icon .elementor-divider-separator:after,.elementor-widget-divider--view-line_icon .elementor-divider-separator:before,.elementor-widget-divider--view-line_text .elementor-divider-separator:after,.elementor-widget-divider--view-line_text .elementor-divider-separator:before{display:block;content:\"\";border-bottom:0;flex-grow:1;border-top:var(--divider-border-width) var(--divider-border-style) var(--divider-color)}.elementor-widget-divider--element-align-left .elementor-divider .elementor-divider-separator>.elementor-divider__svg:first-of-type{flex-grow:0;flex-shrink:100}.elementor-widget-divider--element-align-left .elementor-divider-separator:before{content:none}.elementor-widget-divider--element-align-left .elementor-divider__element{margin-left:0}.elementor-widget-divider--element-align-right .elementor-divider .elementor-divider-separator>.elementor-divider__svg:last-of-type{flex-grow:0;flex-shrink:100}.elementor-widget-divider--element-align-right .elementor-divider-separator:after{content:none}.elementor-widget-divider--element-align-right .elementor-divider__element{margin-right:0}.elementor-widget-divider:not(.elementor-widget-divider--view-line_text):not(.elementor-widget-divider--view-line_icon) .elementor-divider-separator{border-top:var(--divider-border-width) var(--divider-border-style) var(--divider-color)}.elementor-widget-divider--separator-type-pattern{--divider-border-style:none}.elementor-widget-divider--separator-type-pattern.elementor-widget-divider--view-line .elementor-divider-separator,.elementor-widget-divider--separator-type-pattern:not(.elementor-widget-divider--view-line) .elementor-divider-separator:after,.elementor-widget-divider--separator-type-pattern:not(.elementor-widget-divider--view-line) .elementor-divider-separator:before,.elementor-widget-divider--separator-type-pattern:not([class*=elementor-widget-divider--view]) .elementor-divider-separator{width:100%;min-height:var(--divider-pattern-height);-webkit-mask-size:var(--divider-pattern-size) 100%;mask-size:var(--divider-pattern-size) 100%;-webkit-mask-repeat:var(--divider-pattern-repeat);mask-repeat:var(--divider-pattern-repeat);background-color:var(--divider-color);-webkit-mask-image:var(--divider-pattern-url);mask-image:var(--divider-pattern-url)}.elementor-widget-divider--no-spacing{--divider-pattern-size:auto}.elementor-widget-divider--bg-round{--divider-pattern-repeat:round}.rtl .elementor-widget-divider .elementor-divider__text{direction:rtl}.e-con-inner>.elementor-widget-divider,.e-con>.elementor-widget-divider{width:var(--container-widget-width,100%);--flex-grow:var(--container-widget-flex-grow)}<\/style>\t\t<div class=\"elementor-divider\">\n\t\t\t<span class=\"elementor-divider-separator\">\n\t\t\t\t\t\t<\/span>\n\t\t<\/div>\n\t\t\t\t<\/div>\n\t\t\t\t<\/div>\n\t\t\t\t<div class=\"elementor-element elementor-element-3f747ce4 elementor-widget elementor-widget-text-editor\" data-id=\"3f747ce4\" data-element_type=\"widget\" data-widget_type=\"text-editor.default\">\n\t\t\t\t<div class=\"elementor-widget-container\">\n\t\t\t<style>\/*! elementor - v3.18.0 - 20-12-2023 *\/\n.elementor-widget-text-editor.elementor-drop-cap-view-stacked .elementor-drop-cap{background-color:#69727d;color:#fff}.elementor-widget-text-editor.elementor-drop-cap-view-framed .elementor-drop-cap{color:#69727d;border:3px solid;background-color:transparent}.elementor-widget-text-editor:not(.elementor-drop-cap-view-default) .elementor-drop-cap{margin-top:8px}.elementor-widget-text-editor:not(.elementor-drop-cap-view-default) .elementor-drop-cap-letter{width:1em;height:1em}.elementor-widget-text-editor .elementor-drop-cap{float:left;text-align:center;line-height:1;font-size:50px}.elementor-widget-text-editor .elementor-drop-cap-letter{display:inline-block}<\/style>\t\t\t\t<p><strong>\u0130mplant<\/strong>\u00a0hem di\u015f tedavilerinde kullan\u0131lan \u00e7e\u015fitli par\u00e7alar\u0131n genel ad\u0131d\u0131r hem de bir tedavi y\u00f6ntemidir. En temelde di\u015f etlerinin alt\u0131nda yer alan \u00e7ene kemi\u011fine cerrahi operasyonla yerle\u015ftirilen plak, \u00e7ivi ve vidalara verilen add\u0131r. Bunlar titanyumdan imal edilir ve insan v\u00fccuduna herhangi bir yan etkisi yoktur. Bu sayede yerle\u015ftirildikten sonra ki\u015finin do\u011fal di\u015flerinin fonksiyonunu \u00fcstlenir. G\u00fcn\u00fcm\u00fcz \u015fartlar\u0131nda do\u011fal di\u015flere en iyi alternatif olarak kabul edilmektedir.<\/p><p><strong>\u0130mplant di\u015f<\/strong>\u00a0asl\u0131nda teknolojinin bir sonucudur. Sa\u011fl\u0131k sekt\u00f6r\u00fcn\u00fcn tamam\u0131nda oldu\u011fu gibi di\u015f sa\u011fl\u0131\u011f\u0131nda da teknoloji her ge\u00e7en g\u00fcn geli\u015fmeye devam etmektedir. Kimi zaman ya\u015fa ba\u011fl\u0131 kimi zaman \u00e7e\u015fitli sa\u011fl\u0131k sorunlar\u0131 kimi zamansa \u00e7evresel etkenlerle di\u015f kay\u0131plar\u0131 en s\u0131k kar\u015f\u0131la\u015f\u0131lan sorunlardan birisidir. Di\u015f kayb\u0131 ise hangi ya\u015fta olursa olsun ki\u015finin ya\u015fam kalitesini do\u011frudan etkiler. Teknolojik olarak da her zaman kaybolan di\u015fler yerine do\u011fal\u0131na en yak\u0131n\u0131n\u0131 bulma aray\u0131\u015f\u0131 olmu\u015ftur. Tam da bu noktada geleneksel k\u00f6pr\u00fc ve protezlere k\u0131yasla implantlar hem konu\u015fma hem de \u00e7i\u011fneme fonksiyonunu daha iyi yerine getirmektedirler.<\/p>\t\t\t\t\t\t<\/div>\n\t\t\t\t<\/div>\n\t\t\t\t<div class=\"elementor-element elementor-element-5e90c51e elementor-widget-divider--view-line elementor-widget elementor-widget-divider\" data-id=\"5e90c51e\" data-element_type=\"widget\" data-widget_type=\"divider.default\">\n\t\t\t\t<div class=\"elementor-widget-container\">\n\t\t\t\t\t<div class=\"elementor-divider\">\n\t\t\t<span class=\"elementor-divider-separator\">\n\t\t\t\t\t\t<\/span>\n\t\t<\/div>\n\t\t\t\t<\/div>\n\t\t\t\t<\/div>\n\t\t\t\t<section class=\"elementor-section elementor-inner-section elementor-element elementor-element-36e7ec0e elementor-section-boxed elementor-section-height-default elementor-section-height-default\" data-id=\"36e7ec0e\" data-element_type=\"section\">\n\t\t\t\t\t\t<div class=\"elementor-container elementor-column-gap-default\">\n\t\t\t\t\t<div class=\"elementor-column elementor-col-100 elementor-inner-column elementor-element elementor-element-410d1c8c\" data-id=\"410d1c8c\" data-element_type=\"column\">\n\t\t\t<div class=\"elementor-widget-wrap elementor-element-populated\">\n\t\t\t\t\t\t\t\t<div class=\"elementor-element elementor-element-449beffb premium-header-inline elementor-widget elementor-widget-premium-addon-dual-header\" data-id=\"449beffb\" data-element_type=\"widget\" data-widget_type=\"premium-addon-dual-header.default\">\n\t\t\t\t<div class=\"elementor-widget-container\">\n\t\t\t\r\n\t\t\t\t\t<h5 class=\"premium-dual-header-first-header \"><span class=\"premium-dual-header-first-span\">Dental \u0130mplant <\/span><span class=\"premium-dual-header-second-header \">Avantajlar\u0131<\/span><\/h5> \t\t\r\n\t\t\t\t<\/div>\n\t\t\t\t<\/div>\n\t\t\t\t<div class=\"elementor-element elementor-element-2ac54a8b elementor-widget elementor-widget-text-editor\" data-id=\"2ac54a8b\" data-element_type=\"widget\" data-widget_type=\"text-editor.default\">\n\t\t\t\t<div class=\"elementor-widget-container\">\n\t\t\t\t\t\t\t<p><strong>\u0130mplant di\u015f<\/strong>\u00a0tedavilerinde pek \u00e7ok avantaj\u0131 bir arada sunar. Bunlardan baz\u0131lar\u0131n\u0131 \u015f\u00f6yle s\u0131ralayabiliriz:<\/p>\t\t\t\t\t\t<\/div>\n\t\t\t\t<\/div>\n\t\t\t\t<div class=\"elementor-element elementor-element-2c10bae8 elementor-icon-list--layout-traditional elementor-list-item-link-full_width elementor-widget elementor-widget-icon-list\" data-id=\"2c10bae8\" data-element_type=\"widget\" data-widget_type=\"icon-list.default\">\n\t\t\t\t<div class=\"elementor-widget-container\">\n\t\t\t<link rel=\"stylesheet\" href=\"https:\/\/dent.webcrix.com\/tema-3\/wp-content\/plugins\/elementor\/assets\/css\/widget-icon-list.min.css\">\t\t<ul class=\"elementor-icon-list-items\">\n\t\t\t\t\t\t\t<li class=\"elementor-icon-list-item\">\n\t\t\t\t\t\t\t\t\t\t\t<span class=\"elementor-icon-list-icon\">\n\t\t\t\t\t\t\t<i aria-hidden=\"true\" class=\"fas fa-check\"><\/i>\t\t\t\t\t\t<\/span>\n\t\t\t\t\t\t\t\t\t\t<span class=\"elementor-icon-list-text\">Uygulama yap\u0131l\u0131rken sa\u011fl\u0131kl\u0131 di\u015flere herhangi bir zarar verilmez.<\/span>\n\t\t\t\t\t\t\t\t\t<\/li>\n\t\t\t\t\t\t\t\t<li class=\"elementor-icon-list-item\">\n\t\t\t\t\t\t\t\t\t\t\t<span class=\"elementor-icon-list-icon\">\n\t\t\t\t\t\t\t<i aria-hidden=\"true\" class=\"fas fa-check\"><\/i>\t\t\t\t\t\t<\/span>\n\t\t\t\t\t\t\t\t\t\t<span class=\"elementor-icon-list-text\">Protez di\u015flere nazaran daha uzun \u00f6m\u00fcrl\u00fc sonu\u00e7lar verir.<\/span>\n\t\t\t\t\t\t\t\t\t<\/li>\n\t\t\t\t\t\t\t\t<li class=\"elementor-icon-list-item\">\n\t\t\t\t\t\t\t\t\t\t\t<span class=\"elementor-icon-list-icon\">\n\t\t\t\t\t\t\t<i aria-hidden=\"true\" class=\"fas fa-check\"><\/i>\t\t\t\t\t\t<\/span>\n\t\t\t\t\t\t\t\t\t\t<span class=\"elementor-icon-list-text\">\u00c7ene kemi\u011fine kaynar. Bu sayede yapay di\u015fler i\u00e7in sabit destek \u00f6zelli\u011fi g\u00f6sterir.<\/span>\n\t\t\t\t\t\t\t\t\t<\/li>\n\t\t\t\t\t\t\t\t<li class=\"elementor-icon-list-item\">\n\t\t\t\t\t\t\t\t\t\t\t<span class=\"elementor-icon-list-icon\">\n\t\t\t\t\t\t\t<i aria-hidden=\"true\" class=\"fas fa-check\"><\/i>\t\t\t\t\t\t<\/span>\n\t\t\t\t\t\t\t\t\t\t<span class=\"elementor-icon-list-text\">\u0130mplantlara uygulanan protezlerin ve k\u00f6pr\u00fclerin a\u011f\u0131zda hareket etmesi s\u00f6z konusu de\u011fildir. Bu sayede tedavi sonras\u0131 konu\u015fma problemleri ya da \u00e7i\u011fneme problemleri olu\u015fmamaktad\u0131r.<\/span>\n\t\t\t\t\t\t\t\t\t<\/li>\n\t\t\t\t\t\t<\/ul>\n\t\t\t\t<\/div>\n\t\t\t\t<\/div>\n\t\t\t\t<div class=\"elementor-element elementor-element-900eead elementor-widget elementor-widget-text-editor\" data-id=\"900eead\" data-element_type=\"widget\" data-widget_type=\"text-editor.default\">\n\t\t\t\t<div class=\"elementor-widget-container\">\n\t\t\t\t\t\t\t<p>\u0130mplant tedavisinde di\u015fe g\u00f6re uygulama yap\u0131l\u0131r. Yani kaybedilen bir di\u015fin yerine yerle\u015ftirilir. B\u00f6ylece sa\u011flam di\u015flere k\u00f6pr\u00fc yap\u0131lmas\u0131 ve k\u00f6pr\u00fcyle sa\u011flam di\u015flerin kaybedilmesi \u00f6nlenir.<\/p>\t\t\t\t\t\t<\/div>\n\t\t\t\t<\/div>\n\t\t\t\t<div class=\"elementor-element elementor-element-3ac0bf24 elementor-widget-divider--view-line elementor-widget elementor-widget-divider\" data-id=\"3ac0bf24\" data-element_type=\"widget\" data-widget_type=\"divider.default\">\n\t\t\t\t<div class=\"elementor-widget-container\">\n\t\t\t\t\t<div class=\"elementor-divider\">\n\t\t\t<span class=\"elementor-divider-separator\">\n\t\t\t\t\t\t<\/span>\n\t\t<\/div>\n\t\t\t\t<\/div>\n\t\t\t\t<\/div>\n\t\t\t\t\t<\/div>\n\t\t<\/div>\n\t\t\t\t\t\t\t<\/div>\n\t\t<\/section>\n\t\t\t\t<section class=\"elementor-section elementor-inner-section elementor-element elementor-element-59088a3c elementor-section-boxed elementor-section-height-default elementor-section-height-default\" data-id=\"59088a3c\" data-element_type=\"section\">\n\t\t\t\t\t\t<div class=\"elementor-container elementor-column-gap-default\">\n\t\t\t\t\t<div class=\"elementor-column elementor-col-100 elementor-inner-column elementor-element elementor-element-d9ff509\" data-id=\"d9ff509\" data-element_type=\"column\">\n\t\t\t<div class=\"elementor-widget-wrap elementor-element-populated\">\n\t\t\t\t\t\t\t\t<div class=\"elementor-element elementor-element-7db237a5 premium-header-inline elementor-widget elementor-widget-premium-addon-dual-header\" data-id=\"7db237a5\" data-element_type=\"widget\" data-widget_type=\"premium-addon-dual-header.default\">\n\t\t\t\t<div class=\"elementor-widget-container\">\n\t\t\t\r\n\t\t\t\t\t<h5 class=\"premium-dual-header-first-header \"><span class=\"premium-dual-header-first-span\">\u0130mplant Fiyatlar\u0131 <\/span><\/h5> \t\t\r\n\t\t\t\t<\/div>\n\t\t\t\t<\/div>\n\t\t\t\t<div class=\"elementor-element elementor-element-1377bef2 elementor-widget elementor-widget-text-editor\" data-id=\"1377bef2\" data-element_type=\"widget\" data-widget_type=\"text-editor.default\">\n\t\t\t\t<div class=\"elementor-widget-container\">\n\t\t\t\t\t\t\t<p><strong>\u0130mplant<\/strong>\u00a0tedavileri be\u015f a\u015famada ger\u00e7ekle\u015ftirilir. Bunlar muayene, operasyon, iyile\u015fme, \u00fcst yap\u0131 iyile\u015ftirilmesi ve protez uygulamas\u0131 \u015feklindedir. Kemik geli\u015fimini tamamlayan herkese bu tedavi uygulanabilir ve operasyon sonras\u0131nda iyile\u015fme s\u00fcreci 3-4 ay zarf\u0131nda tamamlan\u0131r.<\/p><p><strong>\u0130mplant<\/strong>\u00a0<strong>fiyatlar\u0131\u00a0<\/strong>di\u011fer geleneksel uygulamalara nazaran ilk etapta biraz y\u00fcksek gelebilse de uzun \u00f6m\u00fcrl\u00fc olmas\u0131 nedeniyle ekonomiktir. \u00c7\u00fcnk\u00fc gereken bak\u0131m yap\u0131ld\u0131\u011f\u0131 taktirde hasta \u00f6m\u00fcr boyu kullanmaya devam edebilir. V\u00fccudun herhangi bir \u015fekilde implant\u0131 reddetmesi s\u00f6z konusu de\u011fildir.<\/p><p><strong>\u0130mplant fiyatlar\u0131<\/strong>\u00a0hastan\u0131n tedavi gereksinimine g\u00f6re ve doktorun uzmanl\u0131\u011f\u0131na g\u00f6re de\u011fi\u015febilir. Tedaviden istenen neticenin al\u0131nabilmesi i\u00e7in \u00f6ncelik kalite ve g\u00fcvenilirlik olmal\u0131, i\u015fin ehli doktorlar ve donan\u0131ml\u0131 klinikler tercih edilmelidir. Merkezimiz bu alanda en iyi sonu\u00e7lara imza atmay\u0131 ba\u015farmaktad\u0131r.<\/p>\t\t\t\t\t\t<\/div>\n\t\t\t\t<\/div>\n\t\t\t\t\t<\/div>\n\t\t<\/div>\n\t\t\t\t\t\t\t<\/div>\n\t\t<\/section>\n\t\t\t\t\t<\/div>\n\t\t<\/div>\n\t\t\t\t<div class=\"elementor-column elementor-col-50 elementor-top-column elementor-element elementor-element-789ab38c\" data-id=\"789ab38c\" data-element_type=\"column\">\n\t\t\t<div class=\"elementor-widget-wrap elementor-element-populated\">\n\t\t\t\t\t\t\t\t<section class=\"elementor-section elementor-inner-section elementor-element elementor-element-604c4fe7 elementor-section-boxed elementor-section-height-default elementor-section-height-default\" data-id=\"604c4fe7\" data-element_type=\"section\">\n\t\t\t\t\t\t<div class=\"elementor-container elementor-column-gap-default\">\n\t\t\t\t\t<div class=\"elementor-column elementor-col-100 elementor-inner-column elementor-element elementor-element-ccd95e1\" data-id=\"ccd95e1\" data-element_type=\"column\">\n\t\t\t<div class=\"elementor-widget-wrap elementor-element-populated\">\n\t\t\t\t\t\t\t\t<div class=\"elementor-element elementor-element-b0728aa elementor-widget elementor-widget-image\" data-id=\"b0728aa\" data-element_type=\"widget\" data-widget_type=\"image.default\">\n\t\t\t\t<div class=\"elementor-widget-container\">\n\t\t\t<style>\/*! elementor - v3.18.0 - 20-12-2023 *\/\n.elementor-widget-image{text-align:center}.elementor-widget-image a{display:inline-block}.elementor-widget-image a img[src$=\".svg\"]{width:48px}.elementor-widget-image img{vertical-align:middle;display:inline-block}<\/style>\t\t\t\t\t\t\t\t\t\t\t\t<img fetchpriority=\"high\" decoding=\"async\" width=\"800\" height=\"534\" src=\"https:\/\/dent.webcrix.com\/tema-3\/wp-content\/uploads\/sites\/4\/2022\/07\/dent33-dental-implant-1024x683.jpg\" class=\"attachment-large size-large wp-image-223\" alt=\"\" srcset=\"https:\/\/dent.webcrix.com\/tema-3\/wp-content\/uploads\/sites\/4\/2022\/07\/dent33-dental-implant-1024x683.jpg 1024w, https:\/\/dent.webcrix.com\/tema-3\/wp-content\/uploads\/sites\/4\/2022\/07\/dent33-dental-implant-300x200.jpg 300w, https:\/\/dent.webcrix.com\/tema-3\/wp-content\/uploads\/sites\/4\/2022\/07\/dent33-dental-implant-768x512.jpg 768w, https:\/\/dent.webcrix.com\/tema-3\/wp-content\/uploads\/sites\/4\/2022\/07\/dent33-dental-implant-1536x1024.jpg 1536w, https:\/\/dent.webcrix.com\/tema-3\/wp-content\/uploads\/sites\/4\/2022\/07\/dent33-dental-implant.jpg 1920w\" sizes=\"(max-width: 800px) 100vw, 800px\" \/>\t\t\t\t\t\t\t\t\t\t\t\t\t\t\t<\/div>\n\t\t\t\t<\/div>\n\t\t\t\t\t<\/div>\n\t\t<\/div>\n\t\t\t\t\t\t\t<\/div>\n\t\t<\/section>\n\t\t\t\t\t<\/div>\n\t\t<\/div>\n\t\t\t\t\t\t\t<\/div>\n\t\t<\/section>\n\t\t\t\t\t\t\t<\/div>\n\t\t","protected":false},"excerpt":{"rendered":"<p>Dental \u0130mplant Yard\u0131ma m\u0131 ihtiyac\u0131n\u0131z var ? Hemen Bizi Aray\u0131n (+1) 352-361-1779 Dental \u0130mplant \u0130mplant\u00a0hem di\u015f tedavilerinde kullan\u0131lan \u00e7e\u015fitli par\u00e7alar\u0131n genel ad\u0131d\u0131r hem de bir tedavi y\u00f6ntemidir. En temelde di\u015f etlerinin alt\u0131nda yer alan \u00e7ene kemi\u011fine cerrahi operasyonla yerle\u015ftirilen plak, \u00e7ivi ve vidalara verilen add\u0131r. Bunlar titanyumdan imal edilir ve insan v\u00fccuduna herhangi bir yan [&hellip;]<\/p>\n","protected":false},"author":2,"featured_media":0,"parent":0,"menu_order":0,"comment_status":"closed","ping_status":"closed","template":"elementor_header_footer","meta":{"footnotes":""},"class_list":["post-220","page","type-page","status-publish","hentry"],"_links":{"self":[{"href":"https:\/\/dent.webcrix.com\/tema-3\/wp-json\/wp\/v2\/pages\/220","targetHints":{"allow":["GET"]}}],"collection":[{"href":"https:\/\/dent.webcrix.com\/tema-3\/wp-json\/wp\/v2\/pages"}],"about":[{"href":"https:\/\/dent.webcrix.com\/tema-3\/wp-json\/wp\/v2\/types\/page"}],"author":[{"embeddable":true,"href":"https:\/\/dent.webcrix.com\/tema-3\/wp-json\/wp\/v2\/users\/2"}],"replies":[{"embeddable":true,"href":"https:\/\/dent.webcrix.com\/tema-3\/wp-json\/wp\/v2\/comments?post=220"}],"version-history":[{"count":16,"href":"https:\/\/dent.webcrix.com\/tema-3\/wp-json\/wp\/v2\/pages\/220\/revisions"}],"predecessor-version":[{"id":487,"href":"https:\/\/dent.webcrix.com\/tema-3\/wp-json\/wp\/v2\/pages\/220\/revisions\/487"}],"wp:attachment":[{"href":"https:\/\/dent.webcrix.com\/tema-3\/wp-json\/wp\/v2\/media?parent=220"}],"curies":[{"name":"wp","href":"https:\/\/api.w.org\/{rel}","templated":true}]}}