{"id":198,"date":"2022-07-01T11:15:04","date_gmt":"2022-07-01T08:15:04","guid":{"rendered":"https:\/\/dent.webcrix.com\/tema-4\/?page_id=198"},"modified":"2022-07-07T12:24:33","modified_gmt":"2022-07-07T09:24:33","slug":"hizli-randevu","status":"publish","type":"page","link":"https:\/\/dent.webcrix.com\/tema-4\/hizli-randevu\/","title":{"rendered":"H\u0131zl\u0131 Randevu"},"content":{"rendered":"\t\t<div data-elementor-type=\"wp-page\" data-elementor-id=\"198\" class=\"elementor elementor-198\">\n\t\t\t\t\t\t\t\t\t<section class=\"elementor-section elementor-top-section elementor-element elementor-element-d77a004 elementor-section-boxed elementor-section-height-default elementor-section-height-default\" data-id=\"d77a004\" data-element_type=\"section\">\n\t\t\t\t\t\t<div class=\"elementor-container elementor-column-gap-default\">\n\t\t\t\t\t<div class=\"elementor-column elementor-col-100 elementor-top-column elementor-element elementor-element-96e67ae\" data-id=\"96e67ae\" data-element_type=\"column\">\n\t\t\t<div class=\"elementor-widget-wrap elementor-element-populated\">\n\t\t\t\t\t\t\t\t<div class=\"elementor-element elementor-element-c8eb637 elementor-widget elementor-widget-metform\" data-id=\"c8eb637\" data-element_type=\"widget\" data-widget_type=\"metform.default\">\n\t\t\t\t<div class=\"elementor-widget-container\">\n\t\t\t<div id=\"mf-response-props-id-269\" data-previous-steps-style=\"\" data-editswitchopen=\"\" data-response_type=\"alert\" data-erroricon=\"fas fa-exclamation-triangle\" data-successicon=\"fas fa-check\" data-messageposition=\"top\" class=\"   mf-scroll-top-no\">\n\t\t<div class=\"formpicker_warper formpicker_warper_editable\" data-metform-formpicker-key=\"269\" >\n\t\t\t\t\n\t\t\t<div class=\"elementor-widget-container\">\n\t\t\t\t\r\n\t\t<div\r\n\t\t\tid=\"metform-wrap-c8eb637-269\"\r\n\t\t\tclass=\"mf-form-wrapper\"\r\n\t\t\tdata-form-id=\"269\"\r\n\t\t\tdata-action=\"https:\/\/dent.webcrix.com\/tema-4\/wp-json\/metform\/v1\/entries\/insert\/269\"\r\n\t\t\tdata-wp-nonce=\"a3086de569\"\r\n\t\t\tdata-form-nonce=\"6ae13b84a5\"\r\n\t\t\tdata-quiz-summery = \"false\"\r\n\t\t\tdata-save-progress = \"false\"\r\n\t\t\tdata-form-type=\"contact_form\"\r\n\t\t\tdata-stop-vertical-effect=\"\"\r\n\t\t\t><\/div>\r\n\r\n\r\n\t\t<!----------------------------- \r\n\t\t\t* controls_data : find the the props passed indie of data attribute\r\n\t\t\t* props.SubmitResponseMarkup : contains the markup of error or success message\r\n\t\t\t* https:\/\/developer.mozilla.org\/en-US\/docs\/Web\/JavaScript\/Reference\/Template_literals\r\n\t\t--------------------------- -->\r\n\r\n\t\t\t\t<script type=\"text\/mf\" class=\"mf-template\">\r\n\t\t\tfunction controls_data (value){\r\n\t\t\t\tlet currentWrapper = \"mf-response-props-id-269\";\r\n\t\t\t\tlet currentEl = document.getElementById(currentWrapper);\r\n\t\t\t\t\r\n\t\t\t\treturn currentEl ? currentEl.dataset[value] : false\r\n\t\t\t}\r\n\r\n\r\n\t\t\tlet is_edit_mode = '' ? true : false;\r\n\t\t\tlet message_position = controls_data('messageposition') || 'top';\r\n\r\n\t\t\t\r\n\t\t\tlet message_successIcon = controls_data('successicon') || '';\r\n\t\t\tlet message_errorIcon = controls_data('erroricon') || '';\r\n\t\t\tlet message_editSwitch = controls_data('editswitchopen') === 'yes' ? true : false;\r\n\t\t\tlet message_proClass = controls_data('editswitchopen') === 'yes' ? 'mf_pro_activated' : '';\r\n\t\t\t\r\n\t\t\tlet is_dummy_markup = is_edit_mode && message_editSwitch ? true : false;\r\n\r\n\t\t\t\r\n\t\t\treturn html`\r\n\t\t\t\t<form\r\n\t\t\t\t\tclassName=\"metform-form-content\"\r\n\t\t\t\t\tref=${parent.formContainerRef}\r\n\t\t\t\t\tonSubmit=${ validation.handleSubmit( parent.handleFormSubmit ) }\r\n\t\t\t\t\r\n\t\t\t\t\t>\r\n\t\t\t\r\n\t\t\t\r\n\t\t\t\t\t${is_dummy_markup ? message_position === 'top' ?  props.ResponseDummyMarkup(message_successIcon, message_proClass) : '' : ''}\r\n\t\t\t\t\t${is_dummy_markup ? ' ' :  message_position === 'top' ? props.SubmitResponseMarkup`${parent}${state}${message_successIcon}${message_errorIcon}${message_proClass}` : ''}\r\n\r\n\t\t\t\t\t<!--------------------------------------------------------\r\n\t\t\t\t\t*** IMPORTANT \/ DANGEROUS ***\r\n\t\t\t\t\t${html``} must be used as in immediate child of \"metform-form-main-wrapper\"\r\n\t\t\t\t\tclass otherwise multistep form will not run at all\r\n\t\t\t\t\t---------------------------------------------------------->\r\n\r\n\t\t\t\t\t<div className=\"metform-form-main-wrapper\" key=${'hide-form-after-submit'} ref=${parent.formRef}>\r\n\t\t\t\t\t${html`\r\n\t\t\t\t\t\t\t\t<div data-elementor-type=\"wp-post\" key=\"2\" data-elementor-id=\"269\" className=\"elementor elementor-269\">\n\t\t\t\t\t\t\t\t\t<section className=\"elementor-section elementor-top-section elementor-element elementor-element-210b750d elementor-section-boxed elementor-section-height-default elementor-section-height-default\" data-id=\"210b750d\" data-element_type=\"section\">\n\t\t\t\t\t\t<div className=\"elementor-container elementor-column-gap-default\">\n\t\t\t\t\t<div className=\"elementor-column elementor-col-50 elementor-top-column elementor-element elementor-element-24d4b03d\" data-id=\"24d4b03d\" data-element_type=\"column\">\n\t\t\t<div className=\"elementor-widget-wrap elementor-element-populated\">\n\t\t\t\t\t\t\t\t<div className=\"elementor-element elementor-element-5fba6c99 elementor-widget elementor-widget-mf-multi-select\" data-id=\"5fba6c99\" data-element_type=\"widget\" data-settings=\"{&quot;mf_input_name&quot;:&quot;mf-multi-select&quot;,&quot;mf_input_list&quot;:[{&quot;label&quot;:&quot;Di\\u015f&quot;,&quot;value&quot;:&quot;value-1&quot;,&quot;_id&quot;:&quot;f231807&quot;,&quot;mf_input_option_status&quot;:&quot;&quot;,&quot;mf_input_option_selected&quot;:&quot;&quot;},{&quot;label&quot;:&quot;te\\u015fhis&quot;,&quot;value&quot;:&quot;value-1&quot;,&quot;_id&quot;:&quot;7af116a&quot;,&quot;mf_input_option_status&quot;:&quot;&quot;,&quot;mf_input_option_selected&quot;:&quot;&quot;}]}\" data-widget_type=\"mf-multi-select.default\">\n\t\t\t\t<div className=\"elementor-widget-container\">\n\t\t\t\r\n        \r\n\t\t<div className=\"mf-input-wrapper\">\r\n\t\t\t\r\n            <${props.Select}\r\n                isOptionDisabled=${option => option.mf_input_option_status === 'disabled'}\r\n                className=${\"mf-input mf-input-multiselect  \" + ( validation.errors['mf-multi-select'] ? 'mf-invalid' : '' )}\r\n                classNamePrefix=\"mf_multiselect\"\r\n                value=${parent.getValue(\"mf-multi-select\") && [{\"label\":\"Di\\u015f\",\"value\":\"value-1\",\"_id\":\"f231807\",\"mf_input_option_status\":\"\",\"mf_input_option_selected\":\"\"},{\"label\":\"te\\u015fhis\",\"value\":\"value-1\",\"_id\":\"7af116a\",\"mf_input_option_status\":\"\",\"mf_input_option_selected\":\"\"}].filter(item => {\r\n                    if(parent.state.formData['mf-multi-select'] && parent.state.formData['mf-multi-select'].indexOf(item.value) != -1 ){\r\n                        return item;\r\n                    }\r\n                })}\r\n                name='mf-multi-select'\r\n                placeholder=\"${ parent.decodeEntities(`Di\u015f Te\u015fhisi`) } \"\r\n                options=${[{\"label\":\"Di\\u015f\",\"value\":\"value-1\",\"_id\":\"f231807\",\"mf_input_option_status\":\"\",\"mf_input_option_selected\":\"\"},{\"label\":\"te\\u015fhis\",\"value\":\"value-1\",\"_id\":\"7af116a\",\"mf_input_option_status\":\"\",\"mf_input_option_selected\":\"\"}]}\r\n                onChange=${(el) => {\r\n                    setValue(\"mf-multi-select\", '');\r\n                    if(el != null){\r\n                        setValue(\"mf-multi-select\", el, true);\r\n                    }\r\n                    parent.multiSelectChange(el, 'mf-multi-select');\r\n                }}\r\n                ref=${() => {\r\n\t\t\t\t                    register({ name: \"mf-multi-select\" }, parent.activateValidation({\"message\":\"This field is required.\",\"minLength\":1,\"maxLength\":\"\",\"type\":\"none\",\"required\":false}));\r\n                    if(parent.state?.submitted !== true){\r\n                        if ( parent.getValue(\"mf-multi-select\") === '' && false ) {\r\n                            parent.setValue( 'mf-multi-select', '[]');\r\n                            parent.multiSelectChange('[]', 'mf-multi-select');\r\n                        }\r\n                    }\r\n                }}\r\n                isMulti\r\n            \/>\r\n            \r\n            \t\t\t\t<${validation.ErrorMessage}\r\n\t\t\t\t\terrors=${validation.errors}\r\n\t\t\t\t\tname=\"mf-multi-select\"\r\n\t\t\t\t\tas=${html`<span className=\"mf-error-message\"><\/span>`}\r\n\t\t\t\t\t\/>\r\n\t\t\t\r\n\t\t\t            \r\n        <\/div>\r\n\r\n\t\t\r\n        \t\t<\/div>\n\t\t\t\t<\/div>\n\t\t\t\t\t<\/div>\n\t\t<\/div>\n\t\t\t\t<div className=\"elementor-column elementor-col-50 elementor-top-column elementor-element elementor-element-41c66260\" data-id=\"41c66260\" data-element_type=\"column\">\n\t\t\t<div className=\"elementor-widget-wrap elementor-element-populated\">\n\t\t\t\t\t\t\t\t<div className=\"elementor-element elementor-element-660f6895 elementor-widget elementor-widget-mf-multi-select\" data-id=\"660f6895\" data-element_type=\"widget\" data-settings=\"{&quot;mf_input_name&quot;:&quot;mf-multi-select&quot;,&quot;mf_input_list&quot;:[{&quot;label&quot;:&quot;Item 2&quot;,&quot;value&quot;:&quot;value-1&quot;,&quot;_id&quot;:&quot;f231807&quot;,&quot;mf_input_option_status&quot;:&quot;&quot;,&quot;mf_input_option_selected&quot;:&quot;&quot;},{&quot;label&quot;:&quot;Item 2&quot;,&quot;value&quot;:&quot;value-1&quot;,&quot;_id&quot;:&quot;8bff897&quot;,&quot;mf_input_option_status&quot;:&quot;&quot;,&quot;mf_input_option_selected&quot;:&quot;&quot;}]}\" data-widget_type=\"mf-multi-select.default\">\n\t\t\t\t<div className=\"elementor-widget-container\">\n\t\t\t\r\n        \r\n\t\t<div className=\"mf-input-wrapper\">\r\n\t\t\t\r\n            <${props.Select}\r\n                isOptionDisabled=${option => option.mf_input_option_status === 'disabled'}\r\n                className=${\"mf-input mf-input-multiselect  \" + ( validation.errors['mf-multi-select'] ? 'mf-invalid' : '' )}\r\n                classNamePrefix=\"mf_multiselect\"\r\n                value=${parent.getValue(\"mf-multi-select\") && [{\"label\":\"Item 2\",\"value\":\"value-1\",\"_id\":\"f231807\",\"mf_input_option_status\":\"\",\"mf_input_option_selected\":\"\"},{\"label\":\"Item 2\",\"value\":\"value-1\",\"_id\":\"8bff897\",\"mf_input_option_status\":\"\",\"mf_input_option_selected\":\"\"}].filter(item => {\r\n                    if(parent.state.formData['mf-multi-select'] && parent.state.formData['mf-multi-select'].indexOf(item.value) != -1 ){\r\n                        return item;\r\n                    }\r\n                })}\r\n                name='mf-multi-select'\r\n                placeholder=\"${ parent.decodeEntities(`Doktor Se\u00e7iniz`) } \"\r\n                options=${[{\"label\":\"Item 2\",\"value\":\"value-1\",\"_id\":\"f231807\",\"mf_input_option_status\":\"\",\"mf_input_option_selected\":\"\"},{\"label\":\"Item 2\",\"value\":\"value-1\",\"_id\":\"8bff897\",\"mf_input_option_status\":\"\",\"mf_input_option_selected\":\"\"}]}\r\n                onChange=${(el) => {\r\n                    setValue(\"mf-multi-select\", '');\r\n                    if(el != null){\r\n                        setValue(\"mf-multi-select\", el, true);\r\n                    }\r\n                    parent.multiSelectChange(el, 'mf-multi-select');\r\n                }}\r\n                ref=${() => {\r\n\t\t\t\t                    register({ name: \"mf-multi-select\" }, parent.activateValidation({\"message\":\"This field is required.\",\"minLength\":1,\"maxLength\":\"\",\"type\":\"none\",\"required\":false}));\r\n                    if(parent.state?.submitted !== true){\r\n                        if ( parent.getValue(\"mf-multi-select\") === '' && false ) {\r\n                            parent.setValue( 'mf-multi-select', '[]');\r\n                            parent.multiSelectChange('[]', 'mf-multi-select');\r\n                        }\r\n                    }\r\n                }}\r\n                isMulti\r\n            \/>\r\n            \r\n            \t\t\t\t<${validation.ErrorMessage}\r\n\t\t\t\t\terrors=${validation.errors}\r\n\t\t\t\t\tname=\"mf-multi-select\"\r\n\t\t\t\t\tas=${html`<span className=\"mf-error-message\"><\/span>`}\r\n\t\t\t\t\t\/>\r\n\t\t\t\r\n\t\t\t            \r\n        <\/div>\r\n\r\n\t\t\r\n        \t\t<\/div>\n\t\t\t\t<\/div>\n\t\t\t\t\t<\/div>\n\t\t<\/div>\n\t\t\t\t\t\t\t<\/div>\n\t\t<\/section>\n\t\t\t\t<section className=\"elementor-section elementor-top-section elementor-element elementor-element-2f86e62d elementor-section-boxed elementor-section-height-default elementor-section-height-default\" data-id=\"2f86e62d\" data-element_type=\"section\">\n\t\t\t\t\t\t<div className=\"elementor-container elementor-column-gap-default\">\n\t\t\t\t\t<div className=\"elementor-column elementor-col-50 elementor-top-column elementor-element elementor-element-182dc096\" data-id=\"182dc096\" data-element_type=\"column\">\n\t\t\t<div className=\"elementor-widget-wrap elementor-element-populated\">\n\t\t\t\t\t\t\t\t<div className=\"elementor-element elementor-element-57d8cb6d elementor-widget elementor-widget-mf-text\" data-id=\"57d8cb6d\" data-element_type=\"widget\" data-settings=\"{&quot;mf_input_name&quot;:&quot;mf-text&quot;}\" data-widget_type=\"mf-text.default\">\n\t\t\t\t<div className=\"elementor-widget-container\">\n\t\t\t\r\n\t\t<div className=\"mf-input-wrapper\">\r\n\t\t\t\r\n\t\t\t<input\r\n\t\t\t\ttype=\"text\"\r\n\t\t\t\tclassName=\"mf-input \"\r\n\t\t\t\tid=\"mf-input-text-57d8cb6d\"\r\n\t\t\t\tname=\"mf-text\"\r\n\t\t\t\tplaceholder=\"${ parent.decodeEntities(`Ad\u0131n\u0131z Soyad\u0131n\u0131z`) } \"\r\n\t\t\t\t\t\t\t\t\tonInput=${parent.handleChange}\r\n\t\t\t\t\tonBlur=${parent.handleChange}\r\n\t\t\t\t\taria-invalid=${validation.errors['mf-text'] ? 'true' : 'false'}\r\n\t\t\t\t\tref=${el =>{\r\n\t\t\t\t\t\t\t\t\t\t\t\tparent.activateValidation({\"message\":\"This field is required.\",\"minLength\":1,\"maxLength\":\"\",\"type\":\"none\",\"required\":false,\"expression\":\"null\"}, el)\r\n\t\t\t\t\t}}\r\n\t\t\t\t\t\t\t\t\/>\r\n\r\n\t\t\t\t\t\t\t<${validation.ErrorMessage}\r\n\t\t\t\t\terrors=${validation.errors}\r\n\t\t\t\t\tname=\"mf-text\"\r\n\t\t\t\t\tas=${html`<span className=\"mf-error-message\"><\/span>`}\r\n\t\t\t\t\t\/>\r\n\t\t\t\r\n\t\t\t\t\t<\/div>\r\n\r\n\t\t\t\t<\/div>\n\t\t\t\t<\/div>\n\t\t\t\t\t<\/div>\n\t\t<\/div>\n\t\t\t\t<div className=\"elementor-column elementor-col-50 elementor-top-column elementor-element elementor-element-2d39aaab\" data-id=\"2d39aaab\" data-element_type=\"column\">\n\t\t\t<div className=\"elementor-widget-wrap elementor-element-populated\">\n\t\t\t\t\t\t\t\t<div className=\"elementor-element elementor-element-7c37c24c elementor-widget elementor-widget-mf-email\" data-id=\"7c37c24c\" data-element_type=\"widget\" data-settings=\"{&quot;mf_input_name&quot;:&quot;mf-email&quot;}\" data-widget_type=\"mf-email.default\">\n\t\t\t\t<div className=\"elementor-widget-container\">\n\t\t\t\r\n\t\t<div className=\"mf-input-wrapper\">\r\n\t\t\t\r\n\t\t\t<input \r\n\t\t\t\ttype=\"email\" \r\n\t\t\t\t \r\n\t\t\t\tdefaultValue=\"\" \r\n\t\t\t\tclassName=\"mf-input \" \r\n\t\t\t\tid=\"mf-input-email-7c37c24c\" \r\n\t\t\t\tname=\"mf-email\" \r\n\t\t\t\tplaceholder=\"${ parent.decodeEntities(`Email Adresiniz`) } \" \r\n\t\t\t\t \r\n\t\t\t\tonBlur=${parent.handleChange} onFocus=${parent.handleChange} aria-invalid=${validation.errors['mf-email'] ? 'true' : 'false' } \r\n\t\t\t\tref=${el=> parent.activateValidation({\"message\":\"This field is required.\",\"emailMessage\":\"Please enter a valid Email address\",\"minLength\":1,\"maxLength\":\"\",\"type\":\"none\",\"required\":false,\"expression\":\"null\"}, el)}\r\n\t\t\t\t\t\t\t\/>\r\n\r\n\t\t\t\t\t\t<${validation.ErrorMessage} \r\n\t\t\t\terrors=${validation.errors} \r\n\t\t\t\tname=\"mf-email\" \r\n\t\t\t\tas=${html`<span className=\"mf-error-message\"><\/span>`}\r\n\t\t\t\/>\r\n\t\t\t\r\n\t\t\t\t\t<\/div>\r\n\r\n\t\t<\/div>\n\t\t\t\t<\/div>\n\t\t\t\t\t<\/div>\n\t\t<\/div>\n\t\t\t\t\t\t\t<\/div>\n\t\t<\/section>\n\t\t\t\t<section className=\"elementor-section elementor-top-section elementor-element elementor-element-2805f42 elementor-section-boxed elementor-section-height-default elementor-section-height-default\" data-id=\"2805f42\" data-element_type=\"section\">\n\t\t\t\t\t\t<div className=\"elementor-container elementor-column-gap-default\">\n\t\t\t\t\t<div className=\"elementor-column elementor-col-33 elementor-top-column elementor-element elementor-element-937a73a\" data-id=\"937a73a\" data-element_type=\"column\">\n\t\t\t<div className=\"elementor-widget-wrap elementor-element-populated\">\n\t\t\t\t\t\t\t\t<div className=\"elementor-element elementor-element-43d59f8a elementor-widget elementor-widget-mf-telephone\" data-id=\"43d59f8a\" data-element_type=\"widget\" data-settings=\"{&quot;mf_input_name&quot;:&quot;mf-telephone&quot;}\" data-widget_type=\"mf-telephone.default\">\n\t\t\t\t<div className=\"elementor-widget-container\">\n\t\t\t\n\t\t<div className=\"mf-input-wrapper\">\n\t\t\t\n\t\t\t<input\n\t\t\t\ttype=\"tel\"\n\t\t\t\tclassName=\"mf-input \"\n\t\t\t\tid=\"mf-input-telephone-43d59f8a\" \n\t\t\t\tname=\"mf-telephone\"\n\t\t\t\tplaceholder=\"${ parent.decodeEntities(`Telefon:`) } \"\n\t\t\t\t\t\t\t\t\tonInput=${parent.handleChange}\n\t\t\t\t\taria-invalid=${validation.errors['mf-telephone'] ? 'true' : 'false'}\n\t\t\t\t\tref=${el => parent.activateValidation({\"message\":\"This field is required.\",\"minLength\":1,\"maxLength\":\"\",\"type\":\"none\",\"required\":false,\"expression\":\"null\"}, el)}\n\t\t\t\t\t\t\t\t\/>\n\t\t\t\n\t\t\t\t\t\t\t<${validation.ErrorMessage}\n\t\t\t\t\terrors=${validation.errors}\n\t\t\t\t\tname=\"mf-telephone\"\n\t\t\t\t\tas=${html`<span className=\"mf-error-message\"><\/span>`}\n\t\t\t\t\t\/>\n\t\t\t\n\t\t\t\n\t\t<\/div>\n\n\t\t\t\t<\/div>\n\t\t\t\t<\/div>\n\t\t\t\t\t<\/div>\n\t\t<\/div>\n\t\t\t\t<div className=\"elementor-column elementor-col-33 elementor-top-column elementor-element elementor-element-1ffb207b\" data-id=\"1ffb207b\" data-element_type=\"column\">\n\t\t\t<div className=\"elementor-widget-wrap elementor-element-populated\">\n\t\t\t\t\t\t\t\t<div className=\"elementor-element elementor-element-1f1412f7 elementor-widget elementor-widget-mf-date\" data-id=\"1f1412f7\" data-element_type=\"widget\" data-settings=\"{&quot;mf_input_name&quot;:&quot;mf-date&quot;}\" data-widget_type=\"mf-date.default\">\n\t\t\t\t<div className=\"elementor-widget-container\">\n\t\t\t\t\t\r\n\t\t<div className=\"mf-input-wrapper\">\r\n\t\t\t\r\n\t\t\t<${props.Flatpickr}\r\n\t\t\t\t\tname=\"mf-date\"\r\n\t\t\t\t\tclassName=\"mf-input mf-date-input mf-left-parent \"\r\n\t\t\t\t\tplaceholder=\"${ parent.decodeEntities(`Tarih Se\u00e7:`) } \"\r\n\t\t\t\t\toptions=${{\"minDate\":\"\",\"maxDate\":\"\",\"dateFormat\":\"m-d-Y\",\"enableTime\":\"\",\"disable\":[],\"mode\":\"single\",\"static\":true,\"disableMobile\":true,\"time_24hr\":false}}\r\n\t\t\t\t\tvalue=${parent.getValue('mf-date')}\r\n\t\t\t\t\tonInput=${parent.handleDateTime}\r\n\t\t\t\t\taria-invalid=${validation.errors['mf-date'] ? 'true' : 'false'}\r\n\t\t\t\t\tref=${el => props.DateWidget(\r\n\t\t\t\t\t\t\tel, \r\n\t\t\t\t\t\t\t'', \r\n\t\t\t\t\t\t\t{\"message\":\"This field is required.\",\"required\":false},  \r\n\t\t\t\t\t\t\tregister, \r\n\t\t\t\t\t\t\tparent \r\n\t\t\t\t\t\t)}\r\n\t\t\t\t\t\/>\r\n\r\n\t\t\t\t\t\t\t<${validation.ErrorMessage}\r\n\t\t\t\t\terrors=${validation.errors}\r\n\t\t\t\t\tname=\"mf-date\"\r\n\t\t\t\t\tas=${html`<span className=\"mf-error-message\"><\/span>`}\r\n\t\t\t\t\t\/>\r\n\t\t\t\t\t\t\t\t<\/div>\r\n\r\n\t\t\r\n\t\t\t\t<\/div>\n\t\t\t\t<\/div>\n\t\t\t\t\t<\/div>\n\t\t<\/div>\n\t\t\t\t<div className=\"elementor-column elementor-col-33 elementor-top-column elementor-element elementor-element-6ccfc0da\" data-id=\"6ccfc0da\" data-element_type=\"column\">\n\t\t\t<div className=\"elementor-widget-wrap elementor-element-populated\">\n\t\t\t\t\t\t\t\t<div className=\"elementor-element elementor-element-4e39c4f2 elementor-widget elementor-widget-mf-time\" data-id=\"4e39c4f2\" data-element_type=\"widget\" data-settings=\"{&quot;mf_input_name&quot;:&quot;mf-time&quot;}\" data-widget_type=\"mf-time.default\">\n\t\t\t\t<div className=\"elementor-widget-container\">\n\t\t\t\t\t\r\n\t\t\r\n\t\t<div className=\"mf-input-wrapper\">\r\n\t\t\t\t\t\t\r\n\t\t\t<${props.Flatpickr}\r\n\t\t\t\t\tname=\"mf-time\"\r\n\t\t\t\t\tclassName=\"mf-input mf-date-input mf-time-input mf-left-parent \"\r\n\t\t\t\t\tplaceholder=\"${ parent.decodeEntities(`Zaman Se\u00e7:`) } \"\r\n\t\t\t\t\toptions=${{\"enableTime\":true,\"dateFormat\":\"h:i K\",\"noCalendar\":true,\"time_24hr\":false,\"static\":true}}\r\n\t\t\t\t\tvalue=${parent.getValue('mf-time')}\r\n\t\t\t\t\tonInput=${parent.handleDateTime}\r\n\t\t\t\t\taria-invalid=${validation.errors['mf-time'] ? 'true' : 'false'}\r\n\t\t\t\t\tref=${\r\n\t\t\t\t\t\tel => {\r\n\t\t\t\t\t\t\tif( el && el.node.nextSibling ) {\r\n\t\t\t\t\t\t\t\tif( el.props.value.trim().length ) {\r\n\t\t\t\t\t\t\t\t\tel.node.nextSibling.classList.add('value-found');\r\n\t\t\t\t\t\t\t\t}else {\r\n\t\t\t\t\t\t\t\t\tel.node.nextSibling.classList.remove('value-found');\r\n\t\t\t\t\t\t\t\t}\r\n\t\t\t\t\t\t\t}\r\n\t\t\t\t\t\t\tregister({ name: \"mf-time\" }, parent.activateValidation({\"message\":\"This field is required.\",\"required\":false}))\r\n\t\t\t\t\t\t}\r\n\t\t\t\t\t}\r\n\t\t\t\t\t\/>\r\n\r\n\t\t\t\t\t\t\t<${validation.ErrorMessage}\r\n\t\t\t\t\terrors=${validation.errors}\r\n\t\t\t\t\tname=\"mf-time\"\r\n\t\t\t\t\tas=${html`<span className=\"mf-error-message\"><\/span>`}\r\n\t\t\t\t\t\/>\r\n\t\t\t\t\t\t\t\t<\/div>\r\n\t\t\r\n\t\t\r\n\t\t\t\t<\/div>\n\t\t\t\t<\/div>\n\t\t\t\t\t<\/div>\n\t\t<\/div>\n\t\t\t\t\t\t\t<\/div>\n\t\t<\/section>\n\t\t\t\t<section className=\"elementor-section elementor-top-section elementor-element elementor-element-4630aa10 elementor-section-boxed elementor-section-height-default elementor-section-height-default\" data-id=\"4630aa10\" data-element_type=\"section\">\n\t\t\t\t\t\t<div className=\"elementor-container elementor-column-gap-default\">\n\t\t\t\t\t<div className=\"elementor-column elementor-col-100 elementor-top-column elementor-element elementor-element-9194e67\" data-id=\"9194e67\" data-element_type=\"column\">\n\t\t\t<div className=\"elementor-widget-wrap elementor-element-populated\">\n\t\t\t\t\t\t\t\t<div className=\"elementor-element elementor-element-39d913e8 mf-btn--center elementor-widget elementor-widget-mf-button\" data-id=\"39d913e8\" data-element_type=\"widget\" data-widget_type=\"mf-button.default\">\n\t\t\t\t<div className=\"elementor-widget-container\">\n\t\t\t\t\t<div className=\"mf-btn-wraper \" data-mf-form-conditional-logic-requirement=\"\">\r\n\t\t\t\t\t\t\t<button type=\"submit\" className=\"metform-btn metform-submit-btn \" id=\"\">\r\n\t\t\t\t\t<span>${ parent.decodeEntities(`Randevu Al`) } <\/span>\r\n\t\t\t\t<\/button>\r\n\t\t\t        <\/div>\r\n        \t\t<\/div>\n\t\t\t\t<\/div>\n\t\t\t\t\t<\/div>\n\t\t<\/div>\n\t\t\t\t\t\t\t<\/div>\n\t\t<\/section>\n\t\t\t\t\t\t\t<\/div>\n\t\t\t\t\t\t\t`}\r\n\t\t\t\t\t<\/div>\r\n\r\n\t\t\t\t\t${is_dummy_markup ? message_position === 'bottom' ? props.ResponseDummyMarkup(message_successIcon, message_proClass) : '' : ''}\r\n\t\t\t\t\t${is_dummy_markup ? ' ' : message_position === 'bottom' ? props.SubmitResponseMarkup`${parent}${state}${message_successIcon}${message_errorIcon}${message_proClass}` : ''}\r\n\t\t\t\t\r\n\t\t\t\t<\/form>\r\n\t\t\t`\r\n\t\t<\/script>\r\n\r\n\t\t\t\t\t<\/div>\n\t\t<\/div>\n\t\t<\/div>\t\t<\/div>\n\t\t\t\t<\/div>\n\t\t\t\t\t<\/div>\n\t\t<\/div>\n\t\t\t\t\t\t\t<\/div>\n\t\t<\/section>\n\t\t\t\t\t\t\t<\/div>\n\t\t","protected":false},"excerpt":{"rendered":"","protected":false},"author":3,"featured_media":0,"parent":0,"menu_order":0,"comment_status":"closed","ping_status":"closed","template":"elementor_canvas","meta":{"footnotes":""},"class_list":["post-198","page","type-page","status-publish","hentry"],"_links":{"self":[{"href":"https:\/\/dent.webcrix.com\/tema-4\/wp-json\/wp\/v2\/pages\/198","targetHints":{"allow":["GET"]}}],"collection":[{"href":"https:\/\/dent.webcrix.com\/tema-4\/wp-json\/wp\/v2\/pages"}],"about":[{"href":"https:\/\/dent.webcrix.com\/tema-4\/wp-json\/wp\/v2\/types\/page"}],"author":[{"embeddable":true,"href":"https:\/\/dent.webcrix.com\/tema-4\/wp-json\/wp\/v2\/users\/3"}],"replies":[{"embeddable":true,"href":"https:\/\/dent.webcrix.com\/tema-4\/wp-json\/wp\/v2\/comments?post=198"}],"version-history":[{"count":7,"href":"https:\/\/dent.webcrix.com\/tema-4\/wp-json\/wp\/v2\/pages\/198\/revisions"}],"predecessor-version":[{"id":318,"href":"https:\/\/dent.webcrix.com\/tema-4\/wp-json\/wp\/v2\/pages\/198\/revisions\/318"}],"wp:attachment":[{"href":"https:\/\/dent.webcrix.com\/tema-4\/wp-json\/wp\/v2\/media?parent=198"}],"curies":[{"name":"wp","href":"https:\/\/api.w.org\/{rel}","templated":true}]}}