{"id":124,"date":"2022-07-01T13:53:53","date_gmt":"2022-07-01T10:53:53","guid":{"rendered":"https:\/\/dent.webcrix.com\/tema-8\/?page_id=124"},"modified":"2024-02-06T13:48:01","modified_gmt":"2024-02-06T10:48:01","slug":"hizmet-detay","status":"publish","type":"page","link":"https:\/\/dent.webcrix.com\/tema-8\/hizmet-detay\/","title":{"rendered":"Hizmet Detay"},"content":{"rendered":"\t\t<div data-elementor-type=\"wp-page\" data-elementor-id=\"124\" class=\"elementor elementor-124\">\n\t\t\t\t\t\t\t\t\t<section class=\"elementor-section elementor-top-section elementor-element elementor-element-3b4922d8 elementor-section-height-min-height elementor-section-boxed elementor-section-height-default elementor-section-items-middle\" data-id=\"3b4922d8\" data-element_type=\"section\" data-settings=\"{&quot;background_background&quot;:&quot;classic&quot;}\">\n\t\t\t\t\t\t\t<div class=\"elementor-background-overlay\"><\/div>\n\t\t\t\t\t\t\t<div class=\"elementor-container elementor-column-gap-default\">\n\t\t\t\t\t<div class=\"elementor-column elementor-col-100 elementor-top-column elementor-element elementor-element-582d3cfb\" data-id=\"582d3cfb\" data-element_type=\"column\">\n\t\t\t<div class=\"elementor-widget-wrap elementor-element-populated\">\n\t\t\t\t\t\t\t\t<div class=\"elementor-element elementor-element-72193c1 elementor-widget__width-initial elementor-widget elementor-widget-heading\" data-id=\"72193c1\" data-element_type=\"widget\" data-widget_type=\"heading.default\">\n\t\t\t\t<div class=\"elementor-widget-container\">\n\t\t\t<style>\/*! elementor - v3.18.0 - 20-12-2023 *\/\n.elementor-heading-title{padding:0;margin:0;line-height:1}.elementor-widget-heading .elementor-heading-title[class*=elementor-size-]>a{color:inherit;font-size:inherit;line-height:inherit}.elementor-widget-heading .elementor-heading-title.elementor-size-small{font-size:15px}.elementor-widget-heading .elementor-heading-title.elementor-size-medium{font-size:19px}.elementor-widget-heading .elementor-heading-title.elementor-size-large{font-size:29px}.elementor-widget-heading .elementor-heading-title.elementor-size-xl{font-size:39px}.elementor-widget-heading .elementor-heading-title.elementor-size-xxl{font-size:59px}<\/style><h3 class=\"elementor-heading-title elementor-size-default\">Dental \u0130mplant<\/h3>\t\t<\/div>\n\t\t\t\t<\/div>\n\t\t\t\t<div class=\"elementor-element elementor-element-48fb9428 elementor-widget-tablet__width-initial elementor-widget elementor-widget-heading\" data-id=\"48fb9428\" data-element_type=\"widget\" data-widget_type=\"heading.default\">\n\t\t\t\t<div class=\"elementor-widget-container\">\n\t\t\t<h6 class=\"elementor-heading-title elementor-size-default\">Kusursuz g\u00fcl\u00fcmsemeler i\u00e7in<\/h6>\t\t<\/div>\n\t\t\t\t<\/div>\n\t\t\t\t\t<\/div>\n\t\t<\/div>\n\t\t\t\t\t\t\t<\/div>\n\t\t<\/section>\n\t\t\t\t<section class=\"elementor-section elementor-top-section elementor-element elementor-element-129377ee elementor-section-boxed elementor-section-height-default elementor-section-height-default\" data-id=\"129377ee\" data-element_type=\"section\">\n\t\t\t\t\t\t<div class=\"elementor-container elementor-column-gap-default\">\n\t\t\t\t\t<div class=\"elementor-column elementor-col-100 elementor-top-column elementor-element elementor-element-539198c1\" data-id=\"539198c1\" data-element_type=\"column\">\n\t\t\t<div class=\"elementor-widget-wrap elementor-element-populated\">\n\t\t\t\t\t\t\t\t<div class=\"elementor-element elementor-element-7635911f elementor-widget-divider--view-line_text elementor-widget-divider--element-align-center elementor-widget elementor-widget-divider\" data-id=\"7635911f\" data-element_type=\"widget\" data-widget_type=\"divider.default\">\n\t\t\t\t<div class=\"elementor-widget-container\">\n\t\t\t<style>\/*! elementor - v3.18.0 - 20-12-2023 *\/\n.elementor-widget-divider{--divider-border-style:none;--divider-border-width:1px;--divider-color:#0c0d0e;--divider-icon-size:20px;--divider-element-spacing:10px;--divider-pattern-height:24px;--divider-pattern-size:20px;--divider-pattern-url:none;--divider-pattern-repeat:repeat-x}.elementor-widget-divider .elementor-divider{display:flex}.elementor-widget-divider .elementor-divider__text{font-size:15px;line-height:1;max-width:95%}.elementor-widget-divider .elementor-divider__element{margin:0 var(--divider-element-spacing);flex-shrink:0}.elementor-widget-divider .elementor-icon{font-size:var(--divider-icon-size)}.elementor-widget-divider .elementor-divider-separator{display:flex;margin:0;direction:ltr}.elementor-widget-divider--view-line_icon .elementor-divider-separator,.elementor-widget-divider--view-line_text .elementor-divider-separator{align-items:center}.elementor-widget-divider--view-line_icon .elementor-divider-separator:after,.elementor-widget-divider--view-line_icon .elementor-divider-separator:before,.elementor-widget-divider--view-line_text .elementor-divider-separator:after,.elementor-widget-divider--view-line_text .elementor-divider-separator:before{display:block;content:\"\";border-bottom:0;flex-grow:1;border-top:var(--divider-border-width) var(--divider-border-style) var(--divider-color)}.elementor-widget-divider--element-align-left .elementor-divider .elementor-divider-separator>.elementor-divider__svg:first-of-type{flex-grow:0;flex-shrink:100}.elementor-widget-divider--element-align-left .elementor-divider-separator:before{content:none}.elementor-widget-divider--element-align-left .elementor-divider__element{margin-left:0}.elementor-widget-divider--element-align-right .elementor-divider .elementor-divider-separator>.elementor-divider__svg:last-of-type{flex-grow:0;flex-shrink:100}.elementor-widget-divider--element-align-right .elementor-divider-separator:after{content:none}.elementor-widget-divider--element-align-right .elementor-divider__element{margin-right:0}.elementor-widget-divider:not(.elementor-widget-divider--view-line_text):not(.elementor-widget-divider--view-line_icon) .elementor-divider-separator{border-top:var(--divider-border-width) var(--divider-border-style) var(--divider-color)}.elementor-widget-divider--separator-type-pattern{--divider-border-style:none}.elementor-widget-divider--separator-type-pattern.elementor-widget-divider--view-line .elementor-divider-separator,.elementor-widget-divider--separator-type-pattern:not(.elementor-widget-divider--view-line) .elementor-divider-separator:after,.elementor-widget-divider--separator-type-pattern:not(.elementor-widget-divider--view-line) .elementor-divider-separator:before,.elementor-widget-divider--separator-type-pattern:not([class*=elementor-widget-divider--view]) .elementor-divider-separator{width:100%;min-height:var(--divider-pattern-height);-webkit-mask-size:var(--divider-pattern-size) 100%;mask-size:var(--divider-pattern-size) 100%;-webkit-mask-repeat:var(--divider-pattern-repeat);mask-repeat:var(--divider-pattern-repeat);background-color:var(--divider-color);-webkit-mask-image:var(--divider-pattern-url);mask-image:var(--divider-pattern-url)}.elementor-widget-divider--no-spacing{--divider-pattern-size:auto}.elementor-widget-divider--bg-round{--divider-pattern-repeat:round}.rtl .elementor-widget-divider .elementor-divider__text{direction:rtl}.e-con-inner>.elementor-widget-divider,.e-con>.elementor-widget-divider{width:var(--container-widget-width,100%);--flex-grow:var(--container-widget-flex-grow)}<\/style>\t\t<div class=\"elementor-divider\">\n\t\t\t<span class=\"elementor-divider-separator\">\n\t\t\t\t\t\t\t<span class=\"elementor-divider__text elementor-divider__element\">\n\t\t\t\t\u0130mplant\t\t\t\t<\/span>\n\t\t\t\t\t\t<\/span>\n\t\t<\/div>\n\t\t\t\t<\/div>\n\t\t\t\t<\/div>\n\t\t\t\t<div class=\"elementor-element elementor-element-7e7f62dc elementor-widget elementor-widget-heading\" data-id=\"7e7f62dc\" data-element_type=\"widget\" data-widget_type=\"heading.default\">\n\t\t\t\t<div class=\"elementor-widget-container\">\n\t\t\t<h3 class=\"elementor-heading-title elementor-size-default\">Dental \u0130mplant<\/h3>\t\t<\/div>\n\t\t\t\t<\/div>\n\t\t\t\t\t<\/div>\n\t\t<\/div>\n\t\t\t\t\t\t\t<\/div>\n\t\t<\/section>\n\t\t\t\t<section class=\"elementor-section elementor-top-section elementor-element elementor-element-6f31068d elementor-section-boxed elementor-section-height-default elementor-section-height-default\" data-id=\"6f31068d\" data-element_type=\"section\">\n\t\t\t\t\t\t<div class=\"elementor-container elementor-column-gap-default\">\n\t\t\t\t\t<div class=\"elementor-column elementor-col-50 elementor-top-column elementor-element elementor-element-1bcabc6\" data-id=\"1bcabc6\" data-element_type=\"column\">\n\t\t\t<div class=\"elementor-widget-wrap elementor-element-populated\">\n\t\t\t\t\t\t\t\t<div class=\"elementor-element elementor-element-bf63e42 elementor-widget elementor-widget-image\" data-id=\"bf63e42\" data-element_type=\"widget\" data-widget_type=\"image.default\">\n\t\t\t\t<div class=\"elementor-widget-container\">\n\t\t\t<style>\/*! elementor - v3.18.0 - 20-12-2023 *\/\n.elementor-widget-image{text-align:center}.elementor-widget-image a{display:inline-block}.elementor-widget-image a img[src$=\".svg\"]{width:48px}.elementor-widget-image img{vertical-align:middle;display:inline-block}<\/style>\t\t\t\t\t\t\t\t\t\t\t\t<img fetchpriority=\"high\" decoding=\"async\" width=\"800\" height=\"534\" src=\"https:\/\/dent.webcrix.com\/tema-8\/wp-content\/uploads\/sites\/9\/2022\/07\/dent33-dental-implant-1024x683.jpg\" class=\"attachment-large size-large wp-image-226\" alt=\"\" srcset=\"https:\/\/dent.webcrix.com\/tema-8\/wp-content\/uploads\/sites\/9\/2022\/07\/dent33-dental-implant-1024x683.jpg 1024w, https:\/\/dent.webcrix.com\/tema-8\/wp-content\/uploads\/sites\/9\/2022\/07\/dent33-dental-implant-300x200.jpg 300w, https:\/\/dent.webcrix.com\/tema-8\/wp-content\/uploads\/sites\/9\/2022\/07\/dent33-dental-implant-768x512.jpg 768w, https:\/\/dent.webcrix.com\/tema-8\/wp-content\/uploads\/sites\/9\/2022\/07\/dent33-dental-implant-1536x1024.jpg 1536w, https:\/\/dent.webcrix.com\/tema-8\/wp-content\/uploads\/sites\/9\/2022\/07\/dent33-dental-implant.jpg 1920w\" sizes=\"(max-width: 800px) 100vw, 800px\" \/>\t\t\t\t\t\t\t\t\t\t\t\t\t\t\t<\/div>\n\t\t\t\t<\/div>\n\t\t\t\t\t<\/div>\n\t\t<\/div>\n\t\t\t\t<div class=\"elementor-column elementor-col-50 elementor-top-column elementor-element elementor-element-50cc2a4d\" data-id=\"50cc2a4d\" data-element_type=\"column\">\n\t\t\t<div class=\"elementor-widget-wrap elementor-element-populated\">\n\t\t\t\t\t\t\t\t<div class=\"elementor-element elementor-element-514d7384 elementor-widget elementor-widget-heading\" data-id=\"514d7384\" data-element_type=\"widget\" data-widget_type=\"heading.default\">\n\t\t\t\t<div class=\"elementor-widget-container\">\n\t\t\t<h3 class=\"elementor-heading-title elementor-size-default\">\u0130mplant<\/h3>\t\t<\/div>\n\t\t\t\t<\/div>\n\t\t\t\t<div class=\"elementor-element elementor-element-042592a elementor-widget elementor-widget-heading\" data-id=\"042592a\" data-element_type=\"widget\" data-widget_type=\"heading.default\">\n\t\t\t\t<div class=\"elementor-widget-container\">\n\t\t\t<h6 class=\"elementor-heading-title elementor-size-default\">\u0130mplant hem di\u015f tedavilerinde kullan\u0131lan \u00e7e\u015fitli par\u00e7alar\u0131n genel ad\u0131d\u0131r hem de bir tedavi y\u00f6ntemidir. En temelde di\u015f etlerinin alt\u0131nda yer alan \u00e7ene kemi\u011fine cerrahi operasyonla yerle\u015ftirilen plak, \u00e7ivi ve vidalara verilen add\u0131r. Bunlar titanyumdan imal edilir ve insan v\u00fccuduna herhangi bir yan etkisi yoktur. Bu sayede yerle\u015ftirildikten sonra ki\u015finin do\u011fal di\u015flerinin fonksiyonunu \u00fcstlenir. G\u00fcn\u00fcm\u00fcz \u015fartlar\u0131nda do\u011fal di\u015flere en iyi alternatif olarak kabul edilmektedir.\n\n\n\u0130mplant di\u015f asl\u0131nda teknolojinin bir sonucudur. Sa\u011fl\u0131k sekt\u00f6r\u00fcn\u00fcn tamam\u0131nda oldu\u011fu gibi di\u015f sa\u011fl\u0131\u011f\u0131nda da teknoloji her ge\u00e7en g\u00fcn geli\u015fmeye devam etmektedir. Kimi zaman ya\u015fa ba\u011fl\u0131 kimi zaman \u00e7e\u015fitli sa\u011fl\u0131k sorunlar\u0131 kimi zamansa \u00e7evresel etkenlerle di\u015f kay\u0131plar\u0131 en s\u0131k kar\u015f\u0131la\u015f\u0131lan sorunlardan birisidir. Di\u015f kayb\u0131 ise hangi ya\u015fta olursa olsun ki\u015finin ya\u015fam kalitesini do\u011frudan etkiler. Teknolojik olarak da her zaman kaybolan di\u015fler yerine do\u011fal\u0131na en yak\u0131n\u0131n\u0131 bulma aray\u0131\u015f\u0131 olmu\u015ftur. Tam da bu noktada geleneksel k\u00f6pr\u00fc ve protezlere k\u0131yasla implantlar hem konu\u015fma hem de \u00e7i\u011fneme fonksiyonunu daha iyi yerine getirmektedirler.<\/h6>\t\t<\/div>\n\t\t\t\t<\/div>\n\t\t\t\t<div class=\"elementor-element elementor-element-7bf8ae99 elementor-widget-divider--view-line elementor-widget elementor-widget-divider\" data-id=\"7bf8ae99\" data-element_type=\"widget\" data-widget_type=\"divider.default\">\n\t\t\t\t<div class=\"elementor-widget-container\">\n\t\t\t\t\t<div class=\"elementor-divider\">\n\t\t\t<span class=\"elementor-divider-separator\">\n\t\t\t\t\t\t<\/span>\n\t\t<\/div>\n\t\t\t\t<\/div>\n\t\t\t\t<\/div>\n\t\t\t\t<div class=\"elementor-element elementor-element-2a04e2d elementor-widget elementor-widget-heading\" data-id=\"2a04e2d\" data-element_type=\"widget\" data-widget_type=\"heading.default\">\n\t\t\t\t<div class=\"elementor-widget-container\">\n\t\t\t<h3 class=\"elementor-heading-title elementor-size-default\">\u0130mplant Di\u015f Tedavilerinin Avantajlar\u0131<\/h3>\t\t<\/div>\n\t\t\t\t<\/div>\n\t\t\t\t<div class=\"elementor-element elementor-element-3af51066 elementor-widget elementor-widget-heading\" data-id=\"3af51066\" data-element_type=\"widget\" data-widget_type=\"heading.default\">\n\t\t\t\t<div class=\"elementor-widget-container\">\n\t\t\t<h6 class=\"elementor-heading-title elementor-size-default\">\u0130mplant di\u015f tedavilerinde pek \u00e7ok avantaj\u0131 bir arada sunar. Bunlardan baz\u0131lar\u0131n\u0131 \u015f\u00f6yle s\u0131ralayabiliriz:\n\nUygulama yap\u0131l\u0131rken sa\u011fl\u0131kl\u0131 di\u015flere herhangi bir zarar verilmez.\nProtez di\u015flere nazaran daha uzun \u00f6m\u00fcrl\u00fc sonu\u00e7lar verir.\n\u00c7ene kemi\u011fine kaynar. Bu sayede yapay di\u015fler i\u00e7in sabit destek \u00f6zelli\u011fi g\u00f6sterir.\n\u0130mplantlara uygulanan protezlerin ve k\u00f6pr\u00fclerin a\u011f\u0131zda hareket etmesi s\u00f6z konusu de\u011fildir. Bu sayede tedavi sonras\u0131 konu\u015fma problemleri ya da \u00e7i\u011fneme problemleri olu\u015fmamaktad\u0131r.\n\u0130mplant tedavisinde di\u015fe g\u00f6re uygulama yap\u0131l\u0131r. Yani kaybedilen bir di\u015fin yerine yerle\u015ftirilir. B\u00f6ylece sa\u011flam di\u015flere k\u00f6pr\u00fc yap\u0131lmas\u0131 ve k\u00f6pr\u00fcyle sa\u011flam di\u015flerin kaybedilmesi \u00f6nlenir.<\/h6>\t\t<\/div>\n\t\t\t\t<\/div>\n\t\t\t\t\t<\/div>\n\t\t<\/div>\n\t\t\t\t\t\t\t<\/div>\n\t\t<\/section>\n\t\t\t\t\t\t\t<\/div>\n\t\t","protected":false},"excerpt":{"rendered":"<p>Dental \u0130mplant Kusursuz g\u00fcl\u00fcmsemeler i\u00e7in \u0130mplant Dental \u0130mplant \u0130mplant \u0130mplant hem di\u015f tedavilerinde kullan\u0131lan \u00e7e\u015fitli par\u00e7alar\u0131n genel ad\u0131d\u0131r hem de bir tedavi y\u00f6ntemidir. En temelde di\u015f etlerinin alt\u0131nda yer alan \u00e7ene kemi\u011fine cerrahi operasyonla yerle\u015ftirilen plak, \u00e7ivi ve vidalara verilen add\u0131r. Bunlar titanyumdan imal edilir ve insan v\u00fccuduna herhangi bir yan etkisi yoktur. Bu sayede [&hellip;]<\/p>\n","protected":false},"author":2,"featured_media":0,"parent":0,"menu_order":0,"comment_status":"closed","ping_status":"closed","template":"elementor_header_footer","meta":{"footnotes":""},"class_list":["post-124","page","type-page","status-publish","hentry"],"_links":{"self":[{"href":"https:\/\/dent.webcrix.com\/tema-8\/wp-json\/wp\/v2\/pages\/124","targetHints":{"allow":["GET"]}}],"collection":[{"href":"https:\/\/dent.webcrix.com\/tema-8\/wp-json\/wp\/v2\/pages"}],"about":[{"href":"https:\/\/dent.webcrix.com\/tema-8\/wp-json\/wp\/v2\/types\/page"}],"author":[{"embeddable":true,"href":"https:\/\/dent.webcrix.com\/tema-8\/wp-json\/wp\/v2\/users\/2"}],"replies":[{"embeddable":true,"href":"https:\/\/dent.webcrix.com\/tema-8\/wp-json\/wp\/v2\/comments?post=124"}],"version-history":[{"count":11,"href":"https:\/\/dent.webcrix.com\/tema-8\/wp-json\/wp\/v2\/pages\/124\/revisions"}],"predecessor-version":[{"id":417,"href":"https:\/\/dent.webcrix.com\/tema-8\/wp-json\/wp\/v2\/pages\/124\/revisions\/417"}],"wp:attachment":[{"href":"https:\/\/dent.webcrix.com\/tema-8\/wp-json\/wp\/v2\/media?parent=124"}],"curies":[{"name":"wp","href":"https:\/\/api.w.org\/{rel}","templated":true}]}}